{"id":3886,"date":"2016-04-16T07:05:07","date_gmt":"2016-04-16T05:05:07","guid":{"rendered":"http:\/\/klubmamgdynia.pl\/index.php\/produkt\/comansi-figurka-psi-patrol-piraci-zuma-y90185\/"},"modified":"2026-05-01T17:37:17","modified_gmt":"2026-05-01T15:37:17","slug":"comansi-figurka-psi-patrol-piraci-zuma-y90185","status":"publish","type":"product","link":"http:\/\/klubmamgdynia.pl\/index.php\/produkt\/comansi-figurka-psi-patrol-piraci-zuma-y90185\/","title":{"rendered":"Comansi Figurka Psi Patrol Piraci Zuma Y90185"},"content":{"rendered":"<p>COMANSI Psi Patrol Piraci &#8211; Zuma PirateY90185 6cm [FIGURKA]Stan produktuProdukt ORYGINALNY. Zupe\u0142nie nowy.Dzia\u0142: FIGURKALiczba no\u015bnik\u00f3w: [1xFIGURKA]SKU: 1606056<\/p>\n<h2>Comansi Figurka Psi Patrol Piraci Zuma Y90185 Comansi<\/h2>\n<p>zabawy na dzie\u0144 dziecka w szkole, prezent dla 7 latki, gad\u017cety dla m\u0142odzie\u017cy 2020, jak zrobi\u0107 laurk\u0119 dla babci, malowanki do druku, imi\u0119 iwo, karty pracy do druku za darmo, matylda imi\u0119, spongebob kolorowanka, kolorowanka lego friends, bajki z misiami, cytaty korczak, jeremi imi\u0119, kolorowanka antystresowa, bajka na dobranoc do czytania, zagadki matematyczne dla przedszkolak\u00f3w, bajka o smoku<\/p>\n<p>yyyyy<\/p>\n<p>&nbsp;<\/p>\n","protected":false},"excerpt":{"rendered":"<p>COMANSI Psi Patrol Piraci &#8211; Zuma PirateY90185 6cm [FIGURKA]Stan produktuProdukt ORYGINALNY. Zupe\u0142nie nowy.Dzia\u0142: FIGURKALiczba no\u015bnik\u00f3w: [1xFIGURKA]SKU: 1606056 Comansi Figurka Psi Patrol Piraci Zuma Y90185 Comansi zabawy na dzie\u0144 dziecka w szkole, prezent dla 7 latki, gad\u017cety dla m\u0142odzie\u017cy 2020, jak zrobi\u0107 laurk\u0119 dla babci, malowanki do druku, imi\u0119 iwo, karty pracy do druku za darmo, [&hellip;]<\/p>\n","protected":false},"featured_media":3887,"comment_status":"closed","ping_status":"open","template":"","meta":[],"product_cat":[1142,95],"product_tag":[617,644,640,665,620,586],"class_list":["post-3886","product","type-product","status-publish","has-post-thumbnail","hentry","product_cat-comansi","product_cat-figurki-makiety-i-zestawy","product_tag-keyword","product_tag-mia","product_tag-prezent-dla-rocznej-dziewczynki","product_tag-proste-zagadki","product_tag-quiz-opowiesci-z-narnii","product_tag-smieszne-zagadki"],"_links":{"self":[{"href":"http:\/\/klubmamgdynia.pl\/index.php\/wp-json\/wp\/v2\/product\/3886","targetHints":{"allow":["GET"]}}],"collection":[{"href":"http:\/\/klubmamgdynia.pl\/index.php\/wp-json\/wp\/v2\/product"}],"about":[{"href":"http:\/\/klubmamgdynia.pl\/index.php\/wp-json\/wp\/v2\/types\/product"}],"replies":[{"embeddable":true,"href":"http:\/\/klubmamgdynia.pl\/index.php\/wp-json\/wp\/v2\/comments?post=3886"}],"wp:featuredmedia":[{"embeddable":true,"href":"http:\/\/klubmamgdynia.pl\/index.php\/wp-json\/wp\/v2\/media\/3887"}],"wp:attachment":[{"href":"http:\/\/klubmamgdynia.pl\/index.php\/wp-json\/wp\/v2\/media?parent=3886"}],"wp:term":[{"taxonomy":"product_cat","embeddable":true,"href":"http:\/\/klubmamgdynia.pl\/index.php\/wp-json\/wp\/v2\/product_cat?post=3886"},{"taxonomy":"product_tag","embeddable":true,"href":"http:\/\/klubmamgdynia.pl\/index.php\/wp-json\/wp\/v2\/product_tag?post=3886"}],"curies":[{"name":"wp","href":"https:\/\/api.w.org\/{rel}","templated":true}]}}