{"id":3888,"date":"2017-03-26T07:35:31","date_gmt":"2017-03-26T05:35:31","guid":{"rendered":"http:\/\/klubmamgdynia.pl\/index.php\/produkt\/hasbro-nerf-n-strike-mega-bigshock-a9314\/"},"modified":"2026-04-08T12:31:51","modified_gmt":"2026-04-08T10:31:51","slug":"hasbro-nerf-n-strike-mega-bigshock-a9314","status":"publish","type":"product","link":"http:\/\/klubmamgdynia.pl\/index.php\/produkt\/hasbro-nerf-n-strike-mega-bigshock-a9314\/","title":{"rendered":"Hasbro Nerf N-Strike Mega Bigshock A9314"},"content":{"rendered":"<p>Hasbro Nerf N-Strike &#8211; Wyrzutnia MEGA Bigshock A9314MEGA BIGSHOCK to po\u0142\u0105czenie MEGA si\u0142y z kompaktowym rozmiarem! Ta jednostrza\u0142owa wyrzutnia to MEGA uderzenie,wygodne przenoszenie i \u0142atwe ukrycie podczas misji. Wyceluj i strzelaj \u015bwiszcz\u0105c\u0105 strza\u0142k\u0105 prosto do celu. Wyrzutnia ma magazynek, kt\u00f3ry pomie\u015bci jedn\u0105 MEGA strza\u0142k\u0119. Zestaw zawiera dwie \u015bwiszcz\u0105ce MEGA strza\u0142ki.                            <\/p>\n<p>ParametryPrzedzia\u0142 wiekowy\tOd 8 lat<br \/>\nWiek dziecka\t8-10, 11-12, 13+<br \/>\nP\u0142e\u0107\tCh\u0142opiec, Dziewczynka<br \/>\nWymiary opakowania\t20 x 19 x 5 cm<br \/>\nWaga (kg)\t0.2<\/p>\n<h2>Hasbro Nerf N-Strike Mega Bigshock A9314 Hasbro<\/h2>\n<p>proste zagadki logiczne, prezent dla nastolatek, zagadki dla przedszkolak\u00f3w, policja kolorowanka, mia, zagadki dla dzieci 4-5 lat, zaj\u0119cia wielkanocne dla dzieci, malowanie kamieni, wierszyk o marzannie, cicha noc po angielsku, wiersz na dobranoc dla dzieci, prezenty dla 7 latka, ksi\u0105\u017cka dla dzieci online, ach \u015bpij kochanie tekst, podchwytliwe zagadki dla dzieci, zagadki na logike, prezent dla nastolatk\u00f3w na \u015bwi\u0119ta, kr\u00f3tkie zagadki dla doros\u0142ych, prezent dla rocznej dziewczynki<\/p>\n<p>yyyyy<\/p>\n<p>&nbsp;<\/p>\n","protected":false},"excerpt":{"rendered":"<p>Hasbro Nerf N-Strike &#8211; Wyrzutnia MEGA Bigshock A9314MEGA BIGSHOCK to po\u0142\u0105czenie MEGA si\u0142y z kompaktowym rozmiarem! Ta jednostrza\u0142owa wyrzutnia to MEGA uderzenie,wygodne przenoszenie i \u0142atwe ukrycie podczas misji. Wyceluj i strzelaj \u015bwiszcz\u0105c\u0105 strza\u0142k\u0105 prosto do celu. Wyrzutnia ma magazynek, kt\u00f3ry pomie\u015bci jedn\u0105 MEGA strza\u0142k\u0119. Zestaw zawiera dwie \u015bwiszcz\u0105ce MEGA strza\u0142ki. ParametryPrzedzia\u0142 wiekowy Od 8 lat [&hellip;]<\/p>\n","protected":false},"featured_media":3889,"comment_status":"closed","ping_status":"open","template":"","meta":[],"product_cat":[129,40],"product_tag":[580,821,810,769,788],"class_list":["post-3888","product","type-product","status-publish","has-post-thumbnail","hentry","product_cat-hasbro","product_cat-zabawki-militarne","product_tag-janusz","product_tag-marianna","product_tag-nauka-zegara-do-druku","product_tag-psi-patrol-do-czytania","product_tag-zagadki-krotkie"],"_links":{"self":[{"href":"http:\/\/klubmamgdynia.pl\/index.php\/wp-json\/wp\/v2\/product\/3888","targetHints":{"allow":["GET"]}}],"collection":[{"href":"http:\/\/klubmamgdynia.pl\/index.php\/wp-json\/wp\/v2\/product"}],"about":[{"href":"http:\/\/klubmamgdynia.pl\/index.php\/wp-json\/wp\/v2\/types\/product"}],"replies":[{"embeddable":true,"href":"http:\/\/klubmamgdynia.pl\/index.php\/wp-json\/wp\/v2\/comments?post=3888"}],"wp:featuredmedia":[{"embeddable":true,"href":"http:\/\/klubmamgdynia.pl\/index.php\/wp-json\/wp\/v2\/media\/3889"}],"wp:attachment":[{"href":"http:\/\/klubmamgdynia.pl\/index.php\/wp-json\/wp\/v2\/media?parent=3888"}],"wp:term":[{"taxonomy":"product_cat","embeddable":true,"href":"http:\/\/klubmamgdynia.pl\/index.php\/wp-json\/wp\/v2\/product_cat?post=3888"},{"taxonomy":"product_tag","embeddable":true,"href":"http:\/\/klubmamgdynia.pl\/index.php\/wp-json\/wp\/v2\/product_tag?post=3888"}],"curies":[{"name":"wp","href":"https:\/\/api.w.org\/{rel}","templated":true}]}}