{"id":389,"date":"2013-11-03T07:04:37","date_gmt":"2013-11-03T06:04:37","guid":{"rendered":"http:\/\/klubmamgdynia.pl\/?post_type=product&#038;p=389"},"modified":"2026-04-21T03:46:03","modified_gmt":"2026-04-21T01:46:03","slug":"gagagu-ksiazeczka-sensoryczna-ogonki-ggg9787","status":"publish","type":"product","link":"http:\/\/klubmamgdynia.pl\/index.php\/produkt\/gagagu-ksiazeczka-sensoryczna-ogonki-ggg9787\/","title":{"rendered":"Gagagu Ksi\u0105\u017ceczka Sensoryczna Ogonki Ggg9787"},"content":{"rendered":"<p>Prz\u00f3d &#8211; ogony 3D wykonane z r\u00f3\u017cnych materia\u0142\u00f3w. Ty\u0142 &#8211; zwierz\u0119ta Pikaboo z odciskami \u0142ap pod spodem. Cechy produktu: dwustronna ksi\u0105\u017ceczka,kontrastowe kolory i wzory,ogonki zwierzak\u00f3w o r\u00f3\u017cnych kszta\u0142tach i wielko\u015bciach,klapki, pod kt\u00f3rymi kryj\u0105 si\u0119 odciski \u0142apek,brak element\u00f3w plastikowych,mo\u017cna \u0142\u0105czy\u0107 z innymi produktami z serii GaGaGu,d\u0142ugo\u015b\u0107 roz\u0142o\u017conej ksi\u0105\u017ceczki: ok. 60 cm,szer&#8230;<\/p>\n<h2>Gagagu Ksi\u0105\u017ceczka Sensoryczna Ogonki Ggg9787 TM Toys<\/h2>\n<p>piosenki dla dzieci o jesieni, wystawy dla dzieci warszawa, maski do druku kolorowe, narodziny dziecka cytat, kolorowanki pokemon, sporty po francusku, kajko i kokosz szko\u0142a latania test z odpowiedziami, zagadki dla 6 latka, li\u015bcie jesienne szablon, quiz o bajkach, proste zagadki<\/p>\n<p>yyyyy<\/p>\n<p>&nbsp;<\/p>\n","protected":false},"excerpt":{"rendered":"<p>Prz\u00f3d &#8211; ogony 3D wykonane z r\u00f3\u017cnych materia\u0142\u00f3w. Ty\u0142 &#8211; zwierz\u0119ta Pikaboo z odciskami \u0142ap pod spodem. Cechy produktu: dwustronna ksi\u0105\u017ceczka,kontrastowe kolory i wzory,ogonki zwierzak\u00f3w o r\u00f3\u017cnych kszta\u0142tach i wielko\u015bciach,klapki, pod kt\u00f3rymi kryj\u0105 si\u0119 odciski \u0142apek,brak element\u00f3w plastikowych,mo\u017cna \u0142\u0105czy\u0107 z innymi produktami z serii GaGaGu,d\u0142ugo\u015b\u0107 roz\u0142o\u017conej ksi\u0105\u017ceczki: ok. 60 cm,szer&#8230; Gagagu Ksi\u0105\u017ceczka Sensoryczna Ogonki Ggg9787 [&hellip;]<\/p>\n","protected":false},"featured_media":390,"comment_status":"closed","ping_status":"open","template":"","meta":[],"product_cat":[145,61],"product_tag":[834,744,595,872,698],"class_list":["post-389","product","type-product","status-publish","has-post-thumbnail","hentry","product_cat-tm-toys","product_cat-zabawki-edukacyjne-dla-niemowlat","product_tag-bajka-do-czytania-na-dobranoc","product_tag-kolorowanki-swiateczne-do-wydruku","product_tag-zagadki-dla-6-latka","product_tag-zagadki-dla-dzieci-6-lat","product_tag-zagadki-dla-przedszkolakow"],"_links":{"self":[{"href":"http:\/\/klubmamgdynia.pl\/index.php\/wp-json\/wp\/v2\/product\/389","targetHints":{"allow":["GET"]}}],"collection":[{"href":"http:\/\/klubmamgdynia.pl\/index.php\/wp-json\/wp\/v2\/product"}],"about":[{"href":"http:\/\/klubmamgdynia.pl\/index.php\/wp-json\/wp\/v2\/types\/product"}],"replies":[{"embeddable":true,"href":"http:\/\/klubmamgdynia.pl\/index.php\/wp-json\/wp\/v2\/comments?post=389"}],"wp:featuredmedia":[{"embeddable":true,"href":"http:\/\/klubmamgdynia.pl\/index.php\/wp-json\/wp\/v2\/media\/390"}],"wp:attachment":[{"href":"http:\/\/klubmamgdynia.pl\/index.php\/wp-json\/wp\/v2\/media?parent=389"}],"wp:term":[{"taxonomy":"product_cat","embeddable":true,"href":"http:\/\/klubmamgdynia.pl\/index.php\/wp-json\/wp\/v2\/product_cat?post=389"},{"taxonomy":"product_tag","embeddable":true,"href":"http:\/\/klubmamgdynia.pl\/index.php\/wp-json\/wp\/v2\/product_tag?post=389"}],"curies":[{"name":"wp","href":"https:\/\/api.w.org\/{rel}","templated":true}]}}