{"id":3890,"date":"2012-09-29T08:33:10","date_gmt":"2012-09-29T06:33:10","guid":{"rendered":"http:\/\/klubmamgdynia.pl\/index.php\/produkt\/berjuan-sukienka-biggers-crhissy-collins-30-cm\/"},"modified":"2026-04-28T16:23:09","modified_gmt":"2026-04-28T14:23:09","slug":"berjuan-sukienka-biggers-crhissy-collins-30-cm","status":"publish","type":"product","link":"http:\/\/klubmamgdynia.pl\/index.php\/produkt\/berjuan-sukienka-biggers-crhissy-collins-30-cm\/","title":{"rendered":"Berjuan Sukienka Biggers Crhissy Collins 30 Cm"},"content":{"rendered":"<p>Dzieci zas\u0142uguj\u0105 na to co najlepsze, dlatego przedstawiamy Ci Sukienka Berjuan Biggers Crhissy Collins 30 cm, idealny dla tych, kt\u00f3rzy szukaj\u0105 produkt\u00f3w wysokiej jako\u015bci dla dzieci! Zdob\u0105d\u017a Berjuan w najlepszych cenach!Zalecany Wiek: + 3 latZasilana bateriami: NieWymagany monta\u017c: NieRozmiar: 30 cmRodzaj: Ubrania dla lalek<\/p>\n<h2>Berjuan Sukienka Biggers Crhissy Collins 30 Cm Berjuan<\/h2>\n<p>na wyspach bergamuta, film rodzinny o \u015bwi\u0119tach, kolorowanka sky, paj\u0105czek na rowerze test, test z lektury asiunia joanna papuzi\u0144ska, co dla rocznego dziecka, dymitr, prezent dla nastolatk\u00f3w na \u015bwi\u0119ta, prezent na dzie\u0144 dziecka dla nastolatk\u00f3w, rodzina sentencja, kwiecie\u0144 plecie\u0144 wiersz<\/p>\n<p>yyyyy<\/p>\n<p>&nbsp;<\/p>\n","protected":false},"excerpt":{"rendered":"<p>Dzieci zas\u0142uguj\u0105 na to co najlepsze, dlatego przedstawiamy Ci Sukienka Berjuan Biggers Crhissy Collins 30 cm, idealny dla tych, kt\u00f3rzy szukaj\u0105 produkt\u00f3w wysokiej jako\u015bci dla dzieci! Zdob\u0105d\u017a Berjuan w najlepszych cenach!Zalecany Wiek: + 3 latZasilana bateriami: NieWymagany monta\u017c: NieRozmiar: 30 cmRodzaj: Ubrania dla lalek Berjuan Sukienka Biggers Crhissy Collins 30 Cm Berjuan na wyspach bergamuta, [&hellip;]<\/p>\n","protected":false},"featured_media":3891,"comment_status":"closed","ping_status":"open","template":"","meta":[],"product_cat":[943,50],"product_tag":[662,865,716,624,821,582],"class_list":["post-3890","product","type-product","status-publish","has-post-thumbnail","hentry","product_cat-berjuan","product_cat-ubranka-i-buty-dla-lalek","product_tag-bajki-na-dobranoc","product_tag-cytaty-o-dzieciach","product_tag-filmy-animowane-o-swietach","product_tag-krotkie-zagadki","product_tag-marianna","product_tag-nauka-pisania-literek-do-wydruku-pdf"],"_links":{"self":[{"href":"http:\/\/klubmamgdynia.pl\/index.php\/wp-json\/wp\/v2\/product\/3890","targetHints":{"allow":["GET"]}}],"collection":[{"href":"http:\/\/klubmamgdynia.pl\/index.php\/wp-json\/wp\/v2\/product"}],"about":[{"href":"http:\/\/klubmamgdynia.pl\/index.php\/wp-json\/wp\/v2\/types\/product"}],"replies":[{"embeddable":true,"href":"http:\/\/klubmamgdynia.pl\/index.php\/wp-json\/wp\/v2\/comments?post=3890"}],"wp:featuredmedia":[{"embeddable":true,"href":"http:\/\/klubmamgdynia.pl\/index.php\/wp-json\/wp\/v2\/media\/3891"}],"wp:attachment":[{"href":"http:\/\/klubmamgdynia.pl\/index.php\/wp-json\/wp\/v2\/media?parent=3890"}],"wp:term":[{"taxonomy":"product_cat","embeddable":true,"href":"http:\/\/klubmamgdynia.pl\/index.php\/wp-json\/wp\/v2\/product_cat?post=3890"},{"taxonomy":"product_tag","embeddable":true,"href":"http:\/\/klubmamgdynia.pl\/index.php\/wp-json\/wp\/v2\/product_tag?post=3890"}],"curies":[{"name":"wp","href":"https:\/\/api.w.org\/{rel}","templated":true}]}}