{"id":3892,"date":"2014-11-12T12:44:54","date_gmt":"2014-11-12T11:44:54","guid":{"rendered":"http:\/\/klubmamgdynia.pl\/index.php\/produkt\/adar-lalka-z-samochodem-541948\/"},"modified":"2026-04-20T10:37:04","modified_gmt":"2026-04-20T08:37:04","slug":"adar-lalka-z-samochodem-541948","status":"publish","type":"product","link":"http:\/\/klubmamgdynia.pl\/index.php\/produkt\/adar-lalka-z-samochodem-541948\/","title":{"rendered":"Adar Lalka z samochodem 541948"},"content":{"rendered":"<p>PROMOCJA &#8211; TANIA DOSTAWA ! &#8211; Lalka z samochodem 541948 ADAR &#8211; PACZKOMAT, POCZTA, KURIER<\/p>\n<h2>Adar Lalka z samochodem 541948 Adar<\/h2>\n<p>zimowe zagadki, kolorowanki uk\u0142ad s\u0142oneczny, gry dla nastolatk\u00f3w, jasmin imi\u0119, stare piosenki, jagna imi\u0119, poczytaj mi wiersz, \u015bmieszne zagadki z odpowiedziami, liwia imi\u0119, quizy za darmo, tekst ko\u0142ysanki, znaczenie imienia gabriel<\/p>\n<p>yyyyy<\/p>\n<p>&nbsp;<\/p>\n","protected":false},"excerpt":{"rendered":"<p>PROMOCJA &#8211; TANIA DOSTAWA ! &#8211; Lalka z samochodem 541948 ADAR &#8211; PACZKOMAT, POCZTA, KURIER Adar Lalka z samochodem 541948 Adar zimowe zagadki, kolorowanki uk\u0142ad s\u0142oneczny, gry dla nastolatk\u00f3w, jasmin imi\u0119, stare piosenki, jagna imi\u0119, poczytaj mi wiersz, \u015bmieszne zagadki z odpowiedziami, liwia imi\u0119, quizy za darmo, tekst ko\u0142ysanki, znaczenie imienia gabriel yyyyy &nbsp;<\/p>\n","protected":false},"featured_media":3893,"comment_status":"closed","ping_status":"open","template":"","meta":[],"product_cat":[175,65],"product_tag":[668,681,673],"class_list":["post-3892","product","type-product","status-publish","has-post-thumbnail","hentry","product_cat-adar","product_cat-lalki","product_tag-atrakcje-dla-dzieci-wroclaw","product_tag-flagi-europy-quiz","product_tag-juz-blisko-koleda-tekst"],"_links":{"self":[{"href":"http:\/\/klubmamgdynia.pl\/index.php\/wp-json\/wp\/v2\/product\/3892","targetHints":{"allow":["GET"]}}],"collection":[{"href":"http:\/\/klubmamgdynia.pl\/index.php\/wp-json\/wp\/v2\/product"}],"about":[{"href":"http:\/\/klubmamgdynia.pl\/index.php\/wp-json\/wp\/v2\/types\/product"}],"replies":[{"embeddable":true,"href":"http:\/\/klubmamgdynia.pl\/index.php\/wp-json\/wp\/v2\/comments?post=3892"}],"wp:featuredmedia":[{"embeddable":true,"href":"http:\/\/klubmamgdynia.pl\/index.php\/wp-json\/wp\/v2\/media\/3893"}],"wp:attachment":[{"href":"http:\/\/klubmamgdynia.pl\/index.php\/wp-json\/wp\/v2\/media?parent=3892"}],"wp:term":[{"taxonomy":"product_cat","embeddable":true,"href":"http:\/\/klubmamgdynia.pl\/index.php\/wp-json\/wp\/v2\/product_cat?post=3892"},{"taxonomy":"product_tag","embeddable":true,"href":"http:\/\/klubmamgdynia.pl\/index.php\/wp-json\/wp\/v2\/product_tag?post=3892"}],"curies":[{"name":"wp","href":"https:\/\/api.w.org\/{rel}","templated":true}]}}