{"id":3894,"date":"2011-04-20T09:00:34","date_gmt":"2011-04-20T07:00:34","guid":{"rendered":"http:\/\/klubmamgdynia.pl\/index.php\/produkt\/matadi-studio-fryzjerskie-zestaw-zaplatarka-warkoczy-zabawka\/"},"modified":"2026-04-05T09:33:40","modified_gmt":"2026-04-05T07:33:40","slug":"matadi-studio-fryzjerskie-zestaw-zaplatarka-warkoczy-zabawka","status":"publish","type":"product","link":"http:\/\/klubmamgdynia.pl\/index.php\/produkt\/matadi-studio-fryzjerskie-zestaw-zaplatarka-warkoczy-zabawka\/","title":{"rendered":"Matadi Studio Fryzjerskie Zestaw Zaplatarka Warkoczy &#8211; Zabawka"},"content":{"rendered":"<p>Zestaw FRYZJERSKI STUDIO ZAPLATARKA WARKOCZY + Alternatywnie Kreatywne Studio BransoletekZestaw do zaplatania warkoczyk\u00f3w, to znakomity prezent dla ka\u017cdej fanki fryzur. Z tym zestawem przysz\u0142a stylistka pozna wszystkie tajniki profesjonalnego studia fryzur.Zr\u00f3b swoj\u0105 wymarzon\u0105 fryzur\u0119. Uczesz siebie lub kole\u017cank\u0119 i stw\u00f3rz pi\u0119kn\u0105 fryzur\u0119. Zaplataj i ozdabiaj warkoczyki, jak prawdziwa fryzjerka.Od teraz zabawy ju\u017c nie b\u0119dzie ko\u0144ca!!Niezwyk\u0142y zestaw 2 w 1 z serii zabawek \u201ezr\u00f3b to sam\u201d, kt\u00f3ra wprowadzi Wasze dziecko w nieco inny, bardziej kreatywny wymiar zabawy.Dziecko mo\u017ce zdobi\u0107 warkocze gumkami, frotkami , koralikami lub wszystkim tym czym sobie wymarzyUmie\u015bci\u0107 kosmyki w\u0142os\u00f3w w rurkach zaplatacza,Nacisn\u0105\u0107 przycisk ,poczekaj i gotowe \ud83d\ude42 oryginalny warkocz zosta\u0142 zapleciony ! Nic prostszego !Zestaw uczy kreatywno\u015bci, rozwija zdolno\u015bci manualne i \u0107wiczy cierpliwo\u015b\u0107.Zestaw jest dedykowany dla dzieci od lat 5Zabawka zasilana jest bateriami typu 2 x 1,5v AA (brak w zestawie).Zawarto\u015b\u0107 zestawu- szczotka- manualna maszynka do zaplatania sznureczk\u00f3w,- elektryczna maszynka do zaplatania warkoczyk\u00f3w,- pakiet zapinanych koralik\u00f3w,- zestaw r\u00f3\u017cnorodnych koralik\u00f3w,- bogaty pakiet koralik\u00f3w do nawlekania na w\u0142osy,- zestaw 6 rodzaj\u00f3w kolorowych, bawe\u0142nianych sznureczk\u00f3w,- obrazkowa instrukcjaZestaw jest dedykowany dla dzieci od lat 5Zabawka zasilana jest bateriami typu 2 x 1,5v AA (brak w zestawie).1.Otw\u00f3rz pokryw\u0119 komory baterii za pomoc\u0105 \u015brubokr\u0119ta. Zainstaluj 2 baterie AA LR6. nast\u0119pnie zamknij j\u0105.2.Przymocowa\u0107 ko\u0144c\u00f3wki w\u0142os\u00f3w do ko\u0142k\u00f3w, naciskaj\u0105c i zwalniaj\u0105c zaciski.3. Naciska\u0107 przycisk w g\u00f3r\u0119, a\u017c ka\u017cda pojedynczy kosmyk stanie si\u0119 cienki4.Nast\u0119pnie naci\u015bnij w d\u00f3\u0142, aby skr\u0119ci\u0107 ka\u017cdy warkocz razem, a\u017c warkocz b\u0119dzie gotowy.5.Przytrzymaj i odsu\u0144 w\u0142osy ostro\u017cnie i zwi\u0105\u017c koniec gumk\u0105.6.Przymocuj gumk\u0119 do zako\u0144czonego warkocza.Zaplatarka ma 3 tryby :Prze\u0142\u0105cznik w G\u00f3r\u0119: obr\u00f3t wok\u00f3\u0142 ma\u0142ego rotatora\u015arodkowa pozycja: Wy\u0142\u0105czPrze\u0142\u0105cznik w d\u00f3\u0142: Du\u017cy rotator obraca si\u0119 wok\u00f3\u0142Warkocze mo\u017cna robi\u0107 na 3 mo\u017cliwe sposoby przeplatania 2,3 i 4 skr\u0119tneJak wykorzysta\u0107 projekty bi\u017cuterii:1. Zawi\u0105za\u0107 w\u0119ze\u0142 z wybranych nici i zrobi\u0107 w\u0119ze\u0142 oko\u0142o cala w d\u00f3\u0142 od g\u00f3ry nici.2. Na\u0142\u00f3\u017c na ni\u0107 koralik typu pony od strony niezawi\u0105zanego ko\u0144ca. Upewnij si\u0119, \u017ce koralik pony znajduje si\u0119 w \u015brodku nici.3.Wyprostuj nici i przyklej lu\u017ane elementy do p\u0142askiej powierzchni za pomoc\u0105 ta\u015bmy.4.Umie\u015b\u0107 nici na metalowym haczyku na maszynce do zaplatania w\u0142os\u00f3w, dziel\u0105c je na dwie cz\u0119\u015bci.5.Podnie\u015b warkocz, aby ni\u0107 si\u0119 napi\u0119\u0142a (nie ci\u0105gnij mocno)6. Trzymaj\u0105c warkocz lew\u0105 r\u0119k\u0105, zacznij kr\u0119ci\u0107 korb\u0105 na g\u00f3rze warkocza, przekr\u0119caj\u0105c j\u0105 w kierunku zgodnym z ruchem wskaz\u00f3wek zegara.7.Kontynuuj kr\u0119cenie korb\u0105 warkocza, a\u017c nici b\u0119d\u0105 ciasno zwini\u0119te8. Podnie\u015b lu\u017any koniec, kt\u00f3ry zosta\u0142 zaklejony ta\u015bm\u0105 i wyr\u00f3wnaj go z g\u00f3rn\u0105 cz\u0119\u015bci\u0105 zawi\u0105zanej nici, kt\u00f3ra znajduje si\u0119 na haczyku.9.Przesu\u0144 pony bead na \u015brodek spirali.10. Trzymaj\u0105c oba ko\u0144ce nici razem, pu\u015b\u0107 koralik pony. Obserwuj jak dwie spiralne nitki zwijaj\u0105 si\u0119 w warkocz! Aby rozci\u0105gn\u0105\u0107 warkocz poci\u0105gnij za koralik na dole.11.Przytrzymuj\u0105c oba ko\u0144ce nici, zdejmij nitk\u0119 z haczyka i zr\u00f3b w\u0119ze\u0142 z wszystkich kawa\u0142k\u00f3w nici.12. Teraz mo\u017cesz nosi\u0107 sw\u00f3j modny warkocz na w\u0142osach, u\u017cywaj\u0105c koralika z zatrzaskiem.<\/p>\n<h2>Matadi Studio Fryzjerskie Zestaw Zaplatarka Warkoczy &#8211; Zabawka <\/h2>\n<p>literki do pisania do druku, prezenty dla nastolatki, z\u0142ote my\u015bli pedagogiczne, lokomotywa kolorowanka, znaczenie imiona alan, sentencje o przyja\u017ani<\/p>\n<p>yyyyy<\/p>\n<p>&nbsp;<\/p>\n","protected":false},"excerpt":{"rendered":"<p>Zestaw FRYZJERSKI STUDIO ZAPLATARKA WARKOCZY + Alternatywnie Kreatywne Studio BransoletekZestaw do zaplatania warkoczyk\u00f3w, to znakomity prezent dla ka\u017cdej fanki fryzur. Z tym zestawem przysz\u0142a stylistka pozna wszystkie tajniki profesjonalnego studia fryzur.Zr\u00f3b swoj\u0105 wymarzon\u0105 fryzur\u0119. Uczesz siebie lub kole\u017cank\u0119 i stw\u00f3rz pi\u0119kn\u0105 fryzur\u0119. Zaplataj i ozdabiaj warkoczyki, jak prawdziwa fryzjerka.Od teraz zabawy ju\u017c nie b\u0119dzie ko\u0144ca!!Niezwyk\u0142y [&hellip;]<\/p>\n","protected":false},"featured_media":3895,"comment_status":"closed","ping_status":"open","template":"","meta":[],"product_cat":[53],"product_tag":[591,846,771,653],"class_list":["post-3894","product","type-product","status-publish","has-post-thumbnail","hentry","product_cat-kaciki-zabaw","product_tag-quiz-o-minecraft","product_tag-rysowanki","product_tag-stolice-europy-quiz","product_tag-warszawa-dla-dzieci"],"_links":{"self":[{"href":"http:\/\/klubmamgdynia.pl\/index.php\/wp-json\/wp\/v2\/product\/3894","targetHints":{"allow":["GET"]}}],"collection":[{"href":"http:\/\/klubmamgdynia.pl\/index.php\/wp-json\/wp\/v2\/product"}],"about":[{"href":"http:\/\/klubmamgdynia.pl\/index.php\/wp-json\/wp\/v2\/types\/product"}],"replies":[{"embeddable":true,"href":"http:\/\/klubmamgdynia.pl\/index.php\/wp-json\/wp\/v2\/comments?post=3894"}],"wp:featuredmedia":[{"embeddable":true,"href":"http:\/\/klubmamgdynia.pl\/index.php\/wp-json\/wp\/v2\/media\/3895"}],"wp:attachment":[{"href":"http:\/\/klubmamgdynia.pl\/index.php\/wp-json\/wp\/v2\/media?parent=3894"}],"wp:term":[{"taxonomy":"product_cat","embeddable":true,"href":"http:\/\/klubmamgdynia.pl\/index.php\/wp-json\/wp\/v2\/product_cat?post=3894"},{"taxonomy":"product_tag","embeddable":true,"href":"http:\/\/klubmamgdynia.pl\/index.php\/wp-json\/wp\/v2\/product_tag?post=3894"}],"curies":[{"name":"wp","href":"https:\/\/api.w.org\/{rel}","templated":true}]}}