{"id":3896,"date":"2013-05-27T04:29:13","date_gmt":"2013-05-27T02:29:13","guid":{"rendered":"http:\/\/klubmamgdynia.pl\/index.php\/produkt\/adar-traktor-z-napedem-526013\/"},"modified":"2026-05-01T15:42:08","modified_gmt":"2026-05-01T13:42:08","slug":"adar-traktor-z-napedem-526013","status":"publish","type":"product","link":"http:\/\/klubmamgdynia.pl\/index.php\/produkt\/adar-traktor-z-napedem-526013\/","title":{"rendered":"Adar Traktor z nap\u0119dem 526013"},"content":{"rendered":"<p>Traktor z nap\u0119dem na tylnie ko\u0142a.Zestaw posiada doczepian\u0105 maszyn\u0119 rolnicz\u0105.Nie jest zasilany bateriami.Zabawka jest zapakowana w pude\u0142ko z okienkiem.Wymiary opakowania: 47 x 11,5 x 15,5 cmWiek: 3+<\/p>\n<h2>Adar Traktor z nap\u0119dem 526013 Adar<\/h2>\n<p>pytania wielkanocne, kolorowanka \u015bwinka peppa, aniela znaczenie imienia, krotkie zagadki, zagadka logiczna, kolorowanka pieski, znaczenie imienia lilia, alfons<\/p>\n<p>yyyyy<\/p>\n<p>&nbsp;<\/p>\n","protected":false},"excerpt":{"rendered":"<p>Traktor z nap\u0119dem na tylnie ko\u0142a.Zestaw posiada doczepian\u0105 maszyn\u0119 rolnicz\u0105.Nie jest zasilany bateriami.Zabawka jest zapakowana w pude\u0142ko z okienkiem.Wymiary opakowania: 47 x 11,5 x 15,5 cmWiek: 3+ Adar Traktor z nap\u0119dem 526013 Adar pytania wielkanocne, kolorowanka \u015bwinka peppa, aniela znaczenie imienia, krotkie zagadki, zagadka logiczna, kolorowanka pieski, znaczenie imienia lilia, alfons yyyyy &nbsp;<\/p>\n","protected":false},"featured_media":3897,"comment_status":"closed","ping_status":"open","template":"","meta":[],"product_cat":[175,83],"product_tag":[700,671,856,635],"class_list":["post-3896","product","type-product","status-publish","has-post-thumbnail","hentry","product_cat-adar","product_cat-auta-i-inne-pojazdy-do-zabawy","product_tag-bajki-do-czytania-dla-dzieci","product_tag-cicha-noc-po-angielsku-tekst","product_tag-prezent-dla-16-latki","product_tag-znaki-drogowe-do-druku"],"_links":{"self":[{"href":"http:\/\/klubmamgdynia.pl\/index.php\/wp-json\/wp\/v2\/product\/3896","targetHints":{"allow":["GET"]}}],"collection":[{"href":"http:\/\/klubmamgdynia.pl\/index.php\/wp-json\/wp\/v2\/product"}],"about":[{"href":"http:\/\/klubmamgdynia.pl\/index.php\/wp-json\/wp\/v2\/types\/product"}],"replies":[{"embeddable":true,"href":"http:\/\/klubmamgdynia.pl\/index.php\/wp-json\/wp\/v2\/comments?post=3896"}],"wp:featuredmedia":[{"embeddable":true,"href":"http:\/\/klubmamgdynia.pl\/index.php\/wp-json\/wp\/v2\/media\/3897"}],"wp:attachment":[{"href":"http:\/\/klubmamgdynia.pl\/index.php\/wp-json\/wp\/v2\/media?parent=3896"}],"wp:term":[{"taxonomy":"product_cat","embeddable":true,"href":"http:\/\/klubmamgdynia.pl\/index.php\/wp-json\/wp\/v2\/product_cat?post=3896"},{"taxonomy":"product_tag","embeddable":true,"href":"http:\/\/klubmamgdynia.pl\/index.php\/wp-json\/wp\/v2\/product_tag?post=3896"}],"curies":[{"name":"wp","href":"https:\/\/api.w.org\/{rel}","templated":true}]}}