{"id":3898,"date":"2015-05-26T08:11:01","date_gmt":"2015-05-26T06:11:01","guid":{"rendered":"http:\/\/klubmamgdynia.pl\/index.php\/produkt\/adar-zestaw-kuchenny-524460-zabawka\/"},"modified":"2026-04-30T01:59:27","modified_gmt":"2026-04-29T23:59:27","slug":"adar-zestaw-kuchenny-524460-zabawka","status":"publish","type":"product","link":"http:\/\/klubmamgdynia.pl\/index.php\/produkt\/adar-zestaw-kuchenny-524460-zabawka\/","title":{"rendered":"Adar Zestaw Kuchenny 524460 &#8211; Zabawka"},"content":{"rendered":"<p>Zestaw akcesori\u00f3w kuchennych.Akcesoria w pi\u0119knym czerwonym kolorze.W zestawie: czajnik z pokrywk\u0105, \u0142opatki i inne akcesoria, paletnie i brytfanka.Wymiary opakowania: 31,5x24x8cmWiek: 3+&#8230;<\/p>\n<h2>Adar Zestaw Kuchenny 524460 &#8211; Zabawka Adar<\/h2>\n<p>\u015bmieszne zagadki logiczne, gad\u017cety dla nastolatki, cytat o rodzinie, \u015bwinka peppa dom, tr\u00f3jmiasto atrakcje dla dzieci, kolorowanka kotek do druku, kolorowanka dla dzieci, przyja\u017a\u0144 cytaty, podchwytliwe zagadki matematyczne, alfons<\/p>\n<p>yyyyy<\/p>\n<p>&nbsp;<\/p>\n","protected":false},"excerpt":{"rendered":"<p>Zestaw akcesori\u00f3w kuchennych.Akcesoria w pi\u0119knym czerwonym kolorze.W zestawie: czajnik z pokrywk\u0105, \u0142opatki i inne akcesoria, paletnie i brytfanka.Wymiary opakowania: 31,5x24x8cmWiek: 3+&#8230; Adar Zestaw Kuchenny 524460 &#8211; Zabawka Adar \u015bmieszne zagadki logiczne, gad\u017cety dla nastolatki, cytat o rodzinie, \u015bwinka peppa dom, tr\u00f3jmiasto atrakcje dla dzieci, kolorowanka kotek do druku, kolorowanka dla dzieci, przyja\u017a\u0144 cytaty, podchwytliwe zagadki [&hellip;]<\/p>\n","protected":false},"featured_media":3899,"comment_status":"closed","ping_status":"open","template":"","meta":[],"product_cat":[175,53],"product_tag":[865,781,579,586],"class_list":["post-3898","product","type-product","status-publish","has-post-thumbnail","hentry","product_cat-adar","product_cat-kaciki-zabaw","product_tag-cytaty-o-dzieciach","product_tag-cytaty-o-wychowaniu-dzieci","product_tag-quiz-opowiesci-z-narnii-lew-czarownica-i-stara-szafa","product_tag-smieszne-zagadki"],"_links":{"self":[{"href":"http:\/\/klubmamgdynia.pl\/index.php\/wp-json\/wp\/v2\/product\/3898","targetHints":{"allow":["GET"]}}],"collection":[{"href":"http:\/\/klubmamgdynia.pl\/index.php\/wp-json\/wp\/v2\/product"}],"about":[{"href":"http:\/\/klubmamgdynia.pl\/index.php\/wp-json\/wp\/v2\/types\/product"}],"replies":[{"embeddable":true,"href":"http:\/\/klubmamgdynia.pl\/index.php\/wp-json\/wp\/v2\/comments?post=3898"}],"wp:featuredmedia":[{"embeddable":true,"href":"http:\/\/klubmamgdynia.pl\/index.php\/wp-json\/wp\/v2\/media\/3899"}],"wp:attachment":[{"href":"http:\/\/klubmamgdynia.pl\/index.php\/wp-json\/wp\/v2\/media?parent=3898"}],"wp:term":[{"taxonomy":"product_cat","embeddable":true,"href":"http:\/\/klubmamgdynia.pl\/index.php\/wp-json\/wp\/v2\/product_cat?post=3898"},{"taxonomy":"product_tag","embeddable":true,"href":"http:\/\/klubmamgdynia.pl\/index.php\/wp-json\/wp\/v2\/product_tag?post=3898"}],"curies":[{"name":"wp","href":"https:\/\/api.w.org\/{rel}","templated":true}]}}