{"id":3900,"date":"2023-09-04T00:27:11","date_gmt":"2023-09-03T22:27:11","guid":{"rendered":"http:\/\/klubmamgdynia.pl\/?post_type=product&#038;p=3900"},"modified":"2026-05-17T22:06:43","modified_gmt":"2026-05-17T20:06:43","slug":"mocna-trutka-preparat-srodek-na-mrowki-az-4kg","status":"publish","type":"product","link":"http:\/\/klubmamgdynia.pl\/index.php\/produkt\/mocna-trutka-preparat-srodek-na-mrowki-az-4kg\/","title":{"rendered":"Mocna Trutka Preparat \u015arodek Na Mr\u00f3wki A\u017c 4Kg"},"content":{"rendered":"<p>STRONG \u015aRODEK NA MR\u00d3WKIGOTOWA DO U\u017bYCIA PRZYN\u0118TA W GRANULACIE NA MR\u00d3WKI 4 KG\u015aRODEK DO POSYPYWANIAZAB\u00d3JCZA DLA MR\u00d3WEK PRZYN\u0118TAwydajny &#8211; zwalcza nawet do 400 gniazd mr\u00f3wekskuteczny &#8211; likwiduje kr\u00f3low\u0105 wraz z ca\u0142\u0105 koloni\u0105szybki &#8211; efekty ju\u017c po 24h od zastosowania (mr\u00f3wki zaczynaj\u0105 pada\u0107 po 15-20 min. od kontaktu z trutk\u0105)wygodny &#8211; gotowy do u\u017cycia\u015brodek w granulacie: nie zbryla si\u0119, d\u0142u\u017cej zachowuje swoje w\u0142a\u015bciwo\u015bci, nie pyli si\u0119, jest bardziej odporny na warunki atmosferyczne, jest \u0142atwiejszy w dozowaniuPreparat owadob\u00f3jczy STRONG NA MR\u00d3WKI zwalczaj\u0105cy mr\u00f3wki w formie gotowej do u\u017cycia przyn\u0119ty w granulacie do posypywania.ZASTOSOWANIEPreparat STRONG NA MR\u00d3WKI mo\u017cna stosowa\u0107 w pomieszczeniach (domowych, biurowych, magazynach), na terenach przyleg\u0142ych do budynk\u00f3w (fundamenty) oraz na zewn\u0105trz pomieszcze\u0144: tarasy, balkony, podjazdy, chodniki, parkingi, gara\u017ce.Zalety \u015brodka na mr\u00f3wki STRONG w granulacie,w odr\u00f3\u017cnieniu od innych \u015brodk\u00f3w w formie proszku:d\u0142u\u017cej zachowuje swoje w\u0142a\u015bciwo\u015bcinie pyli si\u0119jest bardziej odporny na warunki atmosferycznenie zbryla si\u0119jest \u0142atwiejszy w dozowaniuSPOS\u00d3B U\u017bYCIAWidoczn\u0105 warstw\u0119 preparatu nale\u017cy usypa\u0107 na gnie\u017adzie, \u015bcie\u017cce w\u0119dr\u00f3wki owad\u00f3w w ilo\u015bci ok. 10 g. Produkt posiada w\u0142a\u015bciwo\u015bci owadob\u00f3jcze wobec mr\u00f3wek pod warunkiem, \u017ce nie zostanie usuni\u0119ty z miejsca jego zastosowania (np. na skutek niesprzyjaj\u0105cych warunk\u00f3w atmosferycznych). W przypadku usuni\u0119cia produktu STRONG NA MR\u00d3WKI z miejsca zastosowania lub w razie potrzeby (np. du\u017ca populacja mr\u00f3wek) zabieg nale\u017cy powt\u00f3rzy\u0107. W korzystnych warunkach pogodowych kolonie mr\u00f3wek ulegaj\u0105 ca\u0142kowitemu wygini\u0119ciu po ok. 15 dniach od zastosowania.sk\u0142ad: cypermetryna 0,5 g\/100 g, geraniol 0,01 g\/100 gnumer pozwolenia: 7655\/19Uwaga!Produkt biob\u00f3jczy nale\u017cy u\u017cywa\u0107 z zachowaniem szczeg\u00f3lnych \u015brodk\u00f3w ostro\u017cno\u015bci. Odpady opakowaniowe nale\u017cy utylizowa\u0107 zgodnie z przepisami lokalnymi, regionalnymi, krajowymi lub mi\u0119dzynarodowymi. Zabrania si\u0119 wykorzystywania opr\u00f3\u017cnionych opakowa\u0144 do innych cel\u00f3w (w tym jako surowc\u00f3w wt\u00f3rnych). Przed u\u017cyciem nale\u017cy przeczyta\u0107 etykiet\u0119 lub ulotk\u0119 informacyjn\u0105, aby zminimalizowa\u0107 ryzyko dla ludzi i \u015brodowiska.\u201ePrzed u\u017cyciem przeczytaj etykiet\u0119 lub za\u0142\u0105czon\u0105 ulotk\u0119 informacyjn\u0105\u201d.<\/p>\n<h2>Mocna Trutka Preparat \u015arodek Na Mr\u00f3wki A\u017c 4Kg Inny<\/h2>\n<p>kr\u00f3tkie bajki do czytania na dobranoc, quiz z ma\u0142ego ksi\u0119cia, zagadki dla dzieci 10 12 lat z odpowiedziami, alan imi\u0119, kanapki halloween, test magiczne drzewo czerwone krzes\u0142o, zagadki do rozwi\u0105zania, medrcy swiata, filmy disneya, tekst ko\u0142ysanki<\/p>\n<p>yyyyy<\/p>\n<p>&nbsp;<\/p>\n","protected":false},"excerpt":{"rendered":"<p>STRONG \u015aRODEK NA MR\u00d3WKIGOTOWA DO U\u017bYCIA PRZYN\u0118TA W GRANULACIE NA MR\u00d3WKI 4 KG\u015aRODEK DO POSYPYWANIAZAB\u00d3JCZA DLA MR\u00d3WEK PRZYN\u0118TAwydajny &#8211; zwalcza nawet do 400 gniazd mr\u00f3wekskuteczny &#8211; likwiduje kr\u00f3low\u0105 wraz z ca\u0142\u0105 koloni\u0105szybki &#8211; efekty ju\u017c po 24h od zastosowania (mr\u00f3wki zaczynaj\u0105 pada\u0107 po 15-20 min. od kontaktu z trutk\u0105)wygodny &#8211; gotowy do u\u017cycia\u015brodek w granulacie: [&hellip;]<\/p>\n","protected":false},"featured_media":3901,"comment_status":"closed","ping_status":"open","template":"","meta":[],"product_cat":[169,1141],"product_tag":[644,799,709,635],"class_list":["post-3900","product","type-product","status-publish","has-post-thumbnail","hentry","product_cat-inny","product_cat-srodki-ochrony-roslin","product_tag-mia","product_tag-zagadka-logiczna","product_tag-zagadki-dla-dzieci-6-7-lat","product_tag-znaki-drogowe-do-druku"],"_links":{"self":[{"href":"http:\/\/klubmamgdynia.pl\/index.php\/wp-json\/wp\/v2\/product\/3900","targetHints":{"allow":["GET"]}}],"collection":[{"href":"http:\/\/klubmamgdynia.pl\/index.php\/wp-json\/wp\/v2\/product"}],"about":[{"href":"http:\/\/klubmamgdynia.pl\/index.php\/wp-json\/wp\/v2\/types\/product"}],"replies":[{"embeddable":true,"href":"http:\/\/klubmamgdynia.pl\/index.php\/wp-json\/wp\/v2\/comments?post=3900"}],"wp:featuredmedia":[{"embeddable":true,"href":"http:\/\/klubmamgdynia.pl\/index.php\/wp-json\/wp\/v2\/media\/3901"}],"wp:attachment":[{"href":"http:\/\/klubmamgdynia.pl\/index.php\/wp-json\/wp\/v2\/media?parent=3900"}],"wp:term":[{"taxonomy":"product_cat","embeddable":true,"href":"http:\/\/klubmamgdynia.pl\/index.php\/wp-json\/wp\/v2\/product_cat?post=3900"},{"taxonomy":"product_tag","embeddable":true,"href":"http:\/\/klubmamgdynia.pl\/index.php\/wp-json\/wp\/v2\/product_tag?post=3900"}],"curies":[{"name":"wp","href":"https:\/\/api.w.org\/{rel}","templated":true}]}}