{"id":3902,"date":"2012-07-24T23:07:53","date_gmt":"2012-07-24T21:07:53","guid":{"rendered":"http:\/\/klubmamgdynia.pl\/index.php\/produkt\/bystra-sowa-swiat-kolorowych-obrazkow-w-oczach-dziecka\/"},"modified":"2026-04-28T12:29:47","modified_gmt":"2026-04-28T10:29:47","slug":"bystra-sowa-swiat-kolorowych-obrazkow-w-oczach-dziecka","status":"publish","type":"product","link":"http:\/\/klubmamgdynia.pl\/index.php\/produkt\/bystra-sowa-swiat-kolorowych-obrazkow-w-oczach-dziecka\/","title":{"rendered":"Bystra Sowa \u015awiat Kolorowych Obrazk\u00f3w W Oczach Dziecka"},"content":{"rendered":"<p>Ksi\u0105\u017ceczka ,,\u015awiat Kolorowych obrazk\u00f3w w oczach dziecka&#8221; zawiera specjalnie dobrane obrazki maj\u0105ce zwr\u00f3ci\u0107 uwag\u0119 maluszka. Zadaniem obrazk\u00f3w jest stymulowanie wzroku oraz zapoznanie si\u0119 z atrybutem danego obrazka (np. jego odg\u0142osem jaki wydaje, czym lub kim jest, co robi?).Obrazki s\u0105 uporz\u0105dkowane kategiorami:- zwierz\u0119ta domowe- owoce- \u015brodki transportu- zwierz\u0119ta wiejskie- cz\u0119\u015bci cia\u0142a- zabawki- emocje- inne<\/p>\n<h2>Bystra Sowa \u015awiat Kolorowych Obrazk\u00f3w W Oczach Dziecka <\/h2>\n<p>uk\u0142ad s\u0142oneczny dla dzieci, prezenty na roczek dla ch\u0142opca, test z lektury opowie\u015bci z narnii lew czarownica i stara szafa, jak narysowa\u0107, kolorowanki dla dziewczynek 10 lat, dobre \u017carty na prima aprilis, lol do druku, pomys\u0142 na prima aprilis, kr\u00f3tkie czytanki dla dzieci do wydruku, kolorowanki do druku dla doros\u0142ych, bajka o miko\u0142aju do czytania, kolorowanki psi patrol, test z dzieci z bullerbyn, test z lektury opowie\u015bci z narnii lew czarownica i stara szafa z odpowiedziami<\/p>\n<p>yyyyy<\/p>\n<p>&nbsp;<\/p>\n","protected":false},"excerpt":{"rendered":"<p>Ksi\u0105\u017ceczka ,,\u015awiat Kolorowych obrazk\u00f3w w oczach dziecka&#8221; zawiera specjalnie dobrane obrazki maj\u0105ce zwr\u00f3ci\u0107 uwag\u0119 maluszka. Zadaniem obrazk\u00f3w jest stymulowanie wzroku oraz zapoznanie si\u0119 z atrybutem danego obrazka (np. jego odg\u0142osem jaki wydaje, czym lub kim jest, co robi?).Obrazki s\u0105 uporz\u0105dkowane kategiorami:- zwierz\u0119ta domowe- owoce- \u015brodki transportu- zwierz\u0119ta wiejskie- cz\u0119\u015bci cia\u0142a- zabawki- emocje- inne Bystra Sowa [&hellip;]<\/p>\n","protected":false},"featured_media":3903,"comment_status":"closed","ping_status":"open","template":"","meta":[],"product_cat":[61],"product_tag":[765,851,842,718,694],"class_list":["post-3902","product","type-product","status-publish","has-post-thumbnail","hentry","product_cat-zabawki-edukacyjne-dla-niemowlat","product_tag-atrakcje-dla-dzieci-warszawa","product_tag-jak-narysowac-kota","product_tag-plac-zabaw-poznan","product_tag-prezent-na-roczek-dla-chrzesniaka","product_tag-zagadki-swiateczne-dla-dzieci"],"_links":{"self":[{"href":"http:\/\/klubmamgdynia.pl\/index.php\/wp-json\/wp\/v2\/product\/3902","targetHints":{"allow":["GET"]}}],"collection":[{"href":"http:\/\/klubmamgdynia.pl\/index.php\/wp-json\/wp\/v2\/product"}],"about":[{"href":"http:\/\/klubmamgdynia.pl\/index.php\/wp-json\/wp\/v2\/types\/product"}],"replies":[{"embeddable":true,"href":"http:\/\/klubmamgdynia.pl\/index.php\/wp-json\/wp\/v2\/comments?post=3902"}],"wp:featuredmedia":[{"embeddable":true,"href":"http:\/\/klubmamgdynia.pl\/index.php\/wp-json\/wp\/v2\/media\/3903"}],"wp:attachment":[{"href":"http:\/\/klubmamgdynia.pl\/index.php\/wp-json\/wp\/v2\/media?parent=3902"}],"wp:term":[{"taxonomy":"product_cat","embeddable":true,"href":"http:\/\/klubmamgdynia.pl\/index.php\/wp-json\/wp\/v2\/product_cat?post=3902"},{"taxonomy":"product_tag","embeddable":true,"href":"http:\/\/klubmamgdynia.pl\/index.php\/wp-json\/wp\/v2\/product_tag?post=3902"}],"curies":[{"name":"wp","href":"https:\/\/api.w.org\/{rel}","templated":true}]}}