{"id":3904,"date":"2023-03-24T02:39:12","date_gmt":"2023-03-24T01:39:12","guid":{"rendered":"http:\/\/klubmamgdynia.pl\/?post_type=product&#038;p=3904"},"modified":"2026-04-07T12:05:12","modified_gmt":"2026-04-07T10:05:12","slug":"hipo-ubranka-dla-lalek-2wz-pud","status":"publish","type":"product","link":"http:\/\/klubmamgdynia.pl\/index.php\/produkt\/hipo-ubranka-dla-lalek-2wz-pud\/","title":{"rendered":"Hipo Ubranka Dla Lalek 2Wz Pud."},"content":{"rendered":"<p>Zestaw ubranek dla lalek.Uwaga. Mix wzor\u00f3w \u2013 dost\u0119pne r\u00f3\u017cne wersje zestawu \u2013 wysy\u0142ka losowa. Cena dotyczy 1 zestawu.<\/p>\n<h2>Hipo Ubranka Dla Lalek 2Wz Pud. Hipo<\/h2>\n<p>zygzak mcqueen kolorowanka, quiz o polsce dla dzieci, pewna \u017caba by\u0142a s\u0142aba, \u017carty prima aprilis, atrakcje dla dzieci tr\u00f3jmiasto, aurora imi\u0119, bajka do czytania na dobranoc, prezenty na 1 roczek, \u0142\u00f3d\u017a atrakcje dla dzieci, piosenka dla mamy tekst, wiosenna kolorowanka, miko\u0142ajek test z lektury, kajko i kokosz test z lektury, flagi europy quiz, bajki dla dzieci na dobranoc do czytania, dzie\u0144 pluszowego misia, zabawy dla 7 latki<\/p>\n<p>yyyyy<\/p>\n<p>&nbsp;<\/p>\n","protected":false},"excerpt":{"rendered":"<p>Zestaw ubranek dla lalek.Uwaga. Mix wzor\u00f3w \u2013 dost\u0119pne r\u00f3\u017cne wersje zestawu \u2013 wysy\u0142ka losowa. Cena dotyczy 1 zestawu. Hipo Ubranka Dla Lalek 2Wz Pud. Hipo zygzak mcqueen kolorowanka, quiz o polsce dla dzieci, pewna \u017caba by\u0142a s\u0142aba, \u017carty prima aprilis, atrakcje dla dzieci tr\u00f3jmiasto, aurora imi\u0119, bajka do czytania na dobranoc, prezenty na 1 roczek, [&hellip;]<\/p>\n","protected":false},"featured_media":3905,"comment_status":"closed","ping_status":"open","template":"","meta":[],"product_cat":[310,50],"product_tag":[821,627,576,782,811],"class_list":["post-3904","product","type-product","status-publish","has-post-thumbnail","hentry","product_cat-hipo","product_cat-ubranka-i-buty-dla-lalek","product_tag-marianna","product_tag-quiz-dzieci-z-bullerbyn","product_tag-trudne-zagadki","product_tag-zagadki-dla-dzieci-z-odpowiedziami","product_tag-zagadki-logiczne-dla-dzieci"],"_links":{"self":[{"href":"http:\/\/klubmamgdynia.pl\/index.php\/wp-json\/wp\/v2\/product\/3904","targetHints":{"allow":["GET"]}}],"collection":[{"href":"http:\/\/klubmamgdynia.pl\/index.php\/wp-json\/wp\/v2\/product"}],"about":[{"href":"http:\/\/klubmamgdynia.pl\/index.php\/wp-json\/wp\/v2\/types\/product"}],"replies":[{"embeddable":true,"href":"http:\/\/klubmamgdynia.pl\/index.php\/wp-json\/wp\/v2\/comments?post=3904"}],"wp:featuredmedia":[{"embeddable":true,"href":"http:\/\/klubmamgdynia.pl\/index.php\/wp-json\/wp\/v2\/media\/3905"}],"wp:attachment":[{"href":"http:\/\/klubmamgdynia.pl\/index.php\/wp-json\/wp\/v2\/media?parent=3904"}],"wp:term":[{"taxonomy":"product_cat","embeddable":true,"href":"http:\/\/klubmamgdynia.pl\/index.php\/wp-json\/wp\/v2\/product_cat?post=3904"},{"taxonomy":"product_tag","embeddable":true,"href":"http:\/\/klubmamgdynia.pl\/index.php\/wp-json\/wp\/v2\/product_tag?post=3904"}],"curies":[{"name":"wp","href":"https:\/\/api.w.org\/{rel}","templated":true}]}}