{"id":3906,"date":"2021-02-06T03:27:56","date_gmt":"2021-02-06T02:27:56","guid":{"rendered":"http:\/\/klubmamgdynia.pl\/index.php\/produkt\/cobi-klocki-nato-aat-vehicle-desert-nano-pojazd-2244\/"},"modified":"2026-05-17T22:17:27","modified_gmt":"2026-05-17T20:17:27","slug":"cobi-klocki-nato-aat-vehicle-desert-nano-pojazd-2244","status":"publish","type":"product","link":"http:\/\/klubmamgdynia.pl\/index.php\/produkt\/cobi-klocki-nato-aat-vehicle-desert-nano-pojazd-2244\/","title":{"rendered":"Cobi Klocki Nato Aat Vehicle Desert Nano Pojazd 2244"},"content":{"rendered":"<p>Cobi Klocki Ma\u0142a Armia 42 elementy NATO AAT Vehicle Desert NanoSpe\u0142niaj\u0105cy wiele r\u00f3\u017cnych zada\u0144, pojazd ko\u0142owy o bardzo wysokiej mobilno\u015bci. Model ten jest inspirowany samochodem terenowym b\u0119d\u0105cy na standardowym wyposa\u017ceniu Armii Ameryka\u0144skiej i wi\u0119kszo\u015bci pa\u0144stw sojuszniczych USA. Wersja pojazdu odpowiada tej w malowaniu pustynnym, przeznaczonej do operacji w Afryce i na Bliskim Wschodzie.Pojazd z serii SMALL ARMY NANO posiada ruchome ko\u0142a oraz anten\u0119 radiow\u0105 ze specjalnego, elastycznego tworzywa. Okna pojazdu oraz detale przedniego nadwozia zosta\u0142y trwale nadrukowane na klocki.42 wysokiej jako\u015bci element\u00f3wWyprodukowane w UE przez firm\u0119 z ponad 20-letni\u0105 tradycj\u0105Spe\u0142niaj\u0105 normy bezpiecze\u0144stwa dotycz\u0105ce produkt\u00f3w dla dzieciW pe\u0142ni kompatybilne z innymi markami klock\u00f3w konstrukcyjnychKlocki z nadrukami nie odkszta\u0142caj\u0105 si\u0119 i nie bledn\u0105 w czasie zabawy czy pod wp\u0142ywem temperaturyCzytelna i intuicyjna instrukcja oparta na rysunkach i ikonachEAN:  5902251022440Gwarancja:  24 miesi\u0105ceKod dostawcy:  2244Nr katalogowy:  2244seria:  Small ArmyMarka:  Small ArmyWymagania wiekowe:  od 5 latP\u0142e\u0107:  Ch\u0142opcyLiczba element\u00f3w:  42Wymiary:  6 x 3 x 5 cmPozosta\u0142e parametry:  Wymiary opakowania: 13 x 3,7 x 10,5 cm<\/p>\n<h2>Cobi Klocki Nato Aat Vehicle Desert Nano Pojazd 2244 Cobi<\/h2>\n<p>znajd\u017a r\u00f3\u017cnice, znaki drogowe test online, mia imi\u0119, imi\u0119 nadia<\/p>\n<p>yyyyy<\/p>\n<p>&nbsp;<\/p>\n","protected":false},"excerpt":{"rendered":"<p>Cobi Klocki Ma\u0142a Armia 42 elementy NATO AAT Vehicle Desert NanoSpe\u0142niaj\u0105cy wiele r\u00f3\u017cnych zada\u0144, pojazd ko\u0142owy o bardzo wysokiej mobilno\u015bci. Model ten jest inspirowany samochodem terenowym b\u0119d\u0105cy na standardowym wyposa\u017ceniu Armii Ameryka\u0144skiej i wi\u0119kszo\u015bci pa\u0144stw sojuszniczych USA. Wersja pojazdu odpowiada tej w malowaniu pustynnym, przeznaczonej do operacji w Afryce i na Bliskim Wschodzie.Pojazd z serii [&hellip;]<\/p>\n","protected":false},"featured_media":3907,"comment_status":"closed","ping_status":"open","template":"","meta":[],"product_cat":[484,113],"product_tag":[765,859,744,746],"class_list":["post-3906","product","type-product","status-publish","has-post-thumbnail","hentry","product_cat-cobi","product_cat-klocki","product_tag-atrakcje-dla-dzieci-warszawa","product_tag-dobranoc-pchly-na-noc","product_tag-kolorowanki-swiateczne-do-wydruku","product_tag-zagadki-typu-co-to-jest"],"_links":{"self":[{"href":"http:\/\/klubmamgdynia.pl\/index.php\/wp-json\/wp\/v2\/product\/3906","targetHints":{"allow":["GET"]}}],"collection":[{"href":"http:\/\/klubmamgdynia.pl\/index.php\/wp-json\/wp\/v2\/product"}],"about":[{"href":"http:\/\/klubmamgdynia.pl\/index.php\/wp-json\/wp\/v2\/types\/product"}],"replies":[{"embeddable":true,"href":"http:\/\/klubmamgdynia.pl\/index.php\/wp-json\/wp\/v2\/comments?post=3906"}],"wp:featuredmedia":[{"embeddable":true,"href":"http:\/\/klubmamgdynia.pl\/index.php\/wp-json\/wp\/v2\/media\/3907"}],"wp:attachment":[{"href":"http:\/\/klubmamgdynia.pl\/index.php\/wp-json\/wp\/v2\/media?parent=3906"}],"wp:term":[{"taxonomy":"product_cat","embeddable":true,"href":"http:\/\/klubmamgdynia.pl\/index.php\/wp-json\/wp\/v2\/product_cat?post=3906"},{"taxonomy":"product_tag","embeddable":true,"href":"http:\/\/klubmamgdynia.pl\/index.php\/wp-json\/wp\/v2\/product_tag?post=3906"}],"curies":[{"name":"wp","href":"https:\/\/api.w.org\/{rel}","templated":true}]}}