{"id":3908,"date":"2015-07-24T11:14:17","date_gmt":"2015-07-24T09:14:17","guid":{"rendered":"http:\/\/klubmamgdynia.pl\/index.php\/produkt\/herpa-model-samochodu-038676-004-h0-audi-q2\/"},"modified":"2026-04-05T19:33:16","modified_gmt":"2026-04-05T17:33:16","slug":"herpa-model-samochodu-038676-004-h0-audi-q2","status":"publish","type":"product","link":"http:\/\/klubmamgdynia.pl\/index.php\/produkt\/herpa-model-samochodu-038676-004-h0-audi-q2\/","title":{"rendered":"Herpa Model Samochodu 038676-004 H0 Audi Q2"},"content":{"rendered":"<p>H0 Audi Q2, jab\u0142kowo-zielony metalikHerpa-gotowy model .Dane techniczne: Klasa wiekowa: Od 15 lat \u00b7 Model (Tabor kolejowy): Model samochodu \u00b7 Producent pojazdu: Audi \u00b7 Rodzaj modelu (Modelastwo kolejowe): gotowy model \u00b7 Skala modelarska: H0 \u00b7 Specyfikacja: Q2<\/p>\n<h2>Herpa Model Samochodu 038676-004 H0 Audi Q2 Herpa<\/h2>\n<p>zagadki slowne, jakie s\u0105 dary jesieni, \u015bwinka peppa kolorowanka, trudne zagadki, test lew czarownica i stara szafa, jakie s\u0105 dary jesieni, agroturystyka dla dzieci ze zwierz\u0119tami, smieszne zagadki, zimowe zagadki dla dzieci, park so\u0142acki, miko\u0142ajki 2021 warszawa, bajki do czytania dla 6 latka, roczek prezent, kolorowanki pieski, z\u0142ote my\u015bli o rodzinie, bajki do czytania psi patrol<\/p>\n<p>yyyyy<\/p>\n<p>&nbsp;<\/p>\n","protected":false},"excerpt":{"rendered":"<p>H0 Audi Q2, jab\u0142kowo-zielony metalikHerpa-gotowy model .Dane techniczne: Klasa wiekowa: Od 15 lat \u00b7 Model (Tabor kolejowy): Model samochodu \u00b7 Producent pojazdu: Audi \u00b7 Rodzaj modelu (Modelastwo kolejowe): gotowy model \u00b7 Skala modelarska: H0 \u00b7 Specyfikacja: Q2 Herpa Model Samochodu 038676-004 H0 Audi Q2 Herpa zagadki slowne, jakie s\u0105 dary jesieni, \u015bwinka peppa kolorowanka, trudne [&hellip;]<\/p>\n","protected":false},"featured_media":3909,"comment_status":"closed","ping_status":"open","template":"","meta":[],"product_cat":[1143,303],"product_tag":[864,784,580,797,799,733],"class_list":["post-3908","product","type-product","status-publish","has-post-thumbnail","hentry","product_cat-herpa","product_cat-kolekcjonerskie-modele-pojazdow","product_tag-basen-warszawa","product_tag-hymn-gorniczy","product_tag-janusz","product_tag-kiekrz","product_tag-zagadka-logiczna","product_tag-zarty-na-prima-aprilis"],"_links":{"self":[{"href":"http:\/\/klubmamgdynia.pl\/index.php\/wp-json\/wp\/v2\/product\/3908","targetHints":{"allow":["GET"]}}],"collection":[{"href":"http:\/\/klubmamgdynia.pl\/index.php\/wp-json\/wp\/v2\/product"}],"about":[{"href":"http:\/\/klubmamgdynia.pl\/index.php\/wp-json\/wp\/v2\/types\/product"}],"replies":[{"embeddable":true,"href":"http:\/\/klubmamgdynia.pl\/index.php\/wp-json\/wp\/v2\/comments?post=3908"}],"wp:featuredmedia":[{"embeddable":true,"href":"http:\/\/klubmamgdynia.pl\/index.php\/wp-json\/wp\/v2\/media\/3909"}],"wp:attachment":[{"href":"http:\/\/klubmamgdynia.pl\/index.php\/wp-json\/wp\/v2\/media?parent=3908"}],"wp:term":[{"taxonomy":"product_cat","embeddable":true,"href":"http:\/\/klubmamgdynia.pl\/index.php\/wp-json\/wp\/v2\/product_cat?post=3908"},{"taxonomy":"product_tag","embeddable":true,"href":"http:\/\/klubmamgdynia.pl\/index.php\/wp-json\/wp\/v2\/product_tag?post=3908"}],"curies":[{"name":"wp","href":"https:\/\/api.w.org\/{rel}","templated":true}]}}