{"id":3910,"date":"2022-08-11T01:50:14","date_gmt":"2022-08-10T23:50:14","guid":{"rendered":"http:\/\/klubmamgdynia.pl\/index.php\/produkt\/small-foot-design-zabawka-motoryczna-kolka-zebate-3397\/"},"modified":"2026-04-05T16:08:04","modified_gmt":"2026-04-05T14:08:04","slug":"small-foot-design-zabawka-motoryczna-kolka-zebate-3397","status":"publish","type":"product","link":"http:\/\/klubmamgdynia.pl\/index.php\/produkt\/small-foot-design-zabawka-motoryczna-kolka-zebate-3397\/","title":{"rendered":"Small Foot Design Zabawka Motoryczna \u201eK\u00f3\u0142ka Z\u0119bate\u201d 3397"},"content":{"rendered":"<p>Zabawka motoryczna K\u00f3\u0142ka z\u0119bate, sorter dla dzieciZabawka motoryczna K\u00f3\u0142ka z\u0119bate, sorter dla dzieci to zabawka, kt\u00f3ra zabierze Twoje dziecko w fascynuj\u0105cy \u015bwiat licznych dozna\u0144 czuciowych.&#8221;K\u00f3\u0142ka z\u0119bate&#8221; \u0142\u0105cz\u0105 w sobie zalety tradycyjnego sortera kszta\u0142t\u00f3w z zabawk\u0105 poprawiaj\u0105c\u0105 motoryk\u0119 dziecka. To znakomity pomys\u0142 na zabaw\u0119! Barwne elementy z drewna, w atrakcyjnych barwach, m. in. ko\u0142a z\u0119bate, mo\u017cna uk\u0142ada\u0107 jedno na drugim, a nast\u0119pnie wprawia\u0107 w ruch. Poza \u015bwiadomo\u015bci\u0105 form i kolor\u00f3w dziecko na w\u0142asn\u0105 r\u0119k\u0119 odkrywa \u015bwiat mechaniki, rz\u0105dz\u0105ce nim prawid\u0142a i ma okazj\u0119 odpowiednio je przetestowa\u0107, co z pewno\u015bci\u0105 wzbudzi jego zainteresowanie.Podstawowe korzy\u015bciG\u0142\u00f3wn\u0105 korzy\u015bci\u0105 z sortera w postaci k\u00f3\u0142ek z\u0119batych jest mo\u017cliwo\u015b\u0107 ich uk\u0142adania i przek\u0142adania oraz dobra zabawa. Wprawianie w ruch zabawki to dodatkowo atrakcyjne doznanie, dzi\u0119ki kt\u00f3remu dziecko jest coraz bardziej zainteresowane rzeczami, kt\u00f3re poruszaj\u0105 si\u0119. Jest to istotne dla jego rozwoju, dlatego warto zadba\u0107 aby dziecko mia\u0142o pod dostatkiem dozna\u0144 ruchowych i d\u017awi\u0119kowych.Dane techniczneWymiary: 27 x 9,5 x 7,5 cmWiek: 2+<\/p>\n<h2>Small Foot Design Zabawka Motoryczna \u201eK\u00f3\u0142ka Z\u0119bate\u201d 3397 Small Foot Design<\/h2>\n<p>nauka zegara, kolorowanki ninjago, alan imi\u0119, mapa polski do druku, jak narysowa\u0107 kr\u00f3lika, malowanki dla dziewczynek, prezenty dla 16 latki, warszawa atrakcje dla m\u0142odzie\u017cy, gry dla nastolatk\u00f3w, w uk\u0142adzie s\u0142onecznym, zak\u0142adka do ksi\u0105\u017cki szablon, wydarzenia dla dzieci warszawa, kolorowanki andrzejki do wydruku, krecik bajka, nauka pisania wyraz\u00f3w dla dzieci do druku pdf<\/p>\n<p>yyyyy<\/p>\n<p>&nbsp;<\/p>\n","protected":false},"excerpt":{"rendered":"<p>Zabawka motoryczna K\u00f3\u0142ka z\u0119bate, sorter dla dzieciZabawka motoryczna K\u00f3\u0142ka z\u0119bate, sorter dla dzieci to zabawka, kt\u00f3ra zabierze Twoje dziecko w fascynuj\u0105cy \u015bwiat licznych dozna\u0144 czuciowych.&#8221;K\u00f3\u0142ka z\u0119bate&#8221; \u0142\u0105cz\u0105 w sobie zalety tradycyjnego sortera kszta\u0142t\u00f3w z zabawk\u0105 poprawiaj\u0105c\u0105 motoryk\u0119 dziecka. To znakomity pomys\u0142 na zabaw\u0119! Barwne elementy z drewna, w atrakcyjnych barwach, m. in. ko\u0142a z\u0119bate, mo\u017cna [&hellip;]<\/p>\n","protected":false},"featured_media":3911,"comment_status":"closed","ping_status":"open","template":"","meta":[],"product_cat":[147,61],"product_tag":[676,610,689],"class_list":["post-3910","product","type-product","status-publish","has-post-thumbnail","hentry","product_cat-small-foot-design","product_cat-zabawki-edukacyjne-dla-niemowlat","product_tag-bursztynek","product_tag-co-na-prezent-dla-nastolatkow","product_tag-linda"],"_links":{"self":[{"href":"http:\/\/klubmamgdynia.pl\/index.php\/wp-json\/wp\/v2\/product\/3910","targetHints":{"allow":["GET"]}}],"collection":[{"href":"http:\/\/klubmamgdynia.pl\/index.php\/wp-json\/wp\/v2\/product"}],"about":[{"href":"http:\/\/klubmamgdynia.pl\/index.php\/wp-json\/wp\/v2\/types\/product"}],"replies":[{"embeddable":true,"href":"http:\/\/klubmamgdynia.pl\/index.php\/wp-json\/wp\/v2\/comments?post=3910"}],"wp:featuredmedia":[{"embeddable":true,"href":"http:\/\/klubmamgdynia.pl\/index.php\/wp-json\/wp\/v2\/media\/3911"}],"wp:attachment":[{"href":"http:\/\/klubmamgdynia.pl\/index.php\/wp-json\/wp\/v2\/media?parent=3910"}],"wp:term":[{"taxonomy":"product_cat","embeddable":true,"href":"http:\/\/klubmamgdynia.pl\/index.php\/wp-json\/wp\/v2\/product_cat?post=3910"},{"taxonomy":"product_tag","embeddable":true,"href":"http:\/\/klubmamgdynia.pl\/index.php\/wp-json\/wp\/v2\/product_tag?post=3910"}],"curies":[{"name":"wp","href":"https:\/\/api.w.org\/{rel}","templated":true}]}}