{"id":3916,"date":"2014-12-17T19:24:44","date_gmt":"2014-12-17T18:24:44","guid":{"rendered":"http:\/\/klubmamgdynia.pl\/index.php\/produkt\/bio-agris-protector-250ml\/"},"modified":"2026-04-23T03:29:51","modified_gmt":"2026-04-23T01:29:51","slug":"bio-agris-protector-250ml","status":"publish","type":"product","link":"http:\/\/klubmamgdynia.pl\/index.php\/produkt\/bio-agris-protector-250ml\/","title":{"rendered":"Bio Agris Protector 250ml"},"content":{"rendered":"<p>PROTECTOR to naturalny \u015brodek pochodzenia ro\u015blinnego do stosowania w uprawach ro\u015blin warzywniczych, sadowniczych i rolniczych jako protektant i adiuwant do agrochemikali\u00f3w.W ci\u0105gu godziny od zabiegu w \u015bwietle dziennym PROTECTOR polimeryzuje wi\u0105\u017c\u0105c agrochemikalia na powierzchni ro\u015blin. Powsta\u0142a b\u0142ona jest zwi\u0105zana z naturalnym woskiem pokrywaj\u0105cym ro\u015blin\u0119, jest elastyczna i powi\u0119ksza si\u0119 wraz ze wzrostem tkanek. B\u0142ona jest aktywna przez okres 7 \u2013 10 dni nastepnie ulega biodegradacji. Agrochemikalia na ro\u015blinie s\u0105 zabezpieczone przed negatywnym wp\u0142ywem czynnik\u00f3w \u015brodowiskowych poprzez zastosowanie PROTECTORA.- Poprawia skuteczno\u015b\u0107 agrochemikali\u00f3w- Intensyfikuje wykorzystanie nawoz\u00f3w dolistnych- Skutecznie ogranicza zmywanie agrochemikali\u00f3w przez deszcz lub deszczowanie (do 25 mm dziennie)- Ogranicza fitotoksyczno\u015b\u0107 niekt\u00f3rych agrochemikali\u00f3w- Ogranicza ordzawienie owoc\u00f3w- Redukuje ulatnianie i pienienie si\u0119 agrochemikali\u00f3w, nie zamarza i nie blokuje ko\u0144c\u00f3wek opryskiwaczy- Redukuje znoszenie kropel oprysku i chroni je przed wysuszeniem w wysokich temperaturachU\u017cycie PROTECTORA zmniejsza napi\u0119cie powierzchniowe ro\u015blin poprawiaj\u0105c dystrybucj\u0119 agrochemikali\u00f3w na li\u015bciu, szczeg\u00f3lnie na ro\u015blinach pokrytych woskiem (cebula, warzywa kapustne, rzepak) lub w\u0142oskami.\u201eZe \u015brodk\u00f3w ochrony ro\u015blin nale\u017cy korzysta\u0107 z zachowaniem bezpiecze\u0144stwa. Przed ka\u017cdym u\u017cyciem przeczytaj informacje zamieszczone w etykiecie i informacje dotycz\u0105ce produktu. Nale\u017cy zwr\u00f3ci\u0107 uwag\u0119 na szczeg\u00f3\u0142owe wskazania dotycz\u0105ce ryzyka. Nale\u017cy stosowa\u0107 si\u0119 do zasad bezpiecze\u0144stwa zawartych w etykiecie\u201d&#8221;W przypadku Produkt\u00f3w b\u0119d\u0105cych \u015brodkami ochrony ro\u015blin w rozumieniu ustawy o \u015brodkach ochrony ro\u015blin z dnia 8 marca 2013 r. (Dz.U. 2013 poz. 455 ze zm.) oraz rozporz\u0105dzenia nr 1107\/2009 (Dz.U. 2011 nr 284 poz. 1673 ze zm.), z\u0142o\u017cy\u0107 Zam\u00f3wienie oraz by\u0107 stron\u0105 Umowy Sprzeda\u017cy mog\u0105 jedynie Klienci b\u0119d\u0105cy osobami fizycznymi posiadaj\u0105cymi pe\u0142n\u0105 zdolno\u015b\u0107 do czynno\u015bci prawnych oraz posiadaj\u0105cymi kwalifikacje wymagane od os\u00f3b nabywaj\u0105cych \u015brodki ochrony ro\u015blin okre\u015blone w art. 28 ustawy o \u015brodkach ochrony ro\u015blin z dnia 8 marca 2013 r. (Dz.U. 2013 poz. 455 ze zm.).&#8221;<\/p>\n<h2>Bio Agris Protector 250ml <\/h2>\n<p>lol kolorowanka, g\u0142upie zagadki, co\u015b dla nastolatk\u00f3w, iwo imie, quiz o \u015bwi\u0119tach bo\u017cego narodzenia, wiersz o g\u00f3rniku, prezent dla 15 latki, list do \u015bw miko\u0142aja &#8212; wz\u00f3r, podchwytliwe zagadki dla dzieci, bajki na dobranoc psi patrol<\/p>\n<p>yyyyy<\/p>\n<p>&nbsp;<\/p>\n","protected":false},"excerpt":{"rendered":"<p>PROTECTOR to naturalny \u015brodek pochodzenia ro\u015blinnego do stosowania w uprawach ro\u015blin warzywniczych, sadowniczych i rolniczych jako protektant i adiuwant do agrochemikali\u00f3w.W ci\u0105gu godziny od zabiegu w \u015bwietle dziennym PROTECTOR polimeryzuje wi\u0105\u017c\u0105c agrochemikalia na powierzchni ro\u015blin. Powsta\u0142a b\u0142ona jest zwi\u0105zana z naturalnym woskiem pokrywaj\u0105cym ro\u015blin\u0119, jest elastyczna i powi\u0119ksza si\u0119 wraz ze wzrostem tkanek. B\u0142ona jest [&hellip;]<\/p>\n","protected":false},"featured_media":3917,"comment_status":"closed","ping_status":"open","template":"","meta":[],"product_cat":[1141],"product_tag":[603,839,683,594,814,615],"class_list":["post-3916","product","type-product","status-publish","has-post-thumbnail","hentry","product_cat-srodki-ochrony-roslin","product_tag-bajki-do-czytania","product_tag-bajki-na-dobranoc-do-czytania","product_tag-karaluchy-pod-poduchy","product_tag-podchwytliwe-zagadki-dla-dzieci","product_tag-prezenty-dla-nastolatek","product_tag-znane-misie-z-filmow-animowanych"],"_links":{"self":[{"href":"http:\/\/klubmamgdynia.pl\/index.php\/wp-json\/wp\/v2\/product\/3916","targetHints":{"allow":["GET"]}}],"collection":[{"href":"http:\/\/klubmamgdynia.pl\/index.php\/wp-json\/wp\/v2\/product"}],"about":[{"href":"http:\/\/klubmamgdynia.pl\/index.php\/wp-json\/wp\/v2\/types\/product"}],"replies":[{"embeddable":true,"href":"http:\/\/klubmamgdynia.pl\/index.php\/wp-json\/wp\/v2\/comments?post=3916"}],"wp:featuredmedia":[{"embeddable":true,"href":"http:\/\/klubmamgdynia.pl\/index.php\/wp-json\/wp\/v2\/media\/3917"}],"wp:attachment":[{"href":"http:\/\/klubmamgdynia.pl\/index.php\/wp-json\/wp\/v2\/media?parent=3916"}],"wp:term":[{"taxonomy":"product_cat","embeddable":true,"href":"http:\/\/klubmamgdynia.pl\/index.php\/wp-json\/wp\/v2\/product_cat?post=3916"},{"taxonomy":"product_tag","embeddable":true,"href":"http:\/\/klubmamgdynia.pl\/index.php\/wp-json\/wp\/v2\/product_tag?post=3916"}],"curies":[{"name":"wp","href":"https:\/\/api.w.org\/{rel}","templated":true}]}}