{"id":3918,"date":"2021-02-23T11:43:18","date_gmt":"2021-02-23T10:43:18","guid":{"rendered":"http:\/\/klubmamgdynia.pl\/index.php\/produkt\/masterkidz-skrzynia-led-sensoryczna-me04062\/"},"modified":"2026-04-29T12:18:24","modified_gmt":"2026-04-29T10:18:24","slug":"masterkidz-skrzynia-led-sensoryczna-me04062","status":"publish","type":"product","link":"http:\/\/klubmamgdynia.pl\/index.php\/produkt\/masterkidz-skrzynia-led-sensoryczna-me04062\/","title":{"rendered":"MASTERKIDZ Skrzynia LED Sensoryczna ME04062"},"content":{"rendered":"<p>MASTERKIDZ Panel Skrzynia LED Sensoryczna. Solidna drewniana skrzynka LED z bia\u0142ym \u015bwiat\u0142em renomowanej firmy Masterkidz. Umo\u017cliwia r\u00f3\u017cne rodzaje dzia\u0142a\u0144 wspieraj\u0105cych rozw\u00f3j kreatywno\u015bci np. mieszanie kolor\u00f3w oraz inne metody nauki systemem STEM.Pi\u0119kne efekty mo\u017cna uzyska\u0107, gdy \u015bwiat\u0142o przebija r\u00f3\u017cne materia\u0142y, takie jak li\u015bcie, papier, taca z piaskiem itp. Dzia\u0142a idealnie razem z kwadratow\u0105 tac\u0105 z piaskiem Masterkidz lub tac\u0105 z przezroczyst\u0105 wod\u0105 MasterkidzLight box NIE jest wodoodporny.Wykonany z drewna bukowego europejskiego i sklejki z rosyjskiej brzozy.D\u0142ugo\u015b\u0107 kabla wynosi 1,5 m.<\/p>\n<h2>MASTERKIDZ Skrzynia LED Sensoryczna ME04062 Masterkidz<\/h2>\n<p>z\u0142ote my\u015bli pedagogiczne, opisy o rodzinie, niespotykane imiona \u017ce\u0144skie, tupu tup po \u015bniegu tekst, maska batmana do druku, przyja\u017a\u0144 cytaty, bycie mam\u0105 cytaty, rozrywka dla dzieci, cytat na dzie\u0144 matki, kolorowanki do druku dla dziewczynek, pa\u0144stwa europy i ich stolice quiz, pierwsze urodziny prezent na roczek dla ch\u0142opca, kolorowanki lego ninjago, quiz o flagach europy<\/p>\n<p>yyyyy<\/p>\n<p>&nbsp;<\/p>\n","protected":false},"excerpt":{"rendered":"<p>MASTERKIDZ Panel Skrzynia LED Sensoryczna. Solidna drewniana skrzynka LED z bia\u0142ym \u015bwiat\u0142em renomowanej firmy Masterkidz. Umo\u017cliwia r\u00f3\u017cne rodzaje dzia\u0142a\u0144 wspieraj\u0105cych rozw\u00f3j kreatywno\u015bci np. mieszanie kolor\u00f3w oraz inne metody nauki systemem STEM.Pi\u0119kne efekty mo\u017cna uzyska\u0107, gdy \u015bwiat\u0142o przebija r\u00f3\u017cne materia\u0142y, takie jak li\u015bcie, papier, taca z piaskiem itp. Dzia\u0142a idealnie razem z kwadratow\u0105 tac\u0105 z piaskiem [&hellip;]<\/p>\n","protected":false},"featured_media":3919,"comment_status":"closed","ping_status":"open","template":"","meta":[],"product_cat":[1146,295],"product_tag":[697,862,616,782,633],"class_list":["post-3918","product","type-product","status-publish","has-post-thumbnail","hentry","product_cat-masterkidz","product_cat-pozostale-zabawki","product_tag-krotkie-bajki-do-czytania","product_tag-nasza-zima-zla-tekst","product_tag-test-mikolajek-25-pytan","product_tag-zagadki-dla-dzieci-z-odpowiedziami","product_tag-zagadki-z-odpowiedziami"],"_links":{"self":[{"href":"http:\/\/klubmamgdynia.pl\/index.php\/wp-json\/wp\/v2\/product\/3918","targetHints":{"allow":["GET"]}}],"collection":[{"href":"http:\/\/klubmamgdynia.pl\/index.php\/wp-json\/wp\/v2\/product"}],"about":[{"href":"http:\/\/klubmamgdynia.pl\/index.php\/wp-json\/wp\/v2\/types\/product"}],"replies":[{"embeddable":true,"href":"http:\/\/klubmamgdynia.pl\/index.php\/wp-json\/wp\/v2\/comments?post=3918"}],"wp:featuredmedia":[{"embeddable":true,"href":"http:\/\/klubmamgdynia.pl\/index.php\/wp-json\/wp\/v2\/media\/3919"}],"wp:attachment":[{"href":"http:\/\/klubmamgdynia.pl\/index.php\/wp-json\/wp\/v2\/media?parent=3918"}],"wp:term":[{"taxonomy":"product_cat","embeddable":true,"href":"http:\/\/klubmamgdynia.pl\/index.php\/wp-json\/wp\/v2\/product_cat?post=3918"},{"taxonomy":"product_tag","embeddable":true,"href":"http:\/\/klubmamgdynia.pl\/index.php\/wp-json\/wp\/v2\/product_tag?post=3918"}],"curies":[{"name":"wp","href":"https:\/\/api.w.org\/{rel}","templated":true}]}}