{"id":3920,"date":"2014-09-24T05:25:32","date_gmt":"2014-09-24T03:25:32","guid":{"rendered":"http:\/\/klubmamgdynia.pl\/index.php\/produkt\/ranok-creative-swiat-eksperymentow-dla-poczatkujacych\/"},"modified":"2026-04-30T09:36:08","modified_gmt":"2026-04-30T07:36:08","slug":"ranok-creative-swiat-eksperymentow-dla-poczatkujacych","status":"publish","type":"product","link":"http:\/\/klubmamgdynia.pl\/index.php\/produkt\/ranok-creative-swiat-eksperymentow-dla-poczatkujacych\/","title":{"rendered":"Ranok-Creative \u015awiat Eksperyment\u00f3w Dla Pocz\u0105tkuj\u0105cych"},"content":{"rendered":"<p>W tym zestawie zajmiemy si\u0119 zjawiskami z zakresu chemii, fizyki i przyrody \u0142\u0105cz\u0105c jak zawsze nauk\u0119 z wy\u015bmienit\u0105 zabaw\u0105.Dziecko korzystaj\u0105c z ilustrowanej instrukcji podczas przeprowadzania eksperyment\u00f3w pozna wiele ciekawostek dotycz\u0105cych otaczaj\u0105cego nas \u015bwiata. Szalka Petriego &#8211; Papierowe serwetki &#8211; Nasiona rze\u017cuchy &#8211; Plastikowy woreczek &#8211; Sznurek &#8211; Nasiona fasoli &#8211; Baloniki &#8211; Bibu\u0142a filtracyjna &#8211; Pipetka &#8211; Plastelina &#8211; Kulki styropianowe &#8211; Kawa\u0142ek we\u0142nianej tkaniny &#8211; Wyka\u0142aczki &#8211; P\u0119dzelek &#8211; Barwnik spo\u017cywczy &#8211; Wata &#8211; Pi\u0142eczka pingpongowa &#8211; S\u0142omka do napoj\u00f3w &#8211; Kubeczek z pokrywk\u0105 &#8211; Lupa &#8211; Lejek &#8211; Soda spo\u017cywcza &#8211; Gwasz &#8211; Szablon b\u0105czka &#8211; Szablon labiryntu &#8211; Szablon kwiatk\u00f3w &#8211; Szablon samolotu &#8211; Szablon do wykonania \u017cywego obrazka &#8211; Krochmal kukurydziany &#8211; \u0141y\u017ceczka &#8211; Okulary ochronne &#8211; Dok\u0142adna instrukcja NAZWA \u015aWIAT EKSPERYMENT\u00d3W DLA POCZ\u0104TKUJ\u0104CYCH PRODUCENT RANOK-CREATIVE WYMIARY 300 X 440 X 60 MM EAN 4823076131463 Znajd\u017a podobne wed\u0142ug klucza: RANOK-CREATIVE (259689)<\/p>\n<h2>Ranok-Creative \u015awiat Eksperyment\u00f3w Dla Pocz\u0105tkuj\u0105cych Inny<\/h2>\n<p>zagadki matematyczne dla przedszkolak\u00f3w, zagadki z odpowiedziami dla dzieci, narysowa\u0107 rysunki \u0142atwe, linda, miko\u0142ajkowe zabawy, gry i zabawy ruchowe, wzruszaj\u0105c\u0105 piosenka dla taty, fabian, oryginalny prezent na roczek, alan imi\u0119, \u017carty na prima aprilis dla rodzic\u00f3w, test narnia lew czarownica i stara szafa, imi\u0119 alan, wr\u00f3zby andrzejkowe dla dzieci, maski do wydruku, zagadki logiczne dla doros\u0142ych, nauka zegara do druku pdf<\/p>\n<p>yyyyy<\/p>\n<p>&nbsp;<\/p>\n","protected":false},"excerpt":{"rendered":"<p>W tym zestawie zajmiemy si\u0119 zjawiskami z zakresu chemii, fizyki i przyrody \u0142\u0105cz\u0105c jak zawsze nauk\u0119 z wy\u015bmienit\u0105 zabaw\u0105.Dziecko korzystaj\u0105c z ilustrowanej instrukcji podczas przeprowadzania eksperyment\u00f3w pozna wiele ciekawostek dotycz\u0105cych otaczaj\u0105cego nas \u015bwiata. Szalka Petriego &#8211; Papierowe serwetki &#8211; Nasiona rze\u017cuchy &#8211; Plastikowy woreczek &#8211; Sznurek &#8211; Nasiona fasoli &#8211; Baloniki &#8211; Bibu\u0142a filtracyjna &#8211; [&hellip;]<\/p>\n","protected":false},"featured_media":3921,"comment_status":"closed","ping_status":"open","template":"","meta":[],"product_cat":[169,72],"product_tag":[776,853,665,804],"class_list":["post-3920","product","type-product","status-publish","has-post-thumbnail","hentry","product_cat-inny","product_cat-mali-naukowcy","product_tag-dobrej-nocy","product_tag-kolorowanki-do-druku-dla-doroslych","product_tag-proste-zagadki","product_tag-ryz-z-owocami"],"_links":{"self":[{"href":"http:\/\/klubmamgdynia.pl\/index.php\/wp-json\/wp\/v2\/product\/3920","targetHints":{"allow":["GET"]}}],"collection":[{"href":"http:\/\/klubmamgdynia.pl\/index.php\/wp-json\/wp\/v2\/product"}],"about":[{"href":"http:\/\/klubmamgdynia.pl\/index.php\/wp-json\/wp\/v2\/types\/product"}],"replies":[{"embeddable":true,"href":"http:\/\/klubmamgdynia.pl\/index.php\/wp-json\/wp\/v2\/comments?post=3920"}],"wp:featuredmedia":[{"embeddable":true,"href":"http:\/\/klubmamgdynia.pl\/index.php\/wp-json\/wp\/v2\/media\/3921"}],"wp:attachment":[{"href":"http:\/\/klubmamgdynia.pl\/index.php\/wp-json\/wp\/v2\/media?parent=3920"}],"wp:term":[{"taxonomy":"product_cat","embeddable":true,"href":"http:\/\/klubmamgdynia.pl\/index.php\/wp-json\/wp\/v2\/product_cat?post=3920"},{"taxonomy":"product_tag","embeddable":true,"href":"http:\/\/klubmamgdynia.pl\/index.php\/wp-json\/wp\/v2\/product_tag?post=3920"}],"curies":[{"name":"wp","href":"https:\/\/api.w.org\/{rel}","templated":true}]}}