{"id":3922,"date":"2012-06-30T10:01:33","date_gmt":"2012-06-30T08:01:33","guid":{"rendered":"http:\/\/klubmamgdynia.pl\/index.php\/produkt\/masterkidz-mini-sudoku\/"},"modified":"2026-04-22T10:57:58","modified_gmt":"2026-04-22T08:57:58","slug":"masterkidz-mini-sudoku","status":"publish","type":"product","link":"http:\/\/klubmamgdynia.pl\/index.php\/produkt\/masterkidz-mini-sudoku\/","title":{"rendered":"Masterkidz Mini Sudoku"},"content":{"rendered":"<p>Uk\u0142adanie, dopasowywanie kszta\u0142t\u00f3w, kolor\u00f3w &#8211; odgrywa wa\u017cn\u0105 rol\u0119 w prawid\u0142owym rozwoju dziecka. Uk\u0142adanki s\u0105 niezwykle wa\u017cne i nale\u017cy ich poziom trudno\u015bci dopasowa\u0107 do wieku dzieckaCharakterystyka:- w zestawie znajduje si\u0119 16 klock\u00f3w z cyferkami od 1 do 4 &#8211; na jednych s\u0105 czerwone cyfry, a na pozosta\u0142ych czerwone na niebieskim tle- ma\u0142a i prosta wersja gry sudoku &#8211; plansza podzielona jest na cztery cz\u0119\u015bci &#8211; zadaniem dziecka na ka\u017cdej cz\u0119\u015bci jest u\u0142o\u017cenie cyferek od 1 do 4 (cyferki nie mog\u0105 si\u0119 powtarza\u0107 w rz\u0105dkach i kolumnach)- z ty\u0142u tablicy znajduje si\u0119 instrukcja gry w j\u0119zyku angielskim- w zestawie znajduje si\u0119 1 tabliczkaZabawka rozwija:- motoryk\u0119- sensoryk\u0119- koordynacj\u0119 wzrokowo-ruchow\u0105- wyobra\u017ani\u0119- koncentracj\u0119- ciekawo\u015b\u0107<\/p>\n<h2>Masterkidz Mini Sudoku Masterkidz<\/h2>\n<p>jan pawe\u0142 2 rysunek \u0142atwy dla dzieci, kolorowanki do druku pokemon, mira imi\u0119, maska do druku, p\u0142atki \u015bniegu szablon, p\u0142atki \u015bniegu szablon, spiderman kolorowanka, zagadki na dzie\u0144 przedszkolaka, prezent na \u015bwi\u0119ta dla nastolatka<\/p>\n<p>yyyyy<\/p>\n<p>&nbsp;<\/p>\n","protected":false},"excerpt":{"rendered":"<p>Uk\u0142adanie, dopasowywanie kszta\u0142t\u00f3w, kolor\u00f3w &#8211; odgrywa wa\u017cn\u0105 rol\u0119 w prawid\u0142owym rozwoju dziecka. Uk\u0142adanki s\u0105 niezwykle wa\u017cne i nale\u017cy ich poziom trudno\u015bci dopasowa\u0107 do wieku dzieckaCharakterystyka:- w zestawie znajduje si\u0119 16 klock\u00f3w z cyferkami od 1 do 4 &#8211; na jednych s\u0105 czerwone cyfry, a na pozosta\u0142ych czerwone na niebieskim tle- ma\u0142a i prosta wersja gry [&hellip;]<\/p>\n","protected":false},"featured_media":3923,"comment_status":"closed","ping_status":"open","template":"","meta":[],"product_cat":[130,1146],"product_tag":[863,685,617,624,795,796],"class_list":["post-3922","product","type-product","status-publish","has-post-thumbnail","hentry","product_cat-gry-dzieciece","product_cat-masterkidz","product_tag-bajki-dla-dziewczynek","product_tag-cytaty-o-rodzinie","product_tag-keyword","product_tag-krotkie-zagadki","product_tag-mini-zoo-warszawa","product_tag-zagatki"],"_links":{"self":[{"href":"http:\/\/klubmamgdynia.pl\/index.php\/wp-json\/wp\/v2\/product\/3922","targetHints":{"allow":["GET"]}}],"collection":[{"href":"http:\/\/klubmamgdynia.pl\/index.php\/wp-json\/wp\/v2\/product"}],"about":[{"href":"http:\/\/klubmamgdynia.pl\/index.php\/wp-json\/wp\/v2\/types\/product"}],"replies":[{"embeddable":true,"href":"http:\/\/klubmamgdynia.pl\/index.php\/wp-json\/wp\/v2\/comments?post=3922"}],"wp:featuredmedia":[{"embeddable":true,"href":"http:\/\/klubmamgdynia.pl\/index.php\/wp-json\/wp\/v2\/media\/3923"}],"wp:attachment":[{"href":"http:\/\/klubmamgdynia.pl\/index.php\/wp-json\/wp\/v2\/media?parent=3922"}],"wp:term":[{"taxonomy":"product_cat","embeddable":true,"href":"http:\/\/klubmamgdynia.pl\/index.php\/wp-json\/wp\/v2\/product_cat?post=3922"},{"taxonomy":"product_tag","embeddable":true,"href":"http:\/\/klubmamgdynia.pl\/index.php\/wp-json\/wp\/v2\/product_tag?post=3922"}],"curies":[{"name":"wp","href":"https:\/\/api.w.org\/{rel}","templated":true}]}}