{"id":3924,"date":"2020-12-31T20:12:36","date_gmt":"2020-12-31T19:12:36","guid":{"rendered":"http:\/\/klubmamgdynia.pl\/index.php\/produkt\/rozdrabniacz-do-galezi-greenso-wms304-weima\/"},"modified":"2026-05-17T22:20:34","modified_gmt":"2026-05-17T20:20:34","slug":"rozdrabniacz-do-galezi-greenso-wms304-weima","status":"publish","type":"product","link":"http:\/\/klubmamgdynia.pl\/index.php\/produkt\/rozdrabniacz-do-galezi-greenso-wms304-weima\/","title":{"rendered":"Rozdrabniacz Do Ga\u0142\u0119zi Greenso Wms304 Weima"},"content":{"rendered":"<p>Wydajny r\u0119bak spalinowy WMS304 o mocy 6 KM. Cechy: R\u0119bak spalinowy znajduje zastosowanie w przetwarzaniu odpad\u00f3w z przyci\u0119tych drzew, krzew\u00f3w oraz \u017cywop\u0142ot\u00f3w. Przygotowanie materia\u0142u np. do kompostownika, a tak\u017ce zr\u0119bki. Sprz\u0119t sprawdzi si\u0119 zar\u00f3wno w profesjonalnej, jak i amatorskiej obr\u00f3bce drewna. Nadaje si\u0119 do ga\u0142\u0119zi o maks. \u015brednicy 50 mm. Dane techniczne: Moc silnika 6 KM 4-suwowy. Moc znamionowa: 4,4 kW. Pojemno\u015b\u0107 silnika: 212 cm3. System ci\u0119cia: Stal szybkotnaca HHS. System rozruchu: r\u0119czny. Ilo\u015b\u0107 no\u017cy: 2 Pojemno\u015b\u0107 zbiornika paliwa: 3,6l. Waga: 86kg. Zbiornik paliwa ma pojemno\u015b\u0107 3,5 l, a zbiornik oleju 0,6 l. Spalanie wynosi 1,6 l\/h. R\u0119bak spalinowy jest zasilany benzyn\u0105 bezo\u0142owiow\u0105 \u2013 jednym z najpopularniejszych na rynku paliw. Torba na odpadki do\u0142\u0105czona w zestawie pozwala automatycznie zbiera\u0107 rozdrobnione ga\u0142\u0119zie prosto z otworu wylotowego. Dla u\u0142atwienia pracy rynn\u0119 wylotow\u0105 zako\u0144czono ko\u0144c\u00f3wk\u0105 odchylan\u0105 o 90\u00b0. Wysoka mobilno\u015b\u0107 sprz\u0119tu wynika z dw\u00f3ch pompowanych k\u00f3\u0142. Ca\u0142o\u015b\u0107 ma solidn\u0105 obudow\u0119 ze stali. R\u0119bak spalinowy HT-HECTOR 212T jest niezb\u0119dny wsz\u0119dzie tam, gdzie dba si\u0119 o ziele\u0144. Urz\u0105dzenie marki hillvert dost\u0119pne w oficjalnym salonie producenta sprawdzi si\u0119 przez wiele lat i w zawodowej, i prywatnej eksploatacji.<\/p>\n<h2>Rozdrabniacz Do Ga\u0142\u0119zi Greenso Wms304 Weima Greenso<\/h2>\n<p>postacie z bajek kolorowanki, kawa\u0142y na prima aprilis dla rodzic\u00f3w, proste \u017carty na prima aprilis, m\u00f3j przyjaciel mi\u015b scenariusz zaj\u0119\u0107 w przedszkolu, test z lektury opowie\u015bci z narnii lew czarownica i stara szafa, znaczenie imienia julian, quiz o tajemniczym ogrodzie, zagadki wielkanocne dla dzieci, basen warszawa, miastodzieci, imi\u0119 natan, irma, izabela imie, zagadki wiosenne dla dzieci, pa\u0144stwa miasta wz\u00f3r, \u017cyczenia wielkanocne dla dzieci kr\u00f3tkie, krzy\u017c\u00f3wki dla dzieci, krzy\u017c\u00f3wki dla dzieci do druku, zabawka na roczek, jak narysowa\u0107 sanie miko\u0142aja, pa\u0144stwa europy i ich stolice quiz<\/p>\n<p>yyyyy<\/p>\n<p>&nbsp;<\/p>\n","protected":false},"excerpt":{"rendered":"<p>Wydajny r\u0119bak spalinowy WMS304 o mocy 6 KM. Cechy: R\u0119bak spalinowy znajduje zastosowanie w przetwarzaniu odpad\u00f3w z przyci\u0119tych drzew, krzew\u00f3w oraz \u017cywop\u0142ot\u00f3w. Przygotowanie materia\u0142u np. do kompostownika, a tak\u017ce zr\u0119bki. Sprz\u0119t sprawdzi si\u0119 zar\u00f3wno w profesjonalnej, jak i amatorskiej obr\u00f3bce drewna. Nadaje si\u0119 do ga\u0142\u0119zi o maks. \u015brednicy 50 mm. Dane techniczne: Moc silnika 6 [&hellip;]<\/p>\n","protected":false},"featured_media":3925,"comment_status":"closed","ping_status":"open","template":"","meta":[],"product_cat":[1147,1148],"product_tag":[867,589,770,803,757],"class_list":["post-3924","product","type-product","status-publish","has-post-thumbnail","hentry","product_cat-greenso","product_cat-rozdrabniarki-do-galezi","product_tag-kolorowanki-dla-dziewczynek","product_tag-prezent-dla-rocznego-dziecka","product_tag-samolot-z-papieru","product_tag-szlaczki-do-druku","product_tag-test-z-lektury-ania-z-zielonego-wzgorza-klasa-6-z-odpowiedziami"],"_links":{"self":[{"href":"http:\/\/klubmamgdynia.pl\/index.php\/wp-json\/wp\/v2\/product\/3924","targetHints":{"allow":["GET"]}}],"collection":[{"href":"http:\/\/klubmamgdynia.pl\/index.php\/wp-json\/wp\/v2\/product"}],"about":[{"href":"http:\/\/klubmamgdynia.pl\/index.php\/wp-json\/wp\/v2\/types\/product"}],"replies":[{"embeddable":true,"href":"http:\/\/klubmamgdynia.pl\/index.php\/wp-json\/wp\/v2\/comments?post=3924"}],"wp:featuredmedia":[{"embeddable":true,"href":"http:\/\/klubmamgdynia.pl\/index.php\/wp-json\/wp\/v2\/media\/3925"}],"wp:attachment":[{"href":"http:\/\/klubmamgdynia.pl\/index.php\/wp-json\/wp\/v2\/media?parent=3924"}],"wp:term":[{"taxonomy":"product_cat","embeddable":true,"href":"http:\/\/klubmamgdynia.pl\/index.php\/wp-json\/wp\/v2\/product_cat?post=3924"},{"taxonomy":"product_tag","embeddable":true,"href":"http:\/\/klubmamgdynia.pl\/index.php\/wp-json\/wp\/v2\/product_tag?post=3924"}],"curies":[{"name":"wp","href":"https:\/\/api.w.org\/{rel}","templated":true}]}}