{"id":3926,"date":"2022-08-05T01:55:02","date_gmt":"2022-08-04T23:55:02","guid":{"rendered":"http:\/\/klubmamgdynia.pl\/index.php\/produkt\/masterkidz-cykl-zycia-pszczoly-edukacyjna-tablica-dla-dzieci\/"},"modified":"2026-04-29T07:09:59","modified_gmt":"2026-04-29T05:09:59","slug":"masterkidz-cykl-zycia-pszczoly-edukacyjna-tablica-dla-dzieci","status":"publish","type":"product","link":"http:\/\/klubmamgdynia.pl\/index.php\/produkt\/masterkidz-cykl-zycia-pszczoly-edukacyjna-tablica-dla-dzieci\/","title":{"rendered":"Masterkidz Cykl \u017bycia Pszczo\u0142y Edukacyjna Tablica Dla Dzieci"},"content":{"rendered":"<p>Tablice edukacyjne z serii &#8222;Cykl \u017bycia&#8221; to wspania\u0142e pomoce dydaktyczne, dzi\u0119ki kt\u00f3rym lekcje przyrody b\u0119d\u0105 du\u017co \u0142atwiejsze do przeprowadzenia, oraz ciekawsze zar\u00f3wno dla maluch\u00f3w, jak i dla wychowawc\u00f3w. Tablica &#8222;Cykl \u017bycia Pszcz\u00f3\u0142&#8221;, dzi\u0119ki dok\u0142adnemu przedstawieniu ka\u017cdego z etap\u00f3w \u017cycia pszcz\u00f3\u0142ek, pozwala w \u0142atwy i przyst\u0119pny spos\u00f3b przedstawi\u0107 dzieciom \u015bwiat tych ma\u0142ych, po\u017cytecznych owad\u00f3w.Tablica posiada pod\u015bwietlenie, dzi\u0119ki czemu dociekliwym oczom maluszk\u00f3w nie umknie \u017caden szczeg\u00f3\u0142, a ka\u017cdy z etap\u00f3w \u017cycia pszcz\u00f3\u0142ek b\u0119dzie m\u00f3g\u0142 by\u0107 dok\u0142adnie przeanalizowany. Jest to \u015bwietna pomoc dydaktyczna dla przedszkoli, szk\u00f3\u0142 podstawowych, oraz innych plac\u00f3wek edukacyjno-wychowawczych.Tablica wykonana zosta\u0142a w ca\u0142o\u015bci z drewna, dzi\u0119ki czemu jest to produkt ekologiczny. Kupuj\u0105c zabawki drewniane Masterkidz, dbasz o \u015brodowisko!Oferta zawiera jedn\u0105 tablic\u0119 przedstawiaj\u0105c\u0105 etapy \u017cycia pszcz\u00f3\u0142ek.Zabawka posiada pod\u015bwietlenie zasilane 2 bateriami AA.<\/p>\n<h2>Masterkidz Cykl \u017bycia Pszczo\u0142y Edukacyjna Tablica Dla Dzieci Masterkidz<\/h2>\n<p>nadia imi\u0119, fajne zagadki dla dzieci, zaczarowana zagroda &#8211; test, mia, prezent na 1 urodziny dla ch\u0142opca, gry dla m\u0142odzie\u017cy, ci\u0119\u017ckie zagadki, test z lektury opowie\u015bci z narnii lew czarownica i stara szafa, jak narysowa\u0107 psa, imi\u0119 adriana, co dla dziecka na roczek, kr\u00f3tkie \u017cyczenia wielkanocne dla dzieci, miko\u0142ajek &#8211; test z odpowiedziami, m\u0105dra my\u015bl na dobranoc, pikachu kolorowanka, bezwarunkowa mi\u0142o\u015b\u0107 do dziecka cytaty, jak narysowa\u0107 psa, my jeste\u015bmy krasnoludki tekst, szablony postacie do szopki do druku, maska karnawa\u0142owa pdf, co oznacza jordan<\/p>\n<p>yyyyy<\/p>\n<p>&nbsp;<\/p>\n","protected":false},"excerpt":{"rendered":"<p>Tablice edukacyjne z serii &#8222;Cykl \u017bycia&#8221; to wspania\u0142e pomoce dydaktyczne, dzi\u0119ki kt\u00f3rym lekcje przyrody b\u0119d\u0105 du\u017co \u0142atwiejsze do przeprowadzenia, oraz ciekawsze zar\u00f3wno dla maluch\u00f3w, jak i dla wychowawc\u00f3w. Tablica &#8222;Cykl \u017bycia Pszcz\u00f3\u0142&#8221;, dzi\u0119ki dok\u0142adnemu przedstawieniu ka\u017cdego z etap\u00f3w \u017cycia pszcz\u00f3\u0142ek, pozwala w \u0142atwy i przyst\u0119pny spos\u00f3b przedstawi\u0107 dzieciom \u015bwiat tych ma\u0142ych, po\u017cytecznych owad\u00f3w.Tablica posiada pod\u015bwietlenie, [&hellip;]<\/p>\n","protected":false},"featured_media":3927,"comment_status":"closed","ping_status":"open","template":"","meta":[],"product_cat":[1146,99],"product_tag":[676,610,642,835,659,849],"class_list":["post-3926","product","type-product","status-publish","has-post-thumbnail","hentry","product_cat-masterkidz","product_cat-zabawki-ekologiczne","product_tag-bursztynek","product_tag-co-na-prezent-dla-nastolatkow","product_tag-mia-imie","product_tag-radosc-dziecka-cytaty","product_tag-tupu-tup-po-sniegu-tekst","product_tag-zagadki-matematyczne-dla-dzieci"],"_links":{"self":[{"href":"http:\/\/klubmamgdynia.pl\/index.php\/wp-json\/wp\/v2\/product\/3926","targetHints":{"allow":["GET"]}}],"collection":[{"href":"http:\/\/klubmamgdynia.pl\/index.php\/wp-json\/wp\/v2\/product"}],"about":[{"href":"http:\/\/klubmamgdynia.pl\/index.php\/wp-json\/wp\/v2\/types\/product"}],"replies":[{"embeddable":true,"href":"http:\/\/klubmamgdynia.pl\/index.php\/wp-json\/wp\/v2\/comments?post=3926"}],"wp:featuredmedia":[{"embeddable":true,"href":"http:\/\/klubmamgdynia.pl\/index.php\/wp-json\/wp\/v2\/media\/3927"}],"wp:attachment":[{"href":"http:\/\/klubmamgdynia.pl\/index.php\/wp-json\/wp\/v2\/media?parent=3926"}],"wp:term":[{"taxonomy":"product_cat","embeddable":true,"href":"http:\/\/klubmamgdynia.pl\/index.php\/wp-json\/wp\/v2\/product_cat?post=3926"},{"taxonomy":"product_tag","embeddable":true,"href":"http:\/\/klubmamgdynia.pl\/index.php\/wp-json\/wp\/v2\/product_tag?post=3926"}],"curies":[{"name":"wp","href":"https:\/\/api.w.org\/{rel}","templated":true}]}}