{"id":3928,"date":"2017-10-31T08:50:41","date_gmt":"2017-10-31T07:50:41","guid":{"rendered":"http:\/\/klubmamgdynia.pl\/index.php\/produkt\/best-best-pest-granulat-na-mrowki-500g\/"},"modified":"2026-04-06T10:48:30","modified_gmt":"2026-04-06T08:48:30","slug":"best-best-pest-granulat-na-mrowki-500g","status":"publish","type":"product","link":"http:\/\/klubmamgdynia.pl\/index.php\/produkt\/best-best-pest-granulat-na-mrowki-500g\/","title":{"rendered":"Best Best-Pest Granulat Na Mr\u00f3wki 500G"},"content":{"rendered":"<p>BEST-PET GRANULAT NA MR\u00d3WKI 500gPreparat owadob\u00f3jczy w postaci granulowanej przyn\u0119ty gotowej do u\u017cycia, przeznaczony do zwalczania mr\u00f3wek.Likwiduje wszelkie gatunki mr\u00f3wek nachodz\u0105ce do budynk\u00f3w z zewn\u0105trz oraz bytuj\u0105ce w ich pobli\u017cu (na balkonach, tarasach, podjazdach, chodnikach i \u015bcie\u017ckach).Spos\u00f3b u\u017cycia:Rozsypa\u0107 r\u00f3wnomiernie widoczn\u0105 warstw\u0119 na powierzchni gniazda i na \u015bcie\u017ckach, kt\u00f3rymi w\u0119druj\u0105 owady.Wewn\u0105trz pomieszcze\u0144 wysypa\u0107 niewielk\u0105 ilo\u015b\u0107 preparatu na tacki lub wieczka od s\u0142oik\u00f3w i rozstawi\u0107 w miejscach gromadzenia si\u0119 mr\u00f3wek oraz na \u015bcie\u017ckach ich przebiegu.Dawkowanie:10 g preparatu na 1 m2 powierzchni, na kt\u00f3rej bytuj\u0105 mr\u00f3wki lub na 1 gniazdo mr\u00f3wek.W przypadku zawilgocenia wy\u0142o\u017cy\u0107 \u015bwie\u017c\u0105 porcje preparatu.Czas od zastosowania do uzyskania skutku biob\u00f3jczego: dzia\u0142anie natychmiastowe, pe\u0142en efekt nast\u0119puje po 48 godzinach od zastosowania.<\/p>\n<h2>Best Best-Pest Granulat Na Mr\u00f3wki 500G Best<\/h2>\n<p>kolorowanki do druku dla doros\u0142ych, miriam imi\u0119, \u0142amig\u0142\u00f3wki dla dzieci do druku, zagadki dla doros\u0142ych z odpowiedziami, kolorowanka kotek<\/p>\n<p>yyyyy<\/p>\n<p>&nbsp;<\/p>\n","protected":false},"excerpt":{"rendered":"<p>BEST-PET GRANULAT NA MR\u00d3WKI 500gPreparat owadob\u00f3jczy w postaci granulowanej przyn\u0119ty gotowej do u\u017cycia, przeznaczony do zwalczania mr\u00f3wek.Likwiduje wszelkie gatunki mr\u00f3wek nachodz\u0105ce do budynk\u00f3w z zewn\u0105trz oraz bytuj\u0105ce w ich pobli\u017cu (na balkonach, tarasach, podjazdach, chodnikach i \u015bcie\u017ckach).Spos\u00f3b u\u017cycia:Rozsypa\u0107 r\u00f3wnomiernie widoczn\u0105 warstw\u0119 na powierzchni gniazda i na \u015bcie\u017ckach, kt\u00f3rymi w\u0119druj\u0105 owady.Wewn\u0105trz pomieszcze\u0144 wysypa\u0107 niewielk\u0105 ilo\u015b\u0107 preparatu [&hellip;]<\/p>\n","protected":false},"featured_media":3929,"comment_status":"closed","ping_status":"open","template":"","meta":[],"product_cat":[1149,1141],"product_tag":[781,859,828,652,756],"class_list":["post-3928","product","type-product","status-publish","has-post-thumbnail","hentry","product_cat-best","product_cat-srodki-ochrony-roslin","product_tag-cytaty-o-wychowaniu-dzieci","product_tag-dobranoc-pchly-na-noc","product_tag-filmy-wigilijne-dla-dzieci","product_tag-otto","product_tag-zaproszenie-na-urodziny-do-druku"],"_links":{"self":[{"href":"http:\/\/klubmamgdynia.pl\/index.php\/wp-json\/wp\/v2\/product\/3928","targetHints":{"allow":["GET"]}}],"collection":[{"href":"http:\/\/klubmamgdynia.pl\/index.php\/wp-json\/wp\/v2\/product"}],"about":[{"href":"http:\/\/klubmamgdynia.pl\/index.php\/wp-json\/wp\/v2\/types\/product"}],"replies":[{"embeddable":true,"href":"http:\/\/klubmamgdynia.pl\/index.php\/wp-json\/wp\/v2\/comments?post=3928"}],"wp:featuredmedia":[{"embeddable":true,"href":"http:\/\/klubmamgdynia.pl\/index.php\/wp-json\/wp\/v2\/media\/3929"}],"wp:attachment":[{"href":"http:\/\/klubmamgdynia.pl\/index.php\/wp-json\/wp\/v2\/media?parent=3928"}],"wp:term":[{"taxonomy":"product_cat","embeddable":true,"href":"http:\/\/klubmamgdynia.pl\/index.php\/wp-json\/wp\/v2\/product_cat?post=3928"},{"taxonomy":"product_tag","embeddable":true,"href":"http:\/\/klubmamgdynia.pl\/index.php\/wp-json\/wp\/v2\/product_tag?post=3928"}],"curies":[{"name":"wp","href":"https:\/\/api.w.org\/{rel}","templated":true}]}}