{"id":3930,"date":"2019-03-24T04:35:00","date_gmt":"2019-03-24T03:35:00","guid":{"rendered":"http:\/\/klubmamgdynia.pl\/index.php\/produkt\/koma-pielucha-tetrowa-dekorowana-kraby\/"},"modified":"2026-05-17T22:06:41","modified_gmt":"2026-05-17T20:06:41","slug":"koma-pielucha-tetrowa-dekorowana-kraby","status":"publish","type":"product","link":"http:\/\/klubmamgdynia.pl\/index.php\/produkt\/koma-pielucha-tetrowa-dekorowana-kraby\/","title":{"rendered":"Koma Pielucha Tetrowa Dekorowana Kraby"},"content":{"rendered":"<p>Domy\u015blny opis kr\u00f3tki<\/p>\n<h2>Koma Pielucha Tetrowa Dekorowana Kraby KOMA<\/h2>\n<p>ma\u0142y ksi\u0105\u017c\u0119 cytaty o mi\u0142o\u015bci, mi\u0142osz imi\u0119, zabawy dla 10 latk\u00f3w, test z opowie\u015bci z narnii, cytat z ma\u0142ego ksi\u0119cia o przyja\u017ani<\/p>\n<p>yyyyy<\/p>\n<p>&nbsp;<\/p>\n","protected":false},"excerpt":{"rendered":"<p>Domy\u015blny opis kr\u00f3tki Koma Pielucha Tetrowa Dekorowana Kraby KOMA ma\u0142y ksi\u0105\u017c\u0119 cytaty o mi\u0142o\u015bci, mi\u0142osz imi\u0119, zabawy dla 10 latk\u00f3w, test z opowie\u015bci z narnii, cytat z ma\u0142ego ksi\u0119cia o przyja\u017ani yyyyy &nbsp;<\/p>\n","protected":false},"featured_media":3931,"comment_status":"closed","ping_status":"open","template":"","meta":[],"product_cat":[1128,17],"product_tag":[817,828,790,744,717,607],"class_list":["post-3930","product","type-product","status-publish","has-post-thumbnail","hentry","product_cat-koma","product_cat-pieluchy","product_tag-bajka-terapeutyczna-o-emocjach","product_tag-filmy-wigilijne-dla-dzieci","product_tag-gry-planszowe-dla-nastolatkow","product_tag-kolorowanki-swiateczne-do-wydruku","product_tag-prezent-roczek","product_tag-zarty-na-prima-aprilis-dla-rodzicow"],"_links":{"self":[{"href":"http:\/\/klubmamgdynia.pl\/index.php\/wp-json\/wp\/v2\/product\/3930","targetHints":{"allow":["GET"]}}],"collection":[{"href":"http:\/\/klubmamgdynia.pl\/index.php\/wp-json\/wp\/v2\/product"}],"about":[{"href":"http:\/\/klubmamgdynia.pl\/index.php\/wp-json\/wp\/v2\/types\/product"}],"replies":[{"embeddable":true,"href":"http:\/\/klubmamgdynia.pl\/index.php\/wp-json\/wp\/v2\/comments?post=3930"}],"wp:featuredmedia":[{"embeddable":true,"href":"http:\/\/klubmamgdynia.pl\/index.php\/wp-json\/wp\/v2\/media\/3931"}],"wp:attachment":[{"href":"http:\/\/klubmamgdynia.pl\/index.php\/wp-json\/wp\/v2\/media?parent=3930"}],"wp:term":[{"taxonomy":"product_cat","embeddable":true,"href":"http:\/\/klubmamgdynia.pl\/index.php\/wp-json\/wp\/v2\/product_cat?post=3930"},{"taxonomy":"product_tag","embeddable":true,"href":"http:\/\/klubmamgdynia.pl\/index.php\/wp-json\/wp\/v2\/product_tag?post=3930"}],"curies":[{"name":"wp","href":"https:\/\/api.w.org\/{rel}","templated":true}]}}