{"id":3932,"date":"2022-05-08T05:08:24","date_gmt":"2022-05-08T03:08:24","guid":{"rendered":"http:\/\/klubmamgdynia.pl\/index.php\/produkt\/dr-max-pieluchomajtki-bebelo-pants-5-junior-11-20kg-38szt\/"},"modified":"2026-04-06T19:11:10","modified_gmt":"2026-04-06T17:11:10","slug":"dr-max-pieluchomajtki-bebelo-pants-5-junior-11-20kg-38szt","status":"publish","type":"product","link":"http:\/\/klubmamgdynia.pl\/index.php\/produkt\/dr-max-pieluchomajtki-bebelo-pants-5-junior-11-20kg-38szt\/","title":{"rendered":"Dr.Max Pieluchomajtki Bebelo Pants 5 Junior 11-20kg 38szt."},"content":{"rendered":"<p>Pieluchomajtki Bebelo Dr.Max Pants 5 JUNIOR 11-20 kg, 38 sztuk to produkt przeznaczony dla najm\u0142odszych. Zawiera mi\u0119kki celulozowy rdze\u0144, kt\u00f3ry rozprowadza wilgo\u0107 i gwarantuje uczucie sucho\u015bci. Pieluszki zapewniaj\u0105 dziecku swobodny ruch oraz komfort u\u017cytkowania.<\/p>\n<h2>Dr.Max Pieluchomajtki Bebelo Pants 5 Junior 11-20kg 38szt. <\/h2>\n<p>kalina imi\u0119, pole dyniowe pozna\u0144, zagadki dla dzieci 7-8 lat, p\u0142atki \u015bniegu szablon, zaczarowana zagroda &#8211; test, rozrywka dla dzieci<\/p>\n<p>yyyyy<\/p>\n<p>&nbsp;<\/p>\n","protected":false},"excerpt":{"rendered":"<p>Pieluchomajtki Bebelo Dr.Max Pants 5 JUNIOR 11-20 kg, 38 sztuk to produkt przeznaczony dla najm\u0142odszych. Zawiera mi\u0119kki celulozowy rdze\u0144, kt\u00f3ry rozprowadza wilgo\u0107 i gwarantuje uczucie sucho\u015bci. Pieluszki zapewniaj\u0105 dziecku swobodny ruch oraz komfort u\u017cytkowania. Dr.Max Pieluchomajtki Bebelo Pants 5 Junior 11-20kg 38szt. kalina imi\u0119, pole dyniowe pozna\u0144, zagadki dla dzieci 7-8 lat, p\u0142atki \u015bniegu szablon, [&hellip;]<\/p>\n","protected":false},"featured_media":3933,"comment_status":"closed","ping_status":"open","template":"","meta":[],"product_cat":[17],"product_tag":[603,773,799,713],"class_list":["post-3932","product","type-product","status-publish","has-post-thumbnail","hentry","product_cat-pieluchy","product_tag-bajki-do-czytania","product_tag-test-z-lektury-opowiesci-z-narnii-lew-czarownica-i-stara-szafa","product_tag-zagadka-logiczna","product_tag-zagadki-logiczne-z-odpowiedziami"],"_links":{"self":[{"href":"http:\/\/klubmamgdynia.pl\/index.php\/wp-json\/wp\/v2\/product\/3932","targetHints":{"allow":["GET"]}}],"collection":[{"href":"http:\/\/klubmamgdynia.pl\/index.php\/wp-json\/wp\/v2\/product"}],"about":[{"href":"http:\/\/klubmamgdynia.pl\/index.php\/wp-json\/wp\/v2\/types\/product"}],"replies":[{"embeddable":true,"href":"http:\/\/klubmamgdynia.pl\/index.php\/wp-json\/wp\/v2\/comments?post=3932"}],"wp:featuredmedia":[{"embeddable":true,"href":"http:\/\/klubmamgdynia.pl\/index.php\/wp-json\/wp\/v2\/media\/3933"}],"wp:attachment":[{"href":"http:\/\/klubmamgdynia.pl\/index.php\/wp-json\/wp\/v2\/media?parent=3932"}],"wp:term":[{"taxonomy":"product_cat","embeddable":true,"href":"http:\/\/klubmamgdynia.pl\/index.php\/wp-json\/wp\/v2\/product_cat?post=3932"},{"taxonomy":"product_tag","embeddable":true,"href":"http:\/\/klubmamgdynia.pl\/index.php\/wp-json\/wp\/v2\/product_tag?post=3932"}],"curies":[{"name":"wp","href":"https:\/\/api.w.org\/{rel}","templated":true}]}}