{"id":3936,"date":"2018-04-23T21:03:15","date_gmt":"2018-04-23T19:03:15","guid":{"rendered":"http:\/\/klubmamgdynia.pl\/index.php\/produkt\/iwood-tamburyn-drewniany-biedronka\/"},"modified":"2026-04-10T12:18:46","modified_gmt":"2026-04-10T10:18:46","slug":"iwood-tamburyn-drewniany-biedronka","status":"publish","type":"product","link":"http:\/\/klubmamgdynia.pl\/index.php\/produkt\/iwood-tamburyn-drewniany-biedronka\/","title":{"rendered":"iWood Tamburyn drewniany Biedronka"},"content":{"rendered":"<p>Pi\u0119kny tamburyn z wizerunkiem weso\u0142ej biedronki. Wykonany z ekologicznego drewna, zapewniajacego wysok\u0105 trwa\u0142o\u015b\u0107, pokrytego bezpiecznymi farbami wodnymi. P\u0142ytki metalowe lakierowane na pastelowe kolory, membrana z tworzywa sztucznego pozwalaj\u0105ca utrzyma\u0107 nat\u0119\u017cenie d\u017awi\u0119ku na przyjemnym poziomie. \u0141agodne, zaokr\u0105glone kszta\u0142ty s\u0105 idealnie dopasowane do ma\u0142ych r\u0105czek dziecka. Zabawkowy instrument wysokiej jako\u015bci. Poznawanie nowych d\u017awi\u0119k\u00f3w jest bardzo wa\u017cne w rozwoju dziecka, ta zabawka wspaniale wprowadzi je w \u015bwiat muzyki. Dzi\u0119ki niej dziecko mo\u017ce uczy\u0107 si\u0119 rozr\u00f3\u017cniania d\u017awi\u0119k\u00f3w oraz poznaje spos\u00f3b, w jaki powstaj\u0105. Gra na instrumentach rozbudza kreatywno\u015b\u0107, kszta\u0142tuje poczucie rytmu, uczy cierpliwo\u015bci i wytrwa\u0142o\u015bci, pomaga wyra\u017ca\u0107 emocje oraz daje wiar\u0119 w siebie. Po\u0142\u0105czenie zabawy z nauk\u0105 wspomaga wszechstronny rozw\u00f3j dziecka.Dzieci poznaj\u0105 \u015bwiat poprzez konkretne elementy otoczenia z kt\u00f3rymi si\u0119 spotykaj\u0105. Ka\u017cdy produkt marki iWood zosta\u0142 starannie zaprojektowany, aby zagwarantowa\u0107 bezpiecze\u0144stwo a jednocze\u015bnie pozosta\u0107 atrakcyjnym i absorbowa\u0107 uwag\u0119 dziecka. Ka\u017cda zabawka ma na celu pom\u00f3c maluchowi rozwija\u0107 inteligencj\u0119, zdolno\u015bci manualne, \u0107wiczy\u0107 ruchy precyzyjne, koordynacj\u0119 oko-r\u0119ka i widzenie przestrzenne. Ka\u017cda zabawka marki iWood rozwija kreatywno\u015b\u0107, umiej\u0119tno\u015b\u0107 opowiadania historii i u\u0142atwia dziecku zrozumienie otaczaj\u0105cego je \u015bwiat. Zabawa w grupie rozwija bardzo wa\u017cne zdolno\u015bci spo\u0142eczne i umacnia wi\u0119zy rodzinne.Zabawki iWood wykonane s\u0105 z naturalnych w pe\u0142ni odnawialnych materia\u0142\u00f3w. \u015acis\u0142a kontrola jako\u015bci na ka\u017cdym etapie produkcyjnym zapewnia bezpiecze\u0144stwo i wysok\u0105 jako\u015b\u0107.Informacje o produkcieNr katalogowy17005Marka BrakRodzaj TamburynWymagania wiekowe od 12 miesi\u0119cyP\u0142e\u0107 Ch\u0142opcyDziewczynkiProdukt na baterie NieBaterie w zestawie NieZasilanie Nie dotyczyKolor NiebieskiBia\u0142yPozosta\u0142e parametryWymiary opakowania: 17 x 18.5 x 6 cm<\/p>\n<h2>iWood Tamburyn drewniany Biedronka Iwood<\/h2>\n<p>zagadki na inteligencje, przedszkole drugi dom, film rodzinny o \u015bwi\u0119tach, na wyspach bergamutach tekst, list do miko\u0142aja wz\u00f3r pdf, oryginalny prezent na roczek dla ch\u0142opca, maski na twarz dla dzieci do wydruku, maska kota do druku<\/p>\n<p>yyyyy<\/p>\n<p>&nbsp;<\/p>\n","protected":false},"excerpt":{"rendered":"<p>Pi\u0119kny tamburyn z wizerunkiem weso\u0142ej biedronki. Wykonany z ekologicznego drewna, zapewniajacego wysok\u0105 trwa\u0142o\u015b\u0107, pokrytego bezpiecznymi farbami wodnymi. P\u0142ytki metalowe lakierowane na pastelowe kolory, membrana z tworzywa sztucznego pozwalaj\u0105ca utrzyma\u0107 nat\u0119\u017cenie d\u017awi\u0119ku na przyjemnym poziomie. \u0141agodne, zaokr\u0105glone kszta\u0142ty s\u0105 idealnie dopasowane do ma\u0142ych r\u0105czek dziecka. Zabawkowy instrument wysokiej jako\u015bci. Poznawanie nowych d\u017awi\u0119k\u00f3w jest bardzo wa\u017cne w [&hellip;]<\/p>\n","protected":false},"featured_media":3937,"comment_status":"closed","ping_status":"open","template":"","meta":[],"product_cat":[1151,155],"product_tag":[837,754,716,847,812,805],"class_list":["post-3936","product","type-product","status-publish","has-post-thumbnail","hentry","product_cat-iwood","product_cat-zabawki-muzyczne","product_tag-cicha-noc-po-angielsku","product_tag-dyplomy-do-wydrukowania-a4","product_tag-filmy-animowane-o-swietach","product_tag-kolorowanki-pokemon","product_tag-zagadki-logiczne-na-inteligencje","product_tag-znaczenie-imienia-alan"],"_links":{"self":[{"href":"http:\/\/klubmamgdynia.pl\/index.php\/wp-json\/wp\/v2\/product\/3936","targetHints":{"allow":["GET"]}}],"collection":[{"href":"http:\/\/klubmamgdynia.pl\/index.php\/wp-json\/wp\/v2\/product"}],"about":[{"href":"http:\/\/klubmamgdynia.pl\/index.php\/wp-json\/wp\/v2\/types\/product"}],"replies":[{"embeddable":true,"href":"http:\/\/klubmamgdynia.pl\/index.php\/wp-json\/wp\/v2\/comments?post=3936"}],"wp:featuredmedia":[{"embeddable":true,"href":"http:\/\/klubmamgdynia.pl\/index.php\/wp-json\/wp\/v2\/media\/3937"}],"wp:attachment":[{"href":"http:\/\/klubmamgdynia.pl\/index.php\/wp-json\/wp\/v2\/media?parent=3936"}],"wp:term":[{"taxonomy":"product_cat","embeddable":true,"href":"http:\/\/klubmamgdynia.pl\/index.php\/wp-json\/wp\/v2\/product_cat?post=3936"},{"taxonomy":"product_tag","embeddable":true,"href":"http:\/\/klubmamgdynia.pl\/index.php\/wp-json\/wp\/v2\/product_tag?post=3936"}],"curies":[{"name":"wp","href":"https:\/\/api.w.org\/{rel}","templated":true}]}}