{"id":3938,"date":"2023-12-13T07:45:35","date_gmt":"2023-12-13T06:45:35","guid":{"rendered":"http:\/\/klubmamgdynia.pl\/?post_type=product&#038;p=3938"},"modified":"2026-04-05T22:12:34","modified_gmt":"2026-04-05T20:12:34","slug":"pampers-active-baby-4-pieluszki-9-14kg-3x46szt","status":"publish","type":"product","link":"http:\/\/klubmamgdynia.pl\/index.php\/produkt\/pampers-active-baby-4-pieluszki-9-14kg-3x46szt\/","title":{"rendered":"Pampers Active Baby 4 Pieluszki 9-14Kg 3X46Szt."},"content":{"rendered":"<p>Pampers Active Baby 4 Pieluszki 9-14 kg 3x 46 sztuk Czy jeste\u015bcie gotowi na rewolucj\u0119 w kwestii pieluszek? Gdy tylko Wasze dziecko zacznie u\u017cywa\u0107 Pampers Active Baby, zauwa\u017cycie, \u017ce r\u00f3\u017cni\u0105 si\u0119 one od naszych poprzednich pieluszek. Zastosowana w nich rewolucyjna technologia pomaga r\u00f3wnomiernie rozprowadza\u0107 wilgo\u0107 w 3 ch\u0142onnych kanalikach i lepiej zamyka\u0107 j\u0105 wewn\u0105trz, przez co zmniejsza efekt pe\u0142nej, mokrej pieluchy po ca\u0142ej nocy. Pieluszka b\u0119dzie wygl\u0105da\u0142a na tak wygodn\u0105 i such\u0105, \u017ce b\u0119dziecie zastanawia\u0107 si\u0119, gdzie si\u0119 podzia\u0142a jej zawarto\u015b\u0107!Przechowuj pieluszki w miejscu, w kt\u00f3rym nie b\u0119d\u0105 nara\u017cone na wysokie temperatury i wilgotno\u015b\u0107 powietrza, oraz z dala od produkt\u00f3w perfumowanych. Poleca si\u0119 przechowywa\u0107 je w suchym miejscu, gdzie temperatura nie przekracza 30\u00b0C.Elastyczne boczki: Zapewniaj\u0105 wygodne dopasowanie dla doskona\u0142ej ochrony przed przeciekaniem przez ca\u0142\u0105 noc3 ch\u0142onne kanaliki: Pomagaj\u0105 r\u00f3wnomiernie rozprowadza\u0107 wilgo\u0107 w por\u00f3wnaniu z innymi pieluszkamiWarstwa Dry: Wch\u0142ania wilgo\u0107 i zatrzymuje j\u0105 z dala od sk\u00f3ry dzieckaMi\u0119kkie jak bawe\u0142na: G\u00f3rna warstwa, kt\u00f3ra ma kontakt ze sk\u00f3r\u0105 dziecka, jest mi\u0119kka i sucha, aby zapewni\u0107 maluszkowi spokojn\u0105 nocOddychaj\u0105ce materia\u0142y: Aby zapewni\u0107 odpowiedni\u0105 cyrkulacj\u0119 powietrza wok\u00f3\u0142 sk\u00f3ry dzieckaCh\u0142onne mikropere\u0142ki: Warstwa wewn\u0119trzna z mikropere\u0142kami, aby wch\u0142ania\u0107 wilgo\u0107 i zamyka\u0107 j\u0105 wewn\u0105trz \u2013 nawet do 12 godzinPieluszki Pampers zosta\u0142y zaprojektowane tak, aby dopasowa\u0142y si\u0119 do kszta\u0142t\u00f3w cia\u0142a Twojego dziecka daj\u0105c mu komfort i wygod\u0119. Dzi\u0119ki temu podczas przewijania nie zachodzi potrzeba wywijania brzeg\u00f3w pieluszki w pasie ani dopasowywania otwor\u00f3w na n\u00f3\u017cki. Przyklej zapi\u0119cia r\u00f3wnolegle do g\u00f3rnego brzegu pieluszki, dok\u0142adnie po\u015brodku zadrukowanego paska. Zwr\u00f3\u0107 uwag\u0119 na nadruk, kt\u00f3ry pomo\u017ce Ci upewni\u0107 si\u0119, \u017ce zapi\u0119cia s\u0105 r\u00f3wno przyklejone. Staraj si\u0119 trzyma\u0107 produkty piel\u0119gnacyjne, takie ja zasypka, z daleka od zapi\u0119\u0107 aby zachowa\u0142y w\u0142a\u015bciwo\u015bci klej\u0105ce.Dzieci wol\u0105 by\u0107 ubrane w idealnie dopasowane rzeczy tak samo jak doro\u015bli. Dobierz rozmiar pieluszki tak, aby nie opada\u0142a i nie odstawa\u0142a od sk\u00f3ry nawet podczas raczkowania i zabawy. To pomo\u017ce zapobiec przeciekaniu. W ka\u017cdym z opis\u00f3w produkt\u00f3w na naszej stronie znajdziesz wytyczne, kt\u00f3re okre\u015blaj\u0105 \u015bredni\u0105 wag\u0119 dziecka dla ka\u017cdego z dost\u0119pnych rozmiar\u00f3w. Pami\u0119taj r\u00f3wnie\u017c, \u017ce zmieniaj\u0105c rozmiar pieluszki na wi\u0119kszy zyskujesz r\u00f3wnie\u017c na ch\u0142onno\u015bci.\u017belowy materia\u0142 ch\u0142on\u0105cy to popularna substancja \u017celuj\u0105ca, kt\u00f3ra wyst\u0119puje w wype\u0142nieniu pieluszki i poch\u0142ania wilgo\u0107. Mo\u017cesz zauwa\u017cy\u0107 go czasem na sk\u00f3rze, zw\u0142aszcza kiedy pieluszka jest przepe\u0142niona. \u0141atwo j\u0105 usun\u0105\u0107 przecieraj\u0105c sk\u00f3r\u0119 chusteczk\u0105. Substancja ta bezpiecznie wykorzystywana jest z od wielu lat w r\u00f3\u017cnych produktach, a w pieluszkach stosowana jest ju\u017c od ponad dekady. Materia\u0142 \u017celuj\u0105cy jest blisko spokrewniony w swoim sk\u0142adzie ze zwi\u0105zkami bardzo cz\u0119sto wykorzystywanymi w produkcji kosmetyk\u00f3w, po\u017cywienia oraz kapsu\u0142ek lek\u00f3w. Specyfikacja: Rozmiar: 4 (9-14kg) Ilo\u015b\u0107 w opakowaniu: 3x 46 sztuk<\/p>\n<h2>Pampers Active Baby 4 Pieluszki 9-14Kg 3X46Szt. Pampers<\/h2>\n<p>gry dla m\u0142odzie\u017cy, prezent dla pi\u0119tnastolatka, parasol szablon do wydruku, eneduerabe, sentencje o dzieciach, bajka do czytania, sporty po francusku, \u017cyczenia na lany poniedzia\u0142ek wielkanocny<\/p>\n<p>yyyyy<\/p>\n<p>&nbsp;<\/p>\n","protected":false},"excerpt":{"rendered":"<p>Pampers Active Baby 4 Pieluszki 9-14 kg 3x 46 sztuk Czy jeste\u015bcie gotowi na rewolucj\u0119 w kwestii pieluszek? Gdy tylko Wasze dziecko zacznie u\u017cywa\u0107 Pampers Active Baby, zauwa\u017cycie, \u017ce r\u00f3\u017cni\u0105 si\u0119 one od naszych poprzednich pieluszek. Zastosowana w nich rewolucyjna technologia pomaga r\u00f3wnomiernie rozprowadza\u0107 wilgo\u0107 w 3 ch\u0142onnych kanalikach i lepiej zamyka\u0107 j\u0105 wewn\u0105trz, przez [&hellip;]<\/p>\n","protected":false},"featured_media":3939,"comment_status":"closed","ping_status":"open","template":"","meta":[],"product_cat":[185,17],"product_tag":[863,792,580,824,779],"class_list":["post-3938","product","type-product","status-publish","has-post-thumbnail","hentry","product_cat-pampers","product_cat-pieluchy","product_tag-bajki-dla-dziewczynek","product_tag-cytaty-o-mamie","product_tag-janusz","product_tag-warszawa-atrakcje-dla-dzieci","product_tag-zarty-na-prima-aprilis-w-domu"],"_links":{"self":[{"href":"http:\/\/klubmamgdynia.pl\/index.php\/wp-json\/wp\/v2\/product\/3938","targetHints":{"allow":["GET"]}}],"collection":[{"href":"http:\/\/klubmamgdynia.pl\/index.php\/wp-json\/wp\/v2\/product"}],"about":[{"href":"http:\/\/klubmamgdynia.pl\/index.php\/wp-json\/wp\/v2\/types\/product"}],"replies":[{"embeddable":true,"href":"http:\/\/klubmamgdynia.pl\/index.php\/wp-json\/wp\/v2\/comments?post=3938"}],"wp:featuredmedia":[{"embeddable":true,"href":"http:\/\/klubmamgdynia.pl\/index.php\/wp-json\/wp\/v2\/media\/3939"}],"wp:attachment":[{"href":"http:\/\/klubmamgdynia.pl\/index.php\/wp-json\/wp\/v2\/media?parent=3938"}],"wp:term":[{"taxonomy":"product_cat","embeddable":true,"href":"http:\/\/klubmamgdynia.pl\/index.php\/wp-json\/wp\/v2\/product_cat?post=3938"},{"taxonomy":"product_tag","embeddable":true,"href":"http:\/\/klubmamgdynia.pl\/index.php\/wp-json\/wp\/v2\/product_tag?post=3938"}],"curies":[{"name":"wp","href":"https:\/\/api.w.org\/{rel}","templated":true}]}}