{"id":3942,"date":"2023-02-28T13:24:07","date_gmt":"2023-02-28T12:24:07","guid":{"rendered":"http:\/\/klubmamgdynia.pl\/?post_type=product&#038;p=3942"},"modified":"2026-04-17T00:59:01","modified_gmt":"2026-04-16T22:59:01","slug":"woopie-ubranko-dla-lalki-zestaw-krolewny-suknia-korona-43cm-40727","status":"publish","type":"product","link":"http:\/\/klubmamgdynia.pl\/index.php\/produkt\/woopie-ubranko-dla-lalki-zestaw-krolewny-suknia-korona-43cm-40727\/","title":{"rendered":"Woopie Ubranko Dla Lalki Zestaw Kr\u00f3lewny Suknia + Korona 43cm 40727"},"content":{"rendered":"<p>Zestaw Kr\u00f3lewny od niezawodnej marki Woopie, b\u0119dzie wspania\u0142ym dodatkiem dla Twojej lalki. Dziecko rozwija wyobra\u017ani\u0119 i kreatywno\u015b\u0107 odgrywaj\u0105c scenki ze swoim bobasem. Du\u017ca ilo\u015b\u0107dodatk\u00f3w sprawi, \u017ce dziecko b\u0119dzie mog\u0142o ubiera\u0107 bobasa na r\u00f3\u017cne sposoby, a do\u0142\u0105czony wieszak b\u0119dzie idealny dla garderoby ulubionej Lalki!Charakterystyka:- przeznaczona dla lalki o wymiarach 43 cm- wykonanie najwy\u017cszej jako\u015bci &#8211; dopracowane szczeg\u00f3\u0142y- opakowanie doskonale nadaj\u0119 si\u0119 na prezent oraz posiada wygodny wieszak do przenoszeniaZestaw zawiera:- suknia- opaska\/korona- wieszakFirma Woopie jest jednym z czo\u0142owych producent\u00f3w zabawek z tworzyw sztucznych w Europie. Produkty firmy Woopie s\u0105 sprzedawane z powodzeniem na rynku krajowym i w ca\u0142ej Europie.Zabawki marki Woopie maj\u0105 jeden cel &#8211; wzbudza\u0107 rado\u015b\u0107 dzieci! Po\u015br\u00f3d bogatego asortymentu, Woopie posiada mi\u0119dzy innymi stroje karnawa\u0142owe i przebrania dla dzieci, ale tak\u017ce hu\u015btawki zawieszane, zabawki piankowe, r\u00f3\u017cnego rodzaju zabawki ogrodowe, oraz du\u017co wi\u0119cej! Daj si\u0119 ponie\u015b\u0107 zabawie &#8211; daj si\u0119 ponie\u015b\u0107 Woopie!<\/p>\n<h2>Woopie Ubranko Dla Lalki Zestaw Kr\u00f3lewny Suknia + Korona 43cm 40727 Woopie<\/h2>\n<p>filmy disneya, roczek dziewczynki, skye kolorowanka, dekorowanie kanapek dla dzieci, lucjan imi\u0119, psi patrol kolorowanki, rymowane zagadki, kajko i kokosz test z lektury, kajko i kokosz szko\u0142a latania &#8211; test do wydruku, chase psi patrol kolorowanka, imi\u0119 iwo, prezent na roczek dziewczynka, atrakcje dla dzieci wroc\u0142aw i okolice, zagadki dla doros\u0142ych, kolorowanka wakacje, cytat z ma\u0142ego ksi\u0119cia o przyja\u017ani, kolorowanki do druku dla doros\u0142ych, zagadki przyrodnicze, przys\u0142owia o rodzinie, zagadka o wio\u015bnie<\/p>\n<p>yyyyy<\/p>\n<p>&nbsp;<\/p>\n","protected":false},"excerpt":{"rendered":"<p>Zestaw Kr\u00f3lewny od niezawodnej marki Woopie, b\u0119dzie wspania\u0142ym dodatkiem dla Twojej lalki. Dziecko rozwija wyobra\u017ani\u0119 i kreatywno\u015b\u0107 odgrywaj\u0105c scenki ze swoim bobasem. Du\u017ca ilo\u015b\u0107dodatk\u00f3w sprawi, \u017ce dziecko b\u0119dzie mog\u0142o ubiera\u0107 bobasa na r\u00f3\u017cne sposoby, a do\u0142\u0105czony wieszak b\u0119dzie idealny dla garderoby ulubionej Lalki!Charakterystyka:- przeznaczona dla lalki o wymiarach 43 cm- wykonanie najwy\u017cszej jako\u015bci &#8211; dopracowane [&hellip;]<\/p>\n","protected":false},"featured_media":3943,"comment_status":"closed","ping_status":"open","template":"","meta":[],"product_cat":[50,177],"product_tag":[853,720,589,803],"class_list":["post-3942","product","type-product","status-publish","has-post-thumbnail","hentry","product_cat-ubranka-i-buty-dla-lalek","product_cat-woopie","product_tag-kolorowanki-do-druku-dla-doroslych","product_tag-malowanki","product_tag-prezent-dla-rocznego-dziecka","product_tag-szlaczki-do-druku"],"_links":{"self":[{"href":"http:\/\/klubmamgdynia.pl\/index.php\/wp-json\/wp\/v2\/product\/3942","targetHints":{"allow":["GET"]}}],"collection":[{"href":"http:\/\/klubmamgdynia.pl\/index.php\/wp-json\/wp\/v2\/product"}],"about":[{"href":"http:\/\/klubmamgdynia.pl\/index.php\/wp-json\/wp\/v2\/types\/product"}],"replies":[{"embeddable":true,"href":"http:\/\/klubmamgdynia.pl\/index.php\/wp-json\/wp\/v2\/comments?post=3942"}],"wp:featuredmedia":[{"embeddable":true,"href":"http:\/\/klubmamgdynia.pl\/index.php\/wp-json\/wp\/v2\/media\/3943"}],"wp:attachment":[{"href":"http:\/\/klubmamgdynia.pl\/index.php\/wp-json\/wp\/v2\/media?parent=3942"}],"wp:term":[{"taxonomy":"product_cat","embeddable":true,"href":"http:\/\/klubmamgdynia.pl\/index.php\/wp-json\/wp\/v2\/product_cat?post=3942"},{"taxonomy":"product_tag","embeddable":true,"href":"http:\/\/klubmamgdynia.pl\/index.php\/wp-json\/wp\/v2\/product_tag?post=3942"}],"curies":[{"name":"wp","href":"https:\/\/api.w.org\/{rel}","templated":true}]}}