{"id":3946,"date":"2022-04-03T15:11:50","date_gmt":"2022-04-03T13:11:50","guid":{"rendered":"http:\/\/klubmamgdynia.pl\/index.php\/produkt\/adar-auto-straz-z-napedem\/"},"modified":"2026-05-01T09:39:51","modified_gmt":"2026-05-01T07:39:51","slug":"adar-auto-straz-z-napedem","status":"publish","type":"product","link":"http:\/\/klubmamgdynia.pl\/index.php\/produkt\/adar-auto-straz-z-napedem\/","title":{"rendered":"Adar Auto Stra\u017c z nap\u0119dem"},"content":{"rendered":"<p>Auto Stra\u017c z nap\u0119dem 540071Auto ci\u0119\u017caroweSkala 1:64Opakowanie : openboxCie\u017car\u00f3wka posiada \u015bwiat\u0142a , d\u017awiekAuto z nap\u0119demZabawka dzia\u0142a na baterie : 3 x AG13 1,5V (brak w zestawie)Wymiary opakowania 17,5x12x8cmWiek : 3+&#8230;<\/p>\n<h2>Adar Auto Stra\u017c z nap\u0119dem Adar<\/h2>\n<p>bajka dla dzieci do czytania, gry ruchowe dla dzieci, walentynka dla syna, szlaczki do druku, prezent na 1 urodziny dla ch\u0142opca, bardzo trudne zagadki, my little pony kolorowanki, zagadki dla przedszkolak\u00f3w, podchwytliwe zagadki matematyczne, pies rysunek, pomys\u0142 na prezent dla nastolatk\u00f3w, test narnia lew czarownica i stara szafa, melania znaczenie imienia, kolorowanki na andrzejki do wydruku, imi\u0119 iwo, ptak b\u0105k, quiz flagi, wzruszajace cytaty o rodzinie, marianna imi\u0119<\/p>\n<p>yyyyy<\/p>\n<p>&nbsp;<\/p>\n","protected":false},"excerpt":{"rendered":"<p>Auto Stra\u017c z nap\u0119dem 540071Auto ci\u0119\u017caroweSkala 1:64Opakowanie : openboxCie\u017car\u00f3wka posiada \u015bwiat\u0142a , d\u017awiekAuto z nap\u0119demZabawka dzia\u0142a na baterie : 3 x AG13 1,5V (brak w zestawie)Wymiary opakowania 17,5x12x8cmWiek : 3+&#8230; Adar Auto Stra\u017c z nap\u0119dem Adar bajka dla dzieci do czytania, gry ruchowe dla dzieci, walentynka dla syna, szlaczki do druku, prezent na 1 urodziny [&hellip;]<\/p>\n","protected":false},"featured_media":3947,"comment_status":"closed","ping_status":"open","template":"","meta":[],"product_cat":[175,83],"product_tag":[856,636,850],"class_list":["post-3946","product","type-product","status-publish","has-post-thumbnail","hentry","product_cat-adar","product_cat-auta-i-inne-pojazdy-do-zabawy","product_tag-prezent-dla-16-latki","product_tag-teksty-kolysanek","product_tag-wroclaw-atrakcje-dla-dzieci"],"_links":{"self":[{"href":"http:\/\/klubmamgdynia.pl\/index.php\/wp-json\/wp\/v2\/product\/3946","targetHints":{"allow":["GET"]}}],"collection":[{"href":"http:\/\/klubmamgdynia.pl\/index.php\/wp-json\/wp\/v2\/product"}],"about":[{"href":"http:\/\/klubmamgdynia.pl\/index.php\/wp-json\/wp\/v2\/types\/product"}],"replies":[{"embeddable":true,"href":"http:\/\/klubmamgdynia.pl\/index.php\/wp-json\/wp\/v2\/comments?post=3946"}],"wp:featuredmedia":[{"embeddable":true,"href":"http:\/\/klubmamgdynia.pl\/index.php\/wp-json\/wp\/v2\/media\/3947"}],"wp:attachment":[{"href":"http:\/\/klubmamgdynia.pl\/index.php\/wp-json\/wp\/v2\/media?parent=3946"}],"wp:term":[{"taxonomy":"product_cat","embeddable":true,"href":"http:\/\/klubmamgdynia.pl\/index.php\/wp-json\/wp\/v2\/product_cat?post=3946"},{"taxonomy":"product_tag","embeddable":true,"href":"http:\/\/klubmamgdynia.pl\/index.php\/wp-json\/wp\/v2\/product_tag?post=3946"}],"curies":[{"name":"wp","href":"https:\/\/api.w.org\/{rel}","templated":true}]}}