{"id":3952,"date":"2014-09-29T16:25:30","date_gmt":"2014-09-29T14:25:30","guid":{"rendered":"http:\/\/klubmamgdynia.pl\/index.php\/produkt\/little-sciereczki-molle-3-pack-organic-garden-view-off-white-80x80cm\/"},"modified":"2026-05-17T22:53:46","modified_gmt":"2026-05-17T20:53:46","slug":"little-sciereczki-molle-3-pack-organic-garden-view-off-white-80x80cm","status":"publish","type":"product","link":"http:\/\/klubmamgdynia.pl\/index.php\/produkt\/little-sciereczki-molle-3-pack-organic-garden-view-off-white-80x80cm\/","title":{"rendered":"Little \u015aciereczki Molle 3-Pack Organic Garden View Off White &#8211; 80X80Cm"},"content":{"rendered":"<p>Pi\u0119kny 3-pak \u015bciereczek do w\u00f3zka wykonany w 100% z mi\u0119kkiej i wysokiej jako\u015bci bawe\u0142ny organicznej tiger &#8211; idealny na pierwsze ubranko dla dziecka! \u015aciereczki molleton s\u0105 idealne jako \u015bliniaki, \u015bciereczki do odpluwania lub ko\u0142derki. Szczeg\u00f3\u0142y produktu: Materia\u0142: 100% bawe\u0142na organiczna Mo\u017cna pra\u0107 w temperaturze do 60 \u00b0C Wymiary: 80 x 80cm<\/p>\n<h2>Little \u015aciereczki Molle 3-Pack Organic Garden View Off White &#8211; 80X80Cm Little<\/h2>\n<p>quiz o kosmosie dla dzieci, trudne zagadki dla dzieci, izabella imi\u0119, roczek prezent, oskar imie, \u017carty na prima aprilis na rodzic\u00f3w, bajka terapeutyczna o dokuczaniu, \u015bmieszne kanapki kanapki dla dzieci, opowie\u015b\u0107 wigilijna test z odpowiedziami, tekst o rodzinie, nietypowe imiona \u017ce\u0144skie, bajki dla dzieci do czytania, kolorowanki andrzejki do wydruku, litera y do druku, hobbit, bajki dla dzieci do czytania, bajki dla dzieci do czytania<\/p>\n<p>yyyyy<\/p>\n<p>&nbsp;<\/p>\n","protected":false},"excerpt":{"rendered":"<p>Pi\u0119kny 3-pak \u015bciereczek do w\u00f3zka wykonany w 100% z mi\u0119kkiej i wysokiej jako\u015bci bawe\u0142ny organicznej tiger &#8211; idealny na pierwsze ubranko dla dziecka! \u015aciereczki molleton s\u0105 idealne jako \u015bliniaki, \u015bciereczki do odpluwania lub ko\u0142derki. Szczeg\u00f3\u0142y produktu: Materia\u0142: 100% bawe\u0142na organiczna Mo\u017cna pra\u0107 w temperaturze do 60 \u00b0C Wymiary: 80 x 80cm Little \u015aciereczki Molle 3-Pack [&hellip;]<\/p>\n","protected":false},"featured_media":3953,"comment_status":"closed","ping_status":"open","template":"","meta":[],"product_cat":[1101,17],"product_tag":[722,738,782,712,725],"class_list":["post-3952","product","type-product","status-publish","has-post-thumbnail","hentry","product_cat-little","product_cat-pieluchy","product_tag-cytaty-o-przyjazni","product_tag-wroclaw-dla-dzieci","product_tag-zagadki-dla-dzieci-z-odpowiedziami","product_tag-zagadki-o-zwierzetach","product_tag-zgadywanki"],"_links":{"self":[{"href":"http:\/\/klubmamgdynia.pl\/index.php\/wp-json\/wp\/v2\/product\/3952","targetHints":{"allow":["GET"]}}],"collection":[{"href":"http:\/\/klubmamgdynia.pl\/index.php\/wp-json\/wp\/v2\/product"}],"about":[{"href":"http:\/\/klubmamgdynia.pl\/index.php\/wp-json\/wp\/v2\/types\/product"}],"replies":[{"embeddable":true,"href":"http:\/\/klubmamgdynia.pl\/index.php\/wp-json\/wp\/v2\/comments?post=3952"}],"wp:featuredmedia":[{"embeddable":true,"href":"http:\/\/klubmamgdynia.pl\/index.php\/wp-json\/wp\/v2\/media\/3953"}],"wp:attachment":[{"href":"http:\/\/klubmamgdynia.pl\/index.php\/wp-json\/wp\/v2\/media?parent=3952"}],"wp:term":[{"taxonomy":"product_cat","embeddable":true,"href":"http:\/\/klubmamgdynia.pl\/index.php\/wp-json\/wp\/v2\/product_cat?post=3952"},{"taxonomy":"product_tag","embeddable":true,"href":"http:\/\/klubmamgdynia.pl\/index.php\/wp-json\/wp\/v2\/product_tag?post=3952"}],"curies":[{"name":"wp","href":"https:\/\/api.w.org\/{rel}","templated":true}]}}