{"id":3954,"date":"2011-02-26T18:46:12","date_gmt":"2011-02-26T17:46:12","guid":{"rendered":"http:\/\/klubmamgdynia.pl\/index.php\/produkt\/quercetti-magiczne-klocki-daisy-collana-12-el-4006\/"},"modified":"2026-05-17T20:53:03","modified_gmt":"2026-05-17T18:53:03","slug":"quercetti-magiczne-klocki-daisy-collana-12-el-4006","status":"publish","type":"product","link":"http:\/\/klubmamgdynia.pl\/index.php\/produkt\/quercetti-magiczne-klocki-daisy-collana-12-el-4006\/","title":{"rendered":"Quercetti Magiczne Klocki Daisy Collana 12 El 4006"},"content":{"rendered":"<p>Kolorowe klocki przeznaczone dla najm\u0142odszych dzieci. Zestaw sk\u0142ada si\u0119 z 12 klock\u00f3w w r\u00f3\u017cnych kolorach i kszta\u0142atach. Wielko\u015b\u0107 klock\u00f3w jest wspaniale dostasowana do malutkich r\u0105czek. Klocki bardzo \u0142atwo si\u0119 sk\u0142adaj\u0105 jeden w drugi. Dzi\u0119ki do\u0142\u0105czonej stabilnej podk\u0142adce mo\u017cliwe jest budowanie wysokich wie\u017c.Zabawa klockami rozwija zdolno\u015bci manualne oraz koordynacje na lini r\u0119ka-oko, pomaga w nauce ropoznawania kolor\u00f3w i kszta\u0142t\u00f3w a tak\u017ce uczy logicznego my\u015blenia.W\u0142oska firma QUERCETTI to ekspert w tworzeniu inteligentnych zabawek edukacyjnych. Sugerowany wiek dziecka : 6M+<\/p>\n<h2>Quercetti Magiczne Klocki Daisy Collana 12 El 4006 Quercetti<\/h2>\n<p>kolorowanki antystresowe, wierszyki o wakacjach kr\u00f3tkie, prezenty dla m\u0142odzie\u017cy, bajki na dobranoc dla dzieci, sentencja rodzina, ilona, malowanki dla dzieci do druku, mama cytaty, postacie z bajek, kolorowanka lol, zagadki podchwytliwe, pokemon kolorowanka, kajko i kokosz szko\u0142a latania &#8211; test do wydruku, zagadki na logik\u0119, kolorowanki lol surprise, quiz o flagach, prezenty dla nastolatka, kolorowanki do druku zwierz\u0119ta, smok wawelski kolorowanka, co kupi\u0107 na roczek dla dziewczynki<\/p>\n<p>yyyyy<\/p>\n<p>&nbsp;<\/p>\n","protected":false},"excerpt":{"rendered":"<p>Kolorowe klocki przeznaczone dla najm\u0142odszych dzieci. Zestaw sk\u0142ada si\u0119 z 12 klock\u00f3w w r\u00f3\u017cnych kolorach i kszta\u0142atach. Wielko\u015b\u0107 klock\u00f3w jest wspaniale dostasowana do malutkich r\u0105czek. Klocki bardzo \u0142atwo si\u0119 sk\u0142adaj\u0105 jeden w drugi. Dzi\u0119ki do\u0142\u0105czonej stabilnej podk\u0142adce mo\u017cliwe jest budowanie wysokich wie\u017c.Zabawa klockami rozwija zdolno\u015bci manualne oraz koordynacje na lini r\u0119ka-oko, pomaga w nauce ropoznawania [&hellip;]<\/p>\n","protected":false},"featured_media":3955,"comment_status":"closed","ping_status":"open","template":"","meta":[],"product_cat":[1155,61],"product_tag":[706,656,627],"class_list":["post-3954","product","type-product","status-publish","has-post-thumbnail","hentry","product_cat-quercetti","product_cat-zabawki-edukacyjne-dla-niemowlat","product_tag-imie-kuba","product_tag-kolorowanki-lol","product_tag-quiz-dzieci-z-bullerbyn"],"_links":{"self":[{"href":"http:\/\/klubmamgdynia.pl\/index.php\/wp-json\/wp\/v2\/product\/3954","targetHints":{"allow":["GET"]}}],"collection":[{"href":"http:\/\/klubmamgdynia.pl\/index.php\/wp-json\/wp\/v2\/product"}],"about":[{"href":"http:\/\/klubmamgdynia.pl\/index.php\/wp-json\/wp\/v2\/types\/product"}],"replies":[{"embeddable":true,"href":"http:\/\/klubmamgdynia.pl\/index.php\/wp-json\/wp\/v2\/comments?post=3954"}],"wp:featuredmedia":[{"embeddable":true,"href":"http:\/\/klubmamgdynia.pl\/index.php\/wp-json\/wp\/v2\/media\/3955"}],"wp:attachment":[{"href":"http:\/\/klubmamgdynia.pl\/index.php\/wp-json\/wp\/v2\/media?parent=3954"}],"wp:term":[{"taxonomy":"product_cat","embeddable":true,"href":"http:\/\/klubmamgdynia.pl\/index.php\/wp-json\/wp\/v2\/product_cat?post=3954"},{"taxonomy":"product_tag","embeddable":true,"href":"http:\/\/klubmamgdynia.pl\/index.php\/wp-json\/wp\/v2\/product_tag?post=3954"}],"curies":[{"name":"wp","href":"https:\/\/api.w.org\/{rel}","templated":true}]}}