{"id":3960,"date":"2022-02-16T16:43:22","date_gmt":"2022-02-16T15:43:22","guid":{"rendered":"http:\/\/klubmamgdynia.pl\/index.php\/produkt\/mamoi-hustawka-skandynawska-pasy\/"},"modified":"2026-05-17T21:49:17","modified_gmt":"2026-05-17T19:49:17","slug":"mamoi-hustawka-skandynawska-pasy","status":"publish","type":"product","link":"http:\/\/klubmamgdynia.pl\/index.php\/produkt\/mamoi-hustawka-skandynawska-pasy\/","title":{"rendered":"MAMOI Hu\u015btawka Skandynawska + Pasy"},"content":{"rendered":"<p>Mamoi Hu\u015btawka dla dzieci Skandynawska Koral +pasy<\/p>\n<h2>MAMOI Hu\u015btawka Skandynawska + Pasy <\/h2>\n<p>kinderbal przepisy, kolorowanki bajki, quizy dla dzieci 8 lat, dziecko cytaty z\u0142ote my\u015bli, mini zoo \u015bl\u0105sk<\/p>\n<p>yyyyy<\/p>\n<p>&nbsp;<\/p>\n","protected":false},"excerpt":{"rendered":"<p>Mamoi Hu\u015btawka dla dzieci Skandynawska Koral +pasy MAMOI Hu\u015btawka Skandynawska + Pasy kinderbal przepisy, kolorowanki bajki, quizy dla dzieci 8 lat, dziecko cytaty z\u0142ote my\u015bli, mini zoo \u015bl\u0105sk yyyyy &nbsp;<\/p>\n","protected":false},"featured_media":3961,"comment_status":"closed","ping_status":"open","template":"","meta":[],"product_cat":[1156],"product_tag":[825,801,850],"class_list":["post-3960","product","type-product","status-publish","has-post-thumbnail","hentry","product_cat-lezaczki-bujaki-i-hustawki-niemowlece","product_tag-bajka-na-dobranoc-do-czytania","product_tag-bajki-terapeutyczne-o-emocjach","product_tag-wroclaw-atrakcje-dla-dzieci"],"_links":{"self":[{"href":"http:\/\/klubmamgdynia.pl\/index.php\/wp-json\/wp\/v2\/product\/3960","targetHints":{"allow":["GET"]}}],"collection":[{"href":"http:\/\/klubmamgdynia.pl\/index.php\/wp-json\/wp\/v2\/product"}],"about":[{"href":"http:\/\/klubmamgdynia.pl\/index.php\/wp-json\/wp\/v2\/types\/product"}],"replies":[{"embeddable":true,"href":"http:\/\/klubmamgdynia.pl\/index.php\/wp-json\/wp\/v2\/comments?post=3960"}],"wp:featuredmedia":[{"embeddable":true,"href":"http:\/\/klubmamgdynia.pl\/index.php\/wp-json\/wp\/v2\/media\/3961"}],"wp:attachment":[{"href":"http:\/\/klubmamgdynia.pl\/index.php\/wp-json\/wp\/v2\/media?parent=3960"}],"wp:term":[{"taxonomy":"product_cat","embeddable":true,"href":"http:\/\/klubmamgdynia.pl\/index.php\/wp-json\/wp\/v2\/product_cat?post=3960"},{"taxonomy":"product_tag","embeddable":true,"href":"http:\/\/klubmamgdynia.pl\/index.php\/wp-json\/wp\/v2\/product_tag?post=3960"}],"curies":[{"name":"wp","href":"https:\/\/api.w.org\/{rel}","templated":true}]}}