{"id":3962,"date":"2022-05-18T22:21:30","date_gmt":"2022-05-18T20:21:30","guid":{"rendered":"http:\/\/klubmamgdynia.pl\/index.php\/produkt\/monsanto-roundup-flex-480-1l\/"},"modified":"2026-04-27T12:04:20","modified_gmt":"2026-04-27T10:04:20","slug":"monsanto-roundup-flex-480-1l","status":"publish","type":"product","link":"http:\/\/klubmamgdynia.pl\/index.php\/produkt\/monsanto-roundup-flex-480-1l\/","title":{"rendered":"Monsanto Roundup Flex 480 1L"},"content":{"rendered":"<p>Roundup Flex 480 1L totalny \u015brodek chwastob\u00f3jczy<br \/>\n&#8211; Roundup Flex 480 to \u015brodek chwastob\u00f3jczy w formie koncentratu do sporz\u0105dzania roztworu wodnego, stosowany nalistnie.<\/p>\n<p>&#8211; Przeznaczony jest do zwalczania perzu oraz innych chwast\u00f3w jednoli\u015bciennych i dwuli\u015bciennych (rocznych i wieloletnich)<\/p>\n<p>&#8211; Zawarto\u015b\u0107 substancji biologicznie czynnej wynosi: glifosat 480g\/l &#8211; skraca minimalny okres od zabiegu do deszczu \u2013 1 godzina.<\/p>\n<p>&#8211; Skuteczny tak\u017ce w zmiennych warunkach pogodowych. Hamuje wzrost i rozw\u00f3j chwast\u00f3w w ci\u0105gu 1 doby.                            <\/p>\n<p>Zawarto\u015b\u0107 substancji czynnej:<\/p>\n<p>glifosat (zwi\u0105zek z grupy aminofosfonian\u00f3w w formie soli potasowej) &#8211; 480 g\/l (35,75%)<\/p>\n<p>Chwasty odporne:<\/p>\n<p>    Skrzyp polny.<\/p>\n<h2>Monsanto Roundup Flex 480 1L Monsanto<\/h2>\n<p>twarz wiosny do druku, tekst ko\u0142ysanki, zagadki o psach, sentencje o rodzinie, pieski ma\u0142e dwa tekst, zagadki o lesie, zagadki logiczne, kartka walentynkowa zrobiona przez dzieci, wzruszaj\u0105ce s\u0142owa dla przyjaci\u00f3\u0142ki, maski do druku, kwiaty polne nazwy, m\u0105dre prezenty dla 7 latki, minecraft quiz, \u015bwi\u0119ty przemys\u0142aw, trudne zagadki dla dzieci, traktor do druku, atrakcje dla dzieci wroc\u0142aw, ale kino program<\/p>\n<p>yyyyy<\/p>\n<p>&nbsp;<\/p>\n","protected":false},"excerpt":{"rendered":"<p>Roundup Flex 480 1L totalny \u015brodek chwastob\u00f3jczy &#8211; Roundup Flex 480 to \u015brodek chwastob\u00f3jczy w formie koncentratu do sporz\u0105dzania roztworu wodnego, stosowany nalistnie. &#8211; Przeznaczony jest do zwalczania perzu oraz innych chwast\u00f3w jednoli\u015bciennych i dwuli\u015bciennych (rocznych i wieloletnich) &#8211; Zawarto\u015b\u0107 substancji biologicznie czynnej wynosi: glifosat 480g\/l &#8211; skraca minimalny okres od zabiegu do deszczu \u2013 [&hellip;]<\/p>\n","protected":false},"featured_media":3963,"comment_status":"closed","ping_status":"open","template":"","meta":[],"product_cat":[1157,1141],"product_tag":[658,847,809,812,712],"class_list":["post-3962","product","type-product","status-publish","has-post-thumbnail","hentry","product_cat-monsanto","product_cat-srodki-ochrony-roslin","product_tag-alan-znaczenie-imienia","product_tag-kolorowanki-pokemon","product_tag-zagadki","product_tag-zagadki-logiczne-na-inteligencje","product_tag-zagadki-o-zwierzetach"],"_links":{"self":[{"href":"http:\/\/klubmamgdynia.pl\/index.php\/wp-json\/wp\/v2\/product\/3962","targetHints":{"allow":["GET"]}}],"collection":[{"href":"http:\/\/klubmamgdynia.pl\/index.php\/wp-json\/wp\/v2\/product"}],"about":[{"href":"http:\/\/klubmamgdynia.pl\/index.php\/wp-json\/wp\/v2\/types\/product"}],"replies":[{"embeddable":true,"href":"http:\/\/klubmamgdynia.pl\/index.php\/wp-json\/wp\/v2\/comments?post=3962"}],"wp:featuredmedia":[{"embeddable":true,"href":"http:\/\/klubmamgdynia.pl\/index.php\/wp-json\/wp\/v2\/media\/3963"}],"wp:attachment":[{"href":"http:\/\/klubmamgdynia.pl\/index.php\/wp-json\/wp\/v2\/media?parent=3962"}],"wp:term":[{"taxonomy":"product_cat","embeddable":true,"href":"http:\/\/klubmamgdynia.pl\/index.php\/wp-json\/wp\/v2\/product_cat?post=3962"},{"taxonomy":"product_tag","embeddable":true,"href":"http:\/\/klubmamgdynia.pl\/index.php\/wp-json\/wp\/v2\/product_tag?post=3962"}],"curies":[{"name":"wp","href":"https:\/\/api.w.org\/{rel}","templated":true}]}}