{"id":3964,"date":"2017-02-22T17:14:11","date_gmt":"2017-02-22T16:14:11","guid":{"rendered":"http:\/\/klubmamgdynia.pl\/index.php\/produkt\/grill-ogrodowy-wedzarnia-tuba\/"},"modified":"2026-04-30T01:28:03","modified_gmt":"2026-04-29T23:28:03","slug":"grill-ogrodowy-wedzarnia-tuba","status":"publish","type":"product","link":"http:\/\/klubmamgdynia.pl\/index.php\/produkt\/grill-ogrodowy-wedzarnia-tuba\/","title":{"rendered":"Grill ogrodowy w\u0119dzarnia tuba"},"content":{"rendered":"<p>Grill ogrodowy w\u0119dzarnia tuba[post_narrow]Grill w\u0119glowy z w\u0119dzarni\u0105 wyposa\u017cony w termometr do kontroli temperatury wewn\u0119trznej. Urz\u0105dzenie sk\u0142ada si\u0119 z 3 cz\u0119\u015bci zestawianych ze sob\u0105. Dolny element z nogami i paleniskiem mo\u017cna zestawi\u0107 z pokryw\u0105 bez \u015brodkowego elementu. Wysoka jako\u015b\u0107 wykonania, stal malowana proszkowo. Idealny do grillowania, w\u0119dzenia, pieczenia, duszenia czy podgrzewania. Wyposa\u017cony w termometr kontroluj\u0105cy temperatur\u0119 wewn\u0105trz, co istotne jest szczeg\u00f3lnie podczas w\u0119dzenia, a tak\u017ce w regulowany kratk\u0119. Stabilny na trzech nogach, izoluj\u0105cy rozgrzany sp\u00f3d od pod\u0142o\u017ca. Wyposa\u017cony w dwa ruszty. Dodatkowo posiada naczynie na wod\u0119 pozwala absorbowa\u0107 t\u0142uszcz. Dwoje drzwiczek dla \u0142atwiejszego dost\u0119pu do wn\u0119trza w\u0119dzarni. Wymiary ca\u0142kowite: Wysoko\u015b\u0107 83 cm szeroko\u015b\u0107: 40 cm \u015brednica ruszt\u00f3w 37cm wymiary opakowania 44x44x26cm Ilo\u015b\u0107 szt. na palecie: 28[\/post_narrow]<\/p>\n<h2>Grill ogrodowy w\u0119dzarnia tuba Gotel<\/h2>\n<p>pomys\u0142y na dzie\u0144 dziecka dla nastolatk\u00f3w, flagi europy quiz, kira, warszawa z dzieckiem, proste zagadki logiczne, gdy strumyk p\u0142ynie z wolna, najlepsze zarty na prima aprilis, wiosna kolorowanka do druku, oryginalny prezent na roczek dla dziewczynki, jak rozmawia\u0107 z dzie\u0107mi o wojnie, w\u0142ochy, zabawki na roczek dla ch\u0142opca, sandra imie, najlepsze \u017carty na prima aprilis<\/p>\n<p>yyyyy<\/p>\n<p>&nbsp;<\/p>\n","protected":false},"excerpt":{"rendered":"<p>Grill ogrodowy w\u0119dzarnia tuba[post_narrow]Grill w\u0119glowy z w\u0119dzarni\u0105 wyposa\u017cony w termometr do kontroli temperatury wewn\u0119trznej. Urz\u0105dzenie sk\u0142ada si\u0119 z 3 cz\u0119\u015bci zestawianych ze sob\u0105. Dolny element z nogami i paleniskiem mo\u017cna zestawi\u0107 z pokryw\u0105 bez \u015brodkowego elementu. Wysoka jako\u015b\u0107 wykonania, stal malowana proszkowo. Idealny do grillowania, w\u0119dzenia, pieczenia, duszenia czy podgrzewania. Wyposa\u017cony w termometr kontroluj\u0105cy temperatur\u0119 [&hellip;]<\/p>\n","protected":false},"featured_media":3965,"comment_status":"closed","ping_status":"open","template":"","meta":[],"product_cat":[1158,1159],"product_tag":[728,861],"class_list":["post-3964","product","type-product","status-publish","has-post-thumbnail","hentry","product_cat-gotel","product_cat-wedzarnie","product_tag-bezwarunkowa-milosc-do-dziecka-cytaty","product_tag-jak-narysowac-psa"],"_links":{"self":[{"href":"http:\/\/klubmamgdynia.pl\/index.php\/wp-json\/wp\/v2\/product\/3964","targetHints":{"allow":["GET"]}}],"collection":[{"href":"http:\/\/klubmamgdynia.pl\/index.php\/wp-json\/wp\/v2\/product"}],"about":[{"href":"http:\/\/klubmamgdynia.pl\/index.php\/wp-json\/wp\/v2\/types\/product"}],"replies":[{"embeddable":true,"href":"http:\/\/klubmamgdynia.pl\/index.php\/wp-json\/wp\/v2\/comments?post=3964"}],"wp:featuredmedia":[{"embeddable":true,"href":"http:\/\/klubmamgdynia.pl\/index.php\/wp-json\/wp\/v2\/media\/3965"}],"wp:attachment":[{"href":"http:\/\/klubmamgdynia.pl\/index.php\/wp-json\/wp\/v2\/media?parent=3964"}],"wp:term":[{"taxonomy":"product_cat","embeddable":true,"href":"http:\/\/klubmamgdynia.pl\/index.php\/wp-json\/wp\/v2\/product_cat?post=3964"},{"taxonomy":"product_tag","embeddable":true,"href":"http:\/\/klubmamgdynia.pl\/index.php\/wp-json\/wp\/v2\/product_tag?post=3964"}],"curies":[{"name":"wp","href":"https:\/\/api.w.org\/{rel}","templated":true}]}}