{"id":397,"date":"2013-09-05T08:25:36","date_gmt":"2013-09-05T06:25:36","guid":{"rendered":"http:\/\/klubmamgdynia.pl\/?post_type=product&#038;p=397"},"modified":"2026-04-06T18:56:49","modified_gmt":"2026-04-06T16:56:49","slug":"carolina-herrera-her-0097-807-54","status":"publish","type":"product","link":"http:\/\/klubmamgdynia.pl\/index.php\/produkt\/carolina-herrera-her-0097-807-54\/","title":{"rendered":"Carolina Herrera Her 0097 807 54"},"content":{"rendered":"<p>Carolina Herrera HER 0097 807 54Rozmiar: 54Materia\u0142 frontu: octanMateria\u0142 zausznik\u00f3w: metalMateria\u0142 ko\u0144c\u00f3wki: octanBaza soczewki: baza 4 sferycznaK\u0105t pantoskopowy: 11Rodzaj zawiasu: flex<\/p>\n<h2>Carolina Herrera Her 0097 807 54 Carolina Herrera<\/h2>\n<p>radiowe nuty niech zyja wakacje, prezent dla nastolatk\u00f3w na \u015bwi\u0119ta, kamila, imi\u0119 iwo, prezent dla 15 latki 2021, filmy wigilijne dla dzieci, bajka krecik, psi patrol kolorowanka, bajki dla dzieci od 7 do 10 lat, \u015bmieszne zagadki logiczne, star wars kolorowanka, mia, cytaty ma\u0142y ksi\u0105\u017ce, kolorowanka star wars, maski karnawa\u0142owe dla dzieci szablony, wierszyki na dobranoc dla dzieci<\/p>\n<p>yyyyy<\/p>\n<p>&nbsp;<\/p>\n","protected":false},"excerpt":{"rendered":"<p>Carolina Herrera HER 0097 807 54Rozmiar: 54Materia\u0142 frontu: octanMateria\u0142 zausznik\u00f3w: metalMateria\u0142 ko\u0144c\u00f3wki: octanBaza soczewki: baza 4 sferycznaK\u0105t pantoskopowy: 11Rodzaj zawiasu: flex Carolina Herrera Her 0097 807 54 Carolina Herrera radiowe nuty niech zyja wakacje, prezent dla nastolatk\u00f3w na \u015bwi\u0119ta, kamila, imi\u0119 iwo, prezent dla 15 latki 2021, filmy wigilijne dla dzieci, bajka krecik, psi patrol [&hellip;]<\/p>\n","protected":false},"featured_media":398,"comment_status":"closed","ping_status":"open","template":"","meta":[],"product_cat":[164,149],"product_tag":[702,848,757,625,809],"class_list":["post-397","product","type-product","status-publish","has-post-thumbnail","hentry","product_cat-carolina-herrera","product_cat-okulary-oprawki-i-szkla","product_tag-co-kupic-na-roczek-dla-dziewczynki","product_tag-cytat-o-rodzinie","product_tag-test-z-lektury-ania-z-zielonego-wzgorza-klasa-6-z-odpowiedziami","product_tag-trojmiasto-atrakcje-dla-dzieci","product_tag-zagadki"],"_links":{"self":[{"href":"http:\/\/klubmamgdynia.pl\/index.php\/wp-json\/wp\/v2\/product\/397","targetHints":{"allow":["GET"]}}],"collection":[{"href":"http:\/\/klubmamgdynia.pl\/index.php\/wp-json\/wp\/v2\/product"}],"about":[{"href":"http:\/\/klubmamgdynia.pl\/index.php\/wp-json\/wp\/v2\/types\/product"}],"replies":[{"embeddable":true,"href":"http:\/\/klubmamgdynia.pl\/index.php\/wp-json\/wp\/v2\/comments?post=397"}],"wp:featuredmedia":[{"embeddable":true,"href":"http:\/\/klubmamgdynia.pl\/index.php\/wp-json\/wp\/v2\/media\/398"}],"wp:attachment":[{"href":"http:\/\/klubmamgdynia.pl\/index.php\/wp-json\/wp\/v2\/media?parent=397"}],"wp:term":[{"taxonomy":"product_cat","embeddable":true,"href":"http:\/\/klubmamgdynia.pl\/index.php\/wp-json\/wp\/v2\/product_cat?post=397"},{"taxonomy":"product_tag","embeddable":true,"href":"http:\/\/klubmamgdynia.pl\/index.php\/wp-json\/wp\/v2\/product_tag?post=397"}],"curies":[{"name":"wp","href":"https:\/\/api.w.org\/{rel}","templated":true}]}}