{"id":3970,"date":"2019-04-09T05:10:22","date_gmt":"2019-04-09T03:10:22","guid":{"rendered":"http:\/\/klubmamgdynia.pl\/index.php\/produkt\/baby-annabell-rajstopki-fioletowe-700815\/"},"modified":"2026-04-08T22:18:19","modified_gmt":"2026-04-08T20:18:19","slug":"baby-annabell-rajstopki-fioletowe-700815","status":"publish","type":"product","link":"http:\/\/klubmamgdynia.pl\/index.php\/produkt\/baby-annabell-rajstopki-fioletowe-700815\/","title":{"rendered":"Baby Annabell Rajstopki Fioletowe 700815"},"content":{"rendered":"<p>Zapf Baby Annabell Rajstopki                            <\/p>\n<p>Monochromatyczne, w paski czy z sercem? Oto jest pytanie!<br \/>\nBy\u0142oby o wiele lepiej, gdyby mo\u017cna by\u0142o nosi\u0107 wszystkie 4 rajstopy naraz.<br \/>\nI by\u0142oby jeszcze lepiej, gdyby nic na wierzchu nie zas\u0142ania\u0142o pi\u0119knych motyw\u00f3w na tych stylowych rajstopkach.<\/p>\n<p>R\u00f3\u017cne wzory. Zestaw zawiera 2 pary rajstopek. Produkt wysy\u0142any losowo.                            <\/p>\n<p>Zapf Creation AG to niemiecka firma, za\u0142o\u017cona przez Maxa i Ros\u0119 Zapf w 1932 roku w Roedentalu. Zapf Creation jest wiod\u0105cym producentem markowych lalek funkcyjnych i akcesori\u00f3w w Europie. Do najbardziej znanych marek nale\u017c\u0105 Baby born, Baby Annabell oraz Chou Chou. Koncept zabawy w ma\u0142e mamy, znany na ca\u0142ym \u015bwiecie, skierowany jest przede wszystkim do dziewczynek w wieku od 3 do 8 lat.<br \/>\n\u00a0Wszystkie marki producenta \u0142\u0105czy wysoka jako\u015b\u0107, bezpiecze\u0144stwo i nowoczesna stylistyka. W czasie projektowania akcesori\u00f3w oraz ubranek dla lalek, projektanci Zapf Creation \u015bledz\u0105 aktualne trendy w modzie dzieci\u0119cej i produktach codziennego u\u017cytku, co powoduje, \u017ce corocznie wprowadzanych jest oko\u0142o 70% nowych produkt\u00f3w. W lalkach Zapf Creation znajduje zastosowanie najnowocze\u015bniejsza technika. Zabawa lalk\u0105 rozwija u dziewczynek funkcje spo\u0142eczne, takie jak: opieka, odpowiedzilno\u015b\u0107, wczuwanie si\u0119 w potrzeby innych ludzi.<\/p>\n<h2>Baby Annabell Rajstopki Fioletowe 700815 BABY ANNABELL<\/h2>\n<p>test z opowie\u015bci z narnii, szybkie zagadki matematyczne, piosenki dla dzieci o jesieni, stare piosenki, znaczenie imienia alan, bajki na dobranoc psi patrol, babcia z dziadkiem to jest to tekst, proste \u017carty na prima aprilis, tabliczka mno\u017cenia kolorowanki do wydruku, laurka dla mamy rysunek, cytaty o dzieci\u0144stwie, jad\u0105 jad\u0105 misie tekst, kondrad imie, stare wierszyki dla dzieci, celina, bajki do czytania dla ch\u0142opc\u00f3w<\/p>\n<p>yyyyy<\/p>\n<p>&nbsp;<\/p>\n","protected":false},"excerpt":{"rendered":"<p>Zapf Baby Annabell Rajstopki Monochromatyczne, w paski czy z sercem? Oto jest pytanie! By\u0142oby o wiele lepiej, gdyby mo\u017cna by\u0142o nosi\u0107 wszystkie 4 rajstopy naraz. I by\u0142oby jeszcze lepiej, gdyby nic na wierzchu nie zas\u0142ania\u0142o pi\u0119knych motyw\u00f3w na tych stylowych rajstopkach. R\u00f3\u017cne wzory. Zestaw zawiera 2 pary rajstopek. Produkt wysy\u0142any losowo. Zapf Creation AG to [&hellip;]<\/p>\n","protected":false},"featured_media":3971,"comment_status":"closed","ping_status":"open","template":"","meta":[],"product_cat":[1161,50],"product_tag":[591,736,791],"class_list":["post-3970","product","type-product","status-publish","has-post-thumbnail","hentry","product_cat-baby-annabell","product_cat-ubranka-i-buty-dla-lalek","product_tag-quiz-o-minecraft","product_tag-zabawki-na-roczek","product_tag-zagadki-na-myslenie"],"_links":{"self":[{"href":"http:\/\/klubmamgdynia.pl\/index.php\/wp-json\/wp\/v2\/product\/3970","targetHints":{"allow":["GET"]}}],"collection":[{"href":"http:\/\/klubmamgdynia.pl\/index.php\/wp-json\/wp\/v2\/product"}],"about":[{"href":"http:\/\/klubmamgdynia.pl\/index.php\/wp-json\/wp\/v2\/types\/product"}],"replies":[{"embeddable":true,"href":"http:\/\/klubmamgdynia.pl\/index.php\/wp-json\/wp\/v2\/comments?post=3970"}],"wp:featuredmedia":[{"embeddable":true,"href":"http:\/\/klubmamgdynia.pl\/index.php\/wp-json\/wp\/v2\/media\/3971"}],"wp:attachment":[{"href":"http:\/\/klubmamgdynia.pl\/index.php\/wp-json\/wp\/v2\/media?parent=3970"}],"wp:term":[{"taxonomy":"product_cat","embeddable":true,"href":"http:\/\/klubmamgdynia.pl\/index.php\/wp-json\/wp\/v2\/product_cat?post=3970"},{"taxonomy":"product_tag","embeddable":true,"href":"http:\/\/klubmamgdynia.pl\/index.php\/wp-json\/wp\/v2\/product_tag?post=3970"}],"curies":[{"name":"wp","href":"https:\/\/api.w.org\/{rel}","templated":true}]}}