{"id":3974,"date":"2012-06-14T11:47:13","date_gmt":"2012-06-14T09:47:13","guid":{"rendered":"http:\/\/klubmamgdynia.pl\/index.php\/produkt\/atk-kieczmerscy-kieczmerscy-pielucha-tetrowa-70x80-druk-1szt\/"},"modified":"2026-04-22T22:16:52","modified_gmt":"2026-04-22T20:16:52","slug":"atk-kieczmerscy-kieczmerscy-pielucha-tetrowa-70x80-druk-1szt","status":"publish","type":"product","link":"http:\/\/klubmamgdynia.pl\/index.php\/produkt\/atk-kieczmerscy-kieczmerscy-pielucha-tetrowa-70x80-druk-1szt\/","title":{"rendered":"Atk Kieczmerscy Kieczmerscy Pielucha Tetrowa 70X80 Druk 1Szt."},"content":{"rendered":"<p>Pielucha tetrowa 70&#215;80 druk KieczmerscyPieluszki tetrowe to przyjazne dla \u015brodowiska ekonomiczne rozwi\u0105zanie w opiece na dzie\u0107mi. Pieluszki tetrowe Sensillo wytwarzane s\u0105 w Polsce z bawe\u0142ny 100%. Nie dra\u017cni\u0105 sk\u00f3ry. Pieluszki dost\u0119pne s\u0105 w wersji z kolorowymi nadrukami.tradycyjne pieluchy bawe\u0142niane 100% gatunek Iekonomiczne rozwi\u0105zanie w opiece nad dzie\u0107mipieluszki tetrowe s\u0105 ch\u0142onne i mi\u0119kkienie podra\u017cniaj\u0105 sk\u00f3ry dzieckamo\u017cna pra\u0107 w temperaturze 40Cwymiary: 70&#215;80 cmcena za 1 szt.kolor i wz\u00f3r jest losowywyprodukowane w Polsce<\/p>\n<h2>Atk Kieczmerscy Kieczmerscy Pielucha Tetrowa 70X80 Druk 1Szt. <\/h2>\n<p>\u017cyczenia na lany poniedzia\u0142ek wielkanocny, lucyna, prezent dla nastolatk\u00f3w, quiz pi\u0142karski, opis do zdj\u0119cia z dzieckiem, kuchcikowo przepisy dla dzieci<\/p>\n<p>yyyyy<\/p>\n<p>&nbsp;<\/p>\n","protected":false},"excerpt":{"rendered":"<p>Pielucha tetrowa 70&#215;80 druk KieczmerscyPieluszki tetrowe to przyjazne dla \u015brodowiska ekonomiczne rozwi\u0105zanie w opiece na dzie\u0107mi. Pieluszki tetrowe Sensillo wytwarzane s\u0105 w Polsce z bawe\u0142ny 100%. Nie dra\u017cni\u0105 sk\u00f3ry. Pieluszki dost\u0119pne s\u0105 w wersji z kolorowymi nadrukami.tradycyjne pieluchy bawe\u0142niane 100% gatunek Iekonomiczne rozwi\u0105zanie w opiece nad dzie\u0107mipieluszki tetrowe s\u0105 ch\u0142onne i mi\u0119kkienie podra\u017cniaj\u0105 sk\u00f3ry dzieckamo\u017cna [&hellip;]<\/p>\n","protected":false},"featured_media":3975,"comment_status":"closed","ping_status":"open","template":"","meta":[],"product_cat":[17],"product_tag":[598,654,813,748,596,826],"class_list":["post-3974","product","type-product","status-publish","has-post-thumbnail","hentry","product_cat-pieluchy","product_tag-co-na-roczek-dla-dziewczynki","product_tag-krotkie-bajki-dla-dzieci-do-czytania","product_tag-krotkie-zagadki-matematyczne-z-odpowiedziami","product_tag-okolice-wroclawia-atrakcje","product_tag-pomysly-na-prima-aprilis","product_tag-prezent-dla-15-latka"],"_links":{"self":[{"href":"http:\/\/klubmamgdynia.pl\/index.php\/wp-json\/wp\/v2\/product\/3974","targetHints":{"allow":["GET"]}}],"collection":[{"href":"http:\/\/klubmamgdynia.pl\/index.php\/wp-json\/wp\/v2\/product"}],"about":[{"href":"http:\/\/klubmamgdynia.pl\/index.php\/wp-json\/wp\/v2\/types\/product"}],"replies":[{"embeddable":true,"href":"http:\/\/klubmamgdynia.pl\/index.php\/wp-json\/wp\/v2\/comments?post=3974"}],"wp:featuredmedia":[{"embeddable":true,"href":"http:\/\/klubmamgdynia.pl\/index.php\/wp-json\/wp\/v2\/media\/3975"}],"wp:attachment":[{"href":"http:\/\/klubmamgdynia.pl\/index.php\/wp-json\/wp\/v2\/media?parent=3974"}],"wp:term":[{"taxonomy":"product_cat","embeddable":true,"href":"http:\/\/klubmamgdynia.pl\/index.php\/wp-json\/wp\/v2\/product_cat?post=3974"},{"taxonomy":"product_tag","embeddable":true,"href":"http:\/\/klubmamgdynia.pl\/index.php\/wp-json\/wp\/v2\/product_tag?post=3974"}],"curies":[{"name":"wp","href":"https:\/\/api.w.org\/{rel}","templated":true}]}}