{"id":3976,"date":"2019-07-27T07:47:56","date_gmt":"2019-07-27T05:47:56","guid":{"rendered":"http:\/\/klubmamgdynia.pl\/index.php\/produkt\/bros-swiece-na-krety-3szt-foger\/"},"modified":"2026-05-17T22:53:35","modified_gmt":"2026-05-17T20:53:35","slug":"bros-swiece-na-krety-3szt-foger","status":"publish","type":"product","link":"http:\/\/klubmamgdynia.pl\/index.php\/produkt\/bros-swiece-na-krety-3szt-foger\/","title":{"rendered":"Bros \u015awiece Na Krety 3Szt. Foger"},"content":{"rendered":"<p>\u015awiece przeznaczone do odstraszania kret\u00f3w na ziemnych konstrukcjach hydrotechnicznych i obiektach sportowych oraz trawiastych lotniskach. Podczas palenia wydzielaj\u0105 one pary substancji aktywnej, kt\u00f3re wype\u0142niaj\u0105 korytarze kret\u00f3w i wyp\u0142aszaj\u0105 je z zaj\u0119tego obszaru na dwa tygodnie. &#8230;<\/p>\n<h2>Bros \u015awiece Na Krety 3Szt. Foger Bayer<\/h2>\n<p>quizy online, teksty ko\u0142ysanek, tajemniczy ogr\u00f3d test z lektury, prezenty na dzie\u0144 dziecka dla nastolatk\u00f3w, znaczenie imiona marcel, cytaty dzie\u0144 nauczyciela, gry dla nastolatk\u00f3w, imie paula, opis do zdj\u0119cia z dzieckiem, bajka o kreciku<\/p>\n<p>yyyyy<\/p>\n<p>&nbsp;<\/p>\n","protected":false},"excerpt":{"rendered":"<p>\u015awiece przeznaczone do odstraszania kret\u00f3w na ziemnych konstrukcjach hydrotechnicznych i obiektach sportowych oraz trawiastych lotniskach. Podczas palenia wydzielaj\u0105 one pary substancji aktywnej, kt\u00f3re wype\u0142niaj\u0105 korytarze kret\u00f3w i wyp\u0142aszaj\u0105 je z zaj\u0119tego obszaru na dwa tygodnie. &#8230; Bros \u015awiece Na Krety 3Szt. Foger Bayer quizy online, teksty ko\u0142ysanek, tajemniczy ogr\u00f3d test z lektury, prezenty na dzie\u0144 [&hellip;]<\/p>\n","protected":false},"featured_media":3977,"comment_status":"closed","ping_status":"open","template":"","meta":[],"product_cat":[1163,313],"product_tag":[775,689,785,757,873],"class_list":["post-3976","product","type-product","status-publish","has-post-thumbnail","hentry","product_cat-bayer","product_cat-zwalczanie-i-odstraszanie-szkodnikow","product_tag-kolorowanki-do-druku-pokemon","product_tag-linda","product_tag-prezent-dla-nastolatkow","product_tag-test-z-lektury-ania-z-zielonego-wzgorza-klasa-6-z-odpowiedziami","product_tag-zagadki-z-odpowiedziami-dla-dzieci"],"_links":{"self":[{"href":"http:\/\/klubmamgdynia.pl\/index.php\/wp-json\/wp\/v2\/product\/3976","targetHints":{"allow":["GET"]}}],"collection":[{"href":"http:\/\/klubmamgdynia.pl\/index.php\/wp-json\/wp\/v2\/product"}],"about":[{"href":"http:\/\/klubmamgdynia.pl\/index.php\/wp-json\/wp\/v2\/types\/product"}],"replies":[{"embeddable":true,"href":"http:\/\/klubmamgdynia.pl\/index.php\/wp-json\/wp\/v2\/comments?post=3976"}],"wp:featuredmedia":[{"embeddable":true,"href":"http:\/\/klubmamgdynia.pl\/index.php\/wp-json\/wp\/v2\/media\/3977"}],"wp:attachment":[{"href":"http:\/\/klubmamgdynia.pl\/index.php\/wp-json\/wp\/v2\/media?parent=3976"}],"wp:term":[{"taxonomy":"product_cat","embeddable":true,"href":"http:\/\/klubmamgdynia.pl\/index.php\/wp-json\/wp\/v2\/product_cat?post=3976"},{"taxonomy":"product_tag","embeddable":true,"href":"http:\/\/klubmamgdynia.pl\/index.php\/wp-json\/wp\/v2\/product_tag?post=3976"}],"curies":[{"name":"wp","href":"https:\/\/api.w.org\/{rel}","templated":true}]}}