{"id":3978,"date":"2015-07-29T01:56:39","date_gmt":"2015-07-28T23:56:39","guid":{"rendered":"http:\/\/klubmamgdynia.pl\/index.php\/produkt\/ega-pieluszki-muslinowe-premium-3szt-60x80-100-bawelna-zestaw-nr-28\/"},"modified":"2026-04-07T10:57:41","modified_gmt":"2026-04-07T08:57:41","slug":"ega-pieluszki-muslinowe-premium-3szt-60x80-100-bawelna-zestaw-nr-28","status":"publish","type":"product","link":"http:\/\/klubmamgdynia.pl\/index.php\/produkt\/ega-pieluszki-muslinowe-premium-3szt-60x80-100-bawelna-zestaw-nr-28\/","title":{"rendered":"Ega Pieluszki Mu\u015blinowe Premium 3Szt. 60X80 100% Bawe\u0142na Zestaw Nr 28"},"content":{"rendered":"<p>Pieluszki MU\u015aLINOWE super mi\u0119kkie s\u0105 niezb\u0119dnym elementem wyprawki &#8211; przydaj\u0105 si\u0119 w okresie noworodkowym i niemowl\u0119cym. Mu\u015blin jest to dwuwarstwowa tetra 100% bawe\u0142ny, o niezwyk\u0142ej mi\u0119kko\u015bci w dotyku oraz przewiewno\u015bci materia\u0142u, dlatego pieluszki mog\u0105 by\u0107 wykorzystywane ju\u017c od pierwszych dni \u017cycia &#8211; jako otulacz, kocyk, podk\u0142ad do przewijania, prze\u015bcierad\u0142o czy r\u0119cznik. \u015awietnie sprawdz\u0105 si\u0119 jako okrycie podczas karmienia piersi\u0105 czy podk\u0142ad na rami\u0119 rodzica chroni\u0105cy ubranie przed ulewaniem. ZALETY: niezwykle i przewiewne idealne sprawdzaj\u0105 si\u0119 w domu i na spacerach z ka\u017cdym praniem staj\u0105 si\u0119 jeszcze bardziej mi\u0119kkie nie podra\u017cniaj\u0105 delikatnej sk\u00f3ry dziecka, ani nie powoduj\u0105 alergii DANE TECHNICZNE: materia\u0142: 100% bawe\u0142na, jako\u015b\u0107 I rozmiar: 60 x 80 cm pakowane s\u0105 w transparentn\u0105 torb\u0119 zapinan\u0105 na zamek zestaw zawiera 3 szt. pieluszek w wersji kolorystycznej przedstawionej na aukcji<\/p>\n<h2>Ega Pieluszki Mu\u015blinowe Premium 3Szt. 60X80 100% Bawe\u0142na Zestaw Nr 28 Ega<\/h2>\n<p>psi patrol kolorowanka do druku, quiz o psie kt\u00f3ry je\u017adzi\u0142 kolej\u0105, nadie\u017cda imi\u0119, zygzak mcqueen kolorowanka, fajne prezenty dla nastolatk\u00f3w, bajka terapeutyczna o z\u0142o\u015bci pdf, oliwier znaczenie imienia, ko\u0142ysanki tekst, znane misie z bajek<\/p>\n<p>yyyyy<\/p>\n<p>&nbsp;<\/p>\n","protected":false},"excerpt":{"rendered":"<p>Pieluszki MU\u015aLINOWE super mi\u0119kkie s\u0105 niezb\u0119dnym elementem wyprawki &#8211; przydaj\u0105 si\u0119 w okresie noworodkowym i niemowl\u0119cym. Mu\u015blin jest to dwuwarstwowa tetra 100% bawe\u0142ny, o niezwyk\u0142ej mi\u0119kko\u015bci w dotyku oraz przewiewno\u015bci materia\u0142u, dlatego pieluszki mog\u0105 by\u0107 wykorzystywane ju\u017c od pierwszych dni \u017cycia &#8211; jako otulacz, kocyk, podk\u0142ad do przewijania, prze\u015bcierad\u0142o czy r\u0119cznik. \u015awietnie sprawdz\u0105 si\u0119 jako [&hellip;]<\/p>\n","protected":false},"featured_media":3979,"comment_status":"closed","ping_status":"open","template":"","meta":[],"product_cat":[1153,17],"product_tag":[861,584,734,815,743],"class_list":["post-3978","product","type-product","status-publish","has-post-thumbnail","hentry","product_cat-ega","product_cat-pieluchy","product_tag-jak-narysowac-psa","product_tag-liwia","product_tag-milan-imie","product_tag-ozdoby-choinkowe-dla-dzieci","product_tag-quiz-dla-dzieci"],"_links":{"self":[{"href":"http:\/\/klubmamgdynia.pl\/index.php\/wp-json\/wp\/v2\/product\/3978","targetHints":{"allow":["GET"]}}],"collection":[{"href":"http:\/\/klubmamgdynia.pl\/index.php\/wp-json\/wp\/v2\/product"}],"about":[{"href":"http:\/\/klubmamgdynia.pl\/index.php\/wp-json\/wp\/v2\/types\/product"}],"replies":[{"embeddable":true,"href":"http:\/\/klubmamgdynia.pl\/index.php\/wp-json\/wp\/v2\/comments?post=3978"}],"wp:featuredmedia":[{"embeddable":true,"href":"http:\/\/klubmamgdynia.pl\/index.php\/wp-json\/wp\/v2\/media\/3979"}],"wp:attachment":[{"href":"http:\/\/klubmamgdynia.pl\/index.php\/wp-json\/wp\/v2\/media?parent=3978"}],"wp:term":[{"taxonomy":"product_cat","embeddable":true,"href":"http:\/\/klubmamgdynia.pl\/index.php\/wp-json\/wp\/v2\/product_cat?post=3978"},{"taxonomy":"product_tag","embeddable":true,"href":"http:\/\/klubmamgdynia.pl\/index.php\/wp-json\/wp\/v2\/product_tag?post=3978"}],"curies":[{"name":"wp","href":"https:\/\/api.w.org\/{rel}","templated":true}]}}