{"id":3980,"date":"2021-06-15T23:30:10","date_gmt":"2021-06-15T21:30:10","guid":{"rendered":"http:\/\/klubmamgdynia.pl\/index.php\/produkt\/fotopulapka-kamera-lesna-full-hd-noktowizyjna-8mp-9211207507\/"},"modified":"2026-05-02T13:06:40","modified_gmt":"2026-05-02T11:06:40","slug":"fotopulapka-kamera-lesna-full-hd-noktowizyjna-8mp-9211207507","status":"publish","type":"product","link":"http:\/\/klubmamgdynia.pl\/index.php\/produkt\/fotopulapka-kamera-lesna-full-hd-noktowizyjna-8mp-9211207507\/","title":{"rendered":"FOTOPU\u0141APKA KAMERA LE\u015aNA FULL HD NOKTOWIZYJNA 8MP 9211207507"},"content":{"rendered":"<p>Kod producenta: 10240003Profesjonalna fotopu\u0142apka marki Stamony to doskona\u0142e narz\u0119dzie do obserwacji zwierz\u0105t le\u015bnych oraz ochrony budynk\u00f3w. Czu\u0142y sensor obrazu CMOS pozwala na robienie wyra\u017anych fotografii w rozdzielczo\u015bci 8 MP (rozdzielczo\u015b\u0107 interpolowana 16 MP). Dzi\u0119ki 42 diodom LED na podczerwie\u0144 jako\u015b\u0107 jest doskona\u0142a nawet w nocy. Kamera le\u015bna zaczyna prac\u0119 w 0,3 s od momentu wykrycia ruchu, W tym czasie mo\u017ce zrobi\u0107 jedno, trzy, sze\u015b\u0107 lub dziewi\u0119\u0107 zdj\u0119\u0107 lub nagra\u0107 film w wybranej rozdzielczo\u015bci (1080p, 720p, VGA). Mo\u017cna tez uruchomi\u0107 oba tryby jednocze\u015bnie. Zasi\u0119g czujnika w dzie\u0144 i po zmroku wynosi 20m, a k\u0105t widzenia &#8211; 120. Wszystkie pliki mo\u017cna zapisa\u0107 na karcie microSD o maksymalnej pojemno\u015bci 32 GB (brak w zestawie). 2-calowy wy\u015bwietlacz LCD zapewnia wygodne ustawianie parametr\u00f3w takich jak interwa\u0142y czujnika PIR, liczb\u0119 zdj\u0119\u0107 w chwili wykrycia ruchu, rozdzielczo\u015b\u0107 film\u00f3w, format daty oraz ekspozycji, PIN dost\u0119pu oraz aktywujesz timer. Kamera zasilana jest 4 lub 8 bateriami AA. Obudowa posiada stopie\u0144 ochrony IP65, co zapewnia wodo oraz py\u0142oodporno\u015b\u0107.Cechy produktu:- Precyzja &#8211; czujnik CMOS z rozdzielczo\u015bci\u0105 8 MP i nagrywaniem w full HD,- Wygoda &#8211; 2&#8243; LCD, port na kart\u0119 SD do 32 GB,- Wydajno\u015b\u0107 &#8211; wyra\u017ane zdj\u0119cia nocne dzi\u0119ki diodom LED na podczerwie\u0144 (42 szt.),- Wielofunkcyjno\u015b\u0107 &#8211; r\u00f3\u017cne tryby pracy np. kr\u0119cenia film\u00f3w, robienia zdj\u0119\u0107 lub oba jednocze\u015bnie,- Trwa\u0142o\u015b\u0107 &#8211; stopie\u0144 ochrony IP65 zapewniaj\u0105cy wodo i py\u0142oodporno\u015b\u0107.Parametry techniczne:- Model &#8211; ST-HC-8000B- Nr katalogowy &#8211; 10240003- Stan artyku\u0142u &#8211; Nowy- Rodzaj czujnika obrazu &#8211; CMOS- Rozdzielczo\u015b\u0107 czujnika &#8211; 8 MP (rozdzielczo\u015b\u0107 interpolowana: 16 MP)- Pami\u0119\u0107 &#8211; Karta pami\u0119ci microSD do 32 GB (brak w zestawie)- Wy\u015bwietlacz &#8211; LCD- Przek\u0105tna wy\u015bwietlacza &#8211; 50,8 mm \/ 2&#8243;- Tryby pracy &#8211; Robienie zdj\u0119\u0107, Nagrywanie film\u00f3w, Robienie zdj\u0119\u0107 i nagrywanie film\u00f3w jednocze\u015bnie- Zasi\u0119g widzenia nocnego &#8211; 20 m- Liczba diod LED na podczerwie\u0144 &#8211; 42 szt.- Pr\u0119dko\u015b\u0107 spustu migawki &#8211; 0,3 s- Zasi\u0119g czujnika PIR &#8211; 20 m- K\u0105t widzenia czujnika PIR &#8211; 120- Interwa\u0142y czujnika PIR &#8211; 1 s\/min, 5 s\/min, 10 s\/min, 30 s\/min- Liczba zdj\u0119\u0107 na wykrycie &#8211; 1 szt., 3 szt., 6 szt., 9 szt. &#8211; Rozdzielczo\u015b\u0107 film\u00f3w &#8211; 1080p, 720p, VGA- Format plik\u00f3w &#8211; JPEG, AVI- Znacznik czasu &#8211; Tak- Ekspozycja ISO &#8211; Auto, 100, 200, 400- Ochrona has\u0142em &#8211; Tak- Timer &#8211; Tak- Z\u0142\u0105cze &#8211; Wyj\u015bcie telewizyjne- Baterie &#8211; 4 lub 8 baterii AA- Stopie\u0144 ochrony &#8211; IP65- Instrukcja obs\u0142ugi &#8211; Tak- Wymiary (DxSxW) &#8211; 8,5 x 9,5 x 12,5 cm- Waga &#8211; 0,5 kg- Wymiary wysy\u0142ki (DxSxW) &#8211; 16,7 x 12 x 13 cm- Waga wysy\u0142ki &#8211; 0,55 kgW zestawie:- Fotopu\u0142apka- Pasek mocuj\u0105cy- Plastikowa obudowa- Przew\u00f3d USB- Przew\u00f3d AV- Instrukcja PL<\/p>\n<h2>FOTOPU\u0141APKA KAMERA LE\u015aNA FULL HD NOKTOWIZYJNA 8MP 9211207507 <\/h2>\n<p>zabawka na roczek dla ch\u0142opca, kolorowanki, z\u0142ote my\u015bli cytaty o szkole i nauce, narysowa\u0107 rysunki \u0142atwe, aron, regina, kiedy dzieci zbieraja cukierki na halloween, kolorowanka \u015bwinka peppa, praktyczny prezent dla rocznego dziecka, uk\u0142ad s\u0142oneczny do druku<\/p>\n<p>yyyyy<\/p>\n<p>&nbsp;<\/p>\n","protected":false},"excerpt":{"rendered":"<p>Kod producenta: 10240003Profesjonalna fotopu\u0142apka marki Stamony to doskona\u0142e narz\u0119dzie do obserwacji zwierz\u0105t le\u015bnych oraz ochrony budynk\u00f3w. Czu\u0142y sensor obrazu CMOS pozwala na robienie wyra\u017anych fotografii w rozdzielczo\u015bci 8 MP (rozdzielczo\u015b\u0107 interpolowana 16 MP). Dzi\u0119ki 42 diodom LED na podczerwie\u0144 jako\u015b\u0107 jest doskona\u0142a nawet w nocy. Kamera le\u015bna zaczyna prac\u0119 w 0,3 s od momentu wykrycia [&hellip;]<\/p>\n","protected":false},"featured_media":3981,"comment_status":"closed","ping_status":"open","template":"","meta":[],"product_cat":[1164],"product_tag":[871,670,605,614,659],"class_list":["post-3980","product","type-product","status-publish","has-post-thumbnail","hentry","product_cat-akcesoria-mysliwskie","product_tag-bajka-o-smoku-wawelskim","product_tag-irma","product_tag-milena","product_tag-pia","product_tag-tupu-tup-po-sniegu-tekst"],"_links":{"self":[{"href":"http:\/\/klubmamgdynia.pl\/index.php\/wp-json\/wp\/v2\/product\/3980","targetHints":{"allow":["GET"]}}],"collection":[{"href":"http:\/\/klubmamgdynia.pl\/index.php\/wp-json\/wp\/v2\/product"}],"about":[{"href":"http:\/\/klubmamgdynia.pl\/index.php\/wp-json\/wp\/v2\/types\/product"}],"replies":[{"embeddable":true,"href":"http:\/\/klubmamgdynia.pl\/index.php\/wp-json\/wp\/v2\/comments?post=3980"}],"wp:featuredmedia":[{"embeddable":true,"href":"http:\/\/klubmamgdynia.pl\/index.php\/wp-json\/wp\/v2\/media\/3981"}],"wp:attachment":[{"href":"http:\/\/klubmamgdynia.pl\/index.php\/wp-json\/wp\/v2\/media?parent=3980"}],"wp:term":[{"taxonomy":"product_cat","embeddable":true,"href":"http:\/\/klubmamgdynia.pl\/index.php\/wp-json\/wp\/v2\/product_cat?post=3980"},{"taxonomy":"product_tag","embeddable":true,"href":"http:\/\/klubmamgdynia.pl\/index.php\/wp-json\/wp\/v2\/product_tag?post=3980"}],"curies":[{"name":"wp","href":"https:\/\/api.w.org\/{rel}","templated":true}]}}