{"id":3982,"date":"2019-10-27T18:37:02","date_gmt":"2019-10-27T17:37:02","guid":{"rendered":"http:\/\/klubmamgdynia.pl\/index.php\/produkt\/vidaxl-szopa-ogrodowa-antracytowa-stalowa\/"},"modified":"2026-04-27T02:17:17","modified_gmt":"2026-04-27T00:17:17","slug":"vidaxl-szopa-ogrodowa-antracytowa-stalowa","status":"publish","type":"product","link":"http:\/\/klubmamgdynia.pl\/index.php\/produkt\/vidaxl-szopa-ogrodowa-antracytowa-stalowa\/","title":{"rendered":"Vidaxl Szopa Ogrodowa Antracytowa Stalowa"},"content":{"rendered":"<p>Szopa ogrodowa zapewni praktyczne miejsce na r\u00f3\u017cne sprz\u0119ty i narz\u0119dzia. Szopa ogrodowa ma 2 otwory wentylacyjne, zapewniaj\u0105ce sta\u0142\u0105 cyrkulacj\u0119 powietrza. Podw\u00f3jne rozsuwane drzwi umo\u017cliwiaj\u0105 \u0142atwe i wygodne wej\u015bcie oraz wyj\u015bcie. Wykonana ze stali galwanizowanej konstrukcja z pow\u0142ok\u0105 cynkow\u0105 jest trwa\u0142a i mocna oraz odporna na korozj\u0119 i niekorzystne warunki pogodowe. Przyci\u0119te elementy i wywiercone otwory oraz za\u0142\u0105czona instrukcja monta\u017cu u\u0142atwi\u0105 sk\u0142adanie.<\/p>\n<h2>Vidaxl Szopa Ogrodowa Antracytowa Stalowa VidaXL<\/h2>\n<p>kolorowanki pokemon, wiersze o wakacjach, rzadkie imiona, \u0142amig\u0142\u00f3wki s\u0142owne, karty pracy dla dzieci z ukrainy pdf, miko\u0142ajek sprawdzian z lektury z odpowiedziami, nietypowe atrakcje dla dzieci, test wiedzy zemsta, laurka dla mamy rysunek, kolorowanki lol do druku, janusz, kolorowanka elsa, psi patrol kolorowanki, pomys\u0142 na prezent dla nastolatk\u00f3w, pieski ma\u0142e dwa tekst, bajka krecik, test z lektury miko\u0142ajek do druku<\/p>\n<p>yyyyy<\/p>\n<p>&nbsp;<\/p>\n","protected":false},"excerpt":{"rendered":"<p>Szopa ogrodowa zapewni praktyczne miejsce na r\u00f3\u017cne sprz\u0119ty i narz\u0119dzia. Szopa ogrodowa ma 2 otwory wentylacyjne, zapewniaj\u0105ce sta\u0142\u0105 cyrkulacj\u0119 powietrza. Podw\u00f3jne rozsuwane drzwi umo\u017cliwiaj\u0105 \u0142atwe i wygodne wej\u015bcie oraz wyj\u015bcie. Wykonana ze stali galwanizowanej konstrukcja z pow\u0142ok\u0105 cynkow\u0105 jest trwa\u0142a i mocna oraz odporna na korozj\u0119 i niekorzystne warunki pogodowe. Przyci\u0119te elementy i wywiercone otwory [&hellip;]<\/p>\n","protected":false},"featured_media":3983,"comment_status":"closed","ping_status":"open","template":"","meta":[],"product_cat":[1041,23],"product_tag":[662,728,693,849,873,701],"class_list":["post-3982","product","type-product","status-publish","has-post-thumbnail","hentry","product_cat-pawilony-altanki-i-domki","product_cat-vidaxl","product_tag-bajki-na-dobranoc","product_tag-bezwarunkowa-milosc-do-dziecka-cytaty","product_tag-zagadki-dla-doroslych","product_tag-zagadki-matematyczne-dla-dzieci","product_tag-zagadki-z-odpowiedziami-dla-dzieci","product_tag-zgadywanki-dla-dzieci"],"_links":{"self":[{"href":"http:\/\/klubmamgdynia.pl\/index.php\/wp-json\/wp\/v2\/product\/3982","targetHints":{"allow":["GET"]}}],"collection":[{"href":"http:\/\/klubmamgdynia.pl\/index.php\/wp-json\/wp\/v2\/product"}],"about":[{"href":"http:\/\/klubmamgdynia.pl\/index.php\/wp-json\/wp\/v2\/types\/product"}],"replies":[{"embeddable":true,"href":"http:\/\/klubmamgdynia.pl\/index.php\/wp-json\/wp\/v2\/comments?post=3982"}],"wp:featuredmedia":[{"embeddable":true,"href":"http:\/\/klubmamgdynia.pl\/index.php\/wp-json\/wp\/v2\/media\/3983"}],"wp:attachment":[{"href":"http:\/\/klubmamgdynia.pl\/index.php\/wp-json\/wp\/v2\/media?parent=3982"}],"wp:term":[{"taxonomy":"product_cat","embeddable":true,"href":"http:\/\/klubmamgdynia.pl\/index.php\/wp-json\/wp\/v2\/product_cat?post=3982"},{"taxonomy":"product_tag","embeddable":true,"href":"http:\/\/klubmamgdynia.pl\/index.php\/wp-json\/wp\/v2\/product_tag?post=3982"}],"curies":[{"name":"wp","href":"https:\/\/api.w.org\/{rel}","templated":true}]}}