{"id":3984,"date":"2019-07-05T18:55:01","date_gmt":"2019-07-05T16:55:01","guid":{"rendered":"http:\/\/klubmamgdynia.pl\/index.php\/produkt\/cheminova-shado-300-sc-10l\/"},"modified":"2026-04-29T04:11:54","modified_gmt":"2026-04-29T02:11:54","slug":"cheminova-shado-300-sc-10l","status":"publish","type":"product","link":"http:\/\/klubmamgdynia.pl\/index.php\/produkt\/cheminova-shado-300-sc-10l\/","title":{"rendered":"Cheminova Shado 300 SC 10L"},"content":{"rendered":"<h2>Cheminova Shado 300 SC 10L Cheminova<\/h2>\n<p>wroclaw atrakcje dla dzieci, zagatki, kolorowanki dla ch\u0142opc\u00f3w, trudne zagadki dla dzieci, jak narysowa\u0107 konia, radiowe nuty niech zyja wakacje<\/p>\n<p>yyyyy<\/p>\n<p>&nbsp;<\/p>\n","protected":false},"excerpt":{"rendered":"<p>Cheminova Shado 300 SC 10L Cheminova wroclaw atrakcje dla dzieci, zagatki, kolorowanki dla ch\u0142opc\u00f3w, trudne zagadki dla dzieci, jak narysowa\u0107 konia, radiowe nuty niech zyja wakacje yyyyy &nbsp;<\/p>\n","protected":false},"featured_media":0,"comment_status":"closed","ping_status":"open","template":"","meta":[],"product_cat":[1165,1141],"product_tag":[674,687,620,587,606],"class_list":["post-3984","product","type-product","status-publish","hentry","product_cat-cheminova","product_cat-srodki-ochrony-roslin","product_tag-miasto-dzieci","product_tag-podchwytliwe-zagadki-matematyczne","product_tag-quiz-opowiesci-z-narnii","product_tag-skalne-miasto","product_tag-stala-pod-sniegiem"],"_links":{"self":[{"href":"http:\/\/klubmamgdynia.pl\/index.php\/wp-json\/wp\/v2\/product\/3984","targetHints":{"allow":["GET"]}}],"collection":[{"href":"http:\/\/klubmamgdynia.pl\/index.php\/wp-json\/wp\/v2\/product"}],"about":[{"href":"http:\/\/klubmamgdynia.pl\/index.php\/wp-json\/wp\/v2\/types\/product"}],"replies":[{"embeddable":true,"href":"http:\/\/klubmamgdynia.pl\/index.php\/wp-json\/wp\/v2\/comments?post=3984"}],"wp:attachment":[{"href":"http:\/\/klubmamgdynia.pl\/index.php\/wp-json\/wp\/v2\/media?parent=3984"}],"wp:term":[{"taxonomy":"product_cat","embeddable":true,"href":"http:\/\/klubmamgdynia.pl\/index.php\/wp-json\/wp\/v2\/product_cat?post=3984"},{"taxonomy":"product_tag","embeddable":true,"href":"http:\/\/klubmamgdynia.pl\/index.php\/wp-json\/wp\/v2\/product_tag?post=3984"}],"curies":[{"name":"wp","href":"https:\/\/api.w.org\/{rel}","templated":true}]}}