{"id":3987,"date":"2020-06-08T20:14:05","date_gmt":"2020-06-08T18:14:05","guid":{"rendered":"http:\/\/klubmamgdynia.pl\/index.php\/produkt\/llorens-ubranko-dla-lalki-42cm\/"},"modified":"2026-04-28T15:20:05","modified_gmt":"2026-04-28T13:20:05","slug":"llorens-ubranko-dla-lalki-42cm","status":"publish","type":"product","link":"http:\/\/klubmamgdynia.pl\/index.php\/produkt\/llorens-ubranko-dla-lalki-42cm\/","title":{"rendered":"Llorens Ubranko Dla Lalki 42Cm"},"content":{"rendered":"<p>Ubranko dla lalki 42 cm Ubranka pasuj\u0105 na lalki, kt\u00f3re s\u0105 wzrostu42 cm. W komplecie znajdziemy: sukienk\u0119 w wiosenny wz\u00f3r, r\u00f3\u017cow\u0105 kurteczk\u0119 z kapturem, blommersy, skarpetki z pomponami, gumki do w\u0142os\u00f3w i t\u0119czowy szalik z pomponami. Ubranka zapakowane s\u0105 w foli\u0119 z wieszaczkiem. Stosowane przez nas tkaniny pochodz\u0105 od renomowanych marek odzie\u017cy dzieci\u0119cej, najlepszej jako\u015bci materia\u0142\u00f3w. Wszystkie produkty Llorens s\u0105 zgodne z europejskimi przepisami dotycz\u0105cymi bezpiecze\u0144stwa dzieci, co gwarantuje, \u017ce Twoje dzieci b\u0119d\u0105 si\u0119 bawi\u0107 w mo\u017cliwie najbezpieczniejszy spos\u00f3b.<\/p>\n<h2>Llorens Ubranko Dla Lalki 42Cm Llorens<\/h2>\n<p>kiedy dzieci chodz\u0105 na halloween, przeczytaj mi wiersz, z\u0142ote my\u015bli kr\u00f3tkie, maska spiderman, antystresowe mandale do druku, gry z pi\u0142k\u0105, zagadki s\u0142owne, halszka, miasto dzieci.pl, kolorowanka minecraft, prezent dla pi\u0119tnastolatka<\/p>\n<p>yyyyy<\/p>\n<p>&nbsp;<\/p>\n","protected":false},"excerpt":{"rendered":"<p>Ubranko dla lalki 42 cm Ubranka pasuj\u0105 na lalki, kt\u00f3re s\u0105 wzrostu42 cm. W komplecie znajdziemy: sukienk\u0119 w wiosenny wz\u00f3r, r\u00f3\u017cow\u0105 kurteczk\u0119 z kapturem, blommersy, skarpetki z pomponami, gumki do w\u0142os\u00f3w i t\u0119czowy szalik z pomponami. Ubranka zapakowane s\u0105 w foli\u0119 z wieszaczkiem. Stosowane przez nas tkaniny pochodz\u0105 od renomowanych marek odzie\u017cy dzieci\u0119cej, najlepszej jako\u015bci [&hellip;]<\/p>\n","protected":false},"featured_media":3988,"comment_status":"closed","ping_status":"open","template":"","meta":[],"product_cat":[1166,50],"product_tag":[648,717,602,675,793],"class_list":["post-3987","product","type-product","status-publish","has-post-thumbnail","hentry","product_cat-llorens","product_cat-ubranka-i-buty-dla-lalek","product_tag-dobrej-nocy-i-sza","product_tag-prezent-roczek","product_tag-quiz-o-zwierzetach-domowych","product_tag-test-z-lektury-kajko-i-kokosz-szkola-latania","product_tag-zagadki-smieszne-podchwytliwe"],"_links":{"self":[{"href":"http:\/\/klubmamgdynia.pl\/index.php\/wp-json\/wp\/v2\/product\/3987","targetHints":{"allow":["GET"]}}],"collection":[{"href":"http:\/\/klubmamgdynia.pl\/index.php\/wp-json\/wp\/v2\/product"}],"about":[{"href":"http:\/\/klubmamgdynia.pl\/index.php\/wp-json\/wp\/v2\/types\/product"}],"replies":[{"embeddable":true,"href":"http:\/\/klubmamgdynia.pl\/index.php\/wp-json\/wp\/v2\/comments?post=3987"}],"wp:featuredmedia":[{"embeddable":true,"href":"http:\/\/klubmamgdynia.pl\/index.php\/wp-json\/wp\/v2\/media\/3988"}],"wp:attachment":[{"href":"http:\/\/klubmamgdynia.pl\/index.php\/wp-json\/wp\/v2\/media?parent=3987"}],"wp:term":[{"taxonomy":"product_cat","embeddable":true,"href":"http:\/\/klubmamgdynia.pl\/index.php\/wp-json\/wp\/v2\/product_cat?post=3987"},{"taxonomy":"product_tag","embeddable":true,"href":"http:\/\/klubmamgdynia.pl\/index.php\/wp-json\/wp\/v2\/product_tag?post=3987"}],"curies":[{"name":"wp","href":"https:\/\/api.w.org\/{rel}","templated":true}]}}