{"id":3989,"date":"2021-03-18T21:55:12","date_gmt":"2021-03-18T20:55:12","guid":{"rendered":"http:\/\/klubmamgdynia.pl\/index.php\/produkt\/dada-pieluchy-pure-care-mini-2-140-szt\/"},"modified":"2026-04-29T22:21:21","modified_gmt":"2026-04-29T20:21:21","slug":"dada-pieluchy-pure-care-mini-2-140-szt","status":"publish","type":"product","link":"http:\/\/klubmamgdynia.pl\/index.php\/produkt\/dada-pieluchy-pure-care-mini-2-140-szt\/","title":{"rendered":"Dada Pieluchy Pure Care Mini 2 140 szt"},"content":{"rendered":"<p>Pieluszki Dada Pure Care Junior rozmiar 2 3-6 kg 140 szt.Pieluszki DADA to jedyne pieluszki w Polsce stworzone we wsp\u00f3\u0142pracy z Instytutem Matki i Dziecka.Marka DADA to najcz\u0119\u015bciej kupowanamarka pieluszek w Polsce*.Pieluszki Junior [rozmiar 2] dedykowane s\u0105 dzieciom wa\u017c\u0105cym od 3 do 6 kg.Opakowanie zawiera 140 sztuk.*Ontex za GFK Polonia, Panel Gospodarstw Domowych, Kategoria: Pieluchy i pieluchomajtki dla dzieci, Grupa populacyjna: Gospodarstwa kupuj\u0105ce kategori\u0119, Rynek: Total Poland, Fakt: Cz\u0119stotliwo\u015b\u0107; Produkt: Marka Dadal Okres: MAT 12 2021Doskona\u0142a sucho\u015b\u0107 dzi\u0119ki najnowocze\u015bniejszym technologiomPo\u0142\u0105czenie technologii i naturalno\u015bci- Dzi\u0119ki innowacyjnej technologii SeconDry \u00ae wilgo\u0107 niezwykle szybko trafia do wn\u0119trza pieluszki, utrzymuj\u0105c j\u0105 z dala od sk\u00f3ry Twojego dziecka. Dzi\u0119ki temu sk\u00f3ra dziecka staje si\u0119 natychmiast sucha.- Technologia Quick Liquid Attraction i LongLasting Wetlock pozwalaj\u0105 na r\u00f3wnomierne i d\u0142ugotrwa\u0142e wch\u0142anianie wilgoci.- Mi\u0119kka pow\u0142oczka wewn\u0119trzna pieluszki stworzona jest w 100% z materia\u0142\u00f3w pochodzenia ro\u015blinnego, bez kompozycji zapachowej, dzi\u0119ki czemu minimalizowane jest ryzyko reakcji alergicznych.Najwy\u017csza jako\u015b\u0107 od Dada potwierdzona badaniamiDzi\u0119ki po\u0142\u0105czeniu organicznej bawe\u0142ny i bielonej bez u\u017cycia chloru celulozy z najnowocze\u015bniejszymi technologiami, pieluszki zapewniaj\u0105 niezawodn\u0105 ochron\u0119 i delikatno\u015b\u0107 ju\u017c od pierwszych dni \u017cycia.Hipoalergiczne pow\u0142oczki w produktach Dada Pure Care zosta\u0142y stworzone w 100% z materia\u0142\u00f3w pochodzenia ro\u015blinnego dzi\u0119ki czemu s\u0105 mi\u0119kkie, przewiewne i delikatne w kontakcie ze sk\u00f3r\u0105 niemowl\u0105t.Pieluszki s\u0105 wolne od kompozycji zapachowych, balsam\u00f3w i s\u0105 odpowiednie dla sk\u00f3ry wra\u017cliwej \u2013 co zosta\u0142o potwierdzone przez testy kliniczne.Wygoda dla dziecka, wygoda dla rodzic\u00f3wPieluszki posiadaj\u0105 wska\u017anik wilgotno\u015bciZ troski o dziecko i planet\u0119Pieluszki produkowane w fabrykach wykorzystuj\u0105cych energi\u0119 elektryczn\u0105 pochodz\u0105c\u0105 ze \u017ar\u00f3de\u0142 odnawialnych, zawieraj\u0105 celuloz\u0119 pochodz\u0105c\u0105 z las\u00f3w zarz\u0105dzanych w odpowiedzialny spos\u00f3b oraz innych kontrolowanych \u017ar\u00f3de\u0142.Pieluszki posiadaj\u0105 certyfikat EcoLabel, kt\u00f3ry gwarantuje spe\u0142nianie wysokich standard\u00f3w \u015brodowiskowych &#8211; poczynaj\u0105c od surowc\u00f3w, poprzez produkcj\u0119 i dystrybucj\u0119.Cotton i Cotton Enhanced s\u0105 znakami towarowymi Cotton incorporated. Warstwa zewn\u0119trzna zawiera 15% bawe\u0142ny organicznej.Pieluszki DADA to jedyne pieluszki w Polsce stworzone we wsp\u00f3\u0142pracy z Instytutem Matki i Dziecka.Testowane dermatologicznie w Instytucie Dermatest w trosce o Twoje dziecko.Pieluszki wyprodukowane s\u0105 bez u\u017cycia chloru ani substancji zapachowych, aby zminimalizowa\u0107 ryzyko reakcji alergicznej sk\u00f3ry.<\/p>\n<h2>Dada Pieluchy Pure Care Mini 2 140 szt Dada<\/h2>\n<p>prezent na roczek, test opowie\u015bci z narnii lew czarownica i stara szafa do druku, romantyczna bajka na dobranoc, opis na dzie\u0144 mamy, bardzo trudne zagadki, misie z film\u00f3w animowanych, cytat o dziecku, zagadki kr\u00f3tkie, opisy do zdj dziecka, misie z bajek, ada imie, piosenki o wakacjach, dekorowanie kanapek dla dzieci, kornelia, kolorowanki do wydruku postacie z bajek, kr\u00f3tkie zagadki, karty pracy dla dzieci z ukrainy do druku<\/p>\n<p>yyyyy<\/p>\n<p>&nbsp;<\/p>\n","protected":false},"excerpt":{"rendered":"<p>Pieluszki Dada Pure Care Junior rozmiar 2 3-6 kg 140 szt.Pieluszki DADA to jedyne pieluszki w Polsce stworzone we wsp\u00f3\u0142pracy z Instytutem Matki i Dziecka.Marka DADA to najcz\u0119\u015bciej kupowanamarka pieluszek w Polsce*.Pieluszki Junior [rozmiar 2] dedykowane s\u0105 dzieciom wa\u017c\u0105cym od 3 do 6 kg.Opakowanie zawiera 140 sztuk.*Ontex za GFK Polonia, Panel Gospodarstw Domowych, Kategoria: Pieluchy [&hellip;]<\/p>\n","protected":false},"featured_media":3990,"comment_status":"closed","ping_status":"open","template":"","meta":[],"product_cat":[1145,17],"product_tag":[598,691,673,612,592],"class_list":["post-3989","product","type-product","status-publish","has-post-thumbnail","hentry","product_cat-dada","product_cat-pieluchy","product_tag-co-na-roczek-dla-dziewczynki","product_tag-gabriel","product_tag-juz-blisko-koleda-tekst","product_tag-kolorowanki-do-druku","product_tag-zagadki-dla-dzieci"],"_links":{"self":[{"href":"http:\/\/klubmamgdynia.pl\/index.php\/wp-json\/wp\/v2\/product\/3989","targetHints":{"allow":["GET"]}}],"collection":[{"href":"http:\/\/klubmamgdynia.pl\/index.php\/wp-json\/wp\/v2\/product"}],"about":[{"href":"http:\/\/klubmamgdynia.pl\/index.php\/wp-json\/wp\/v2\/types\/product"}],"replies":[{"embeddable":true,"href":"http:\/\/klubmamgdynia.pl\/index.php\/wp-json\/wp\/v2\/comments?post=3989"}],"wp:featuredmedia":[{"embeddable":true,"href":"http:\/\/klubmamgdynia.pl\/index.php\/wp-json\/wp\/v2\/media\/3990"}],"wp:attachment":[{"href":"http:\/\/klubmamgdynia.pl\/index.php\/wp-json\/wp\/v2\/media?parent=3989"}],"wp:term":[{"taxonomy":"product_cat","embeddable":true,"href":"http:\/\/klubmamgdynia.pl\/index.php\/wp-json\/wp\/v2\/product_cat?post=3989"},{"taxonomy":"product_tag","embeddable":true,"href":"http:\/\/klubmamgdynia.pl\/index.php\/wp-json\/wp\/v2\/product_tag?post=3989"}],"curies":[{"name":"wp","href":"https:\/\/api.w.org\/{rel}","templated":true}]}}