{"id":3991,"date":"2013-09-23T21:36:02","date_gmt":"2013-09-23T19:36:02","guid":{"rendered":"http:\/\/klubmamgdynia.pl\/index.php\/produkt\/meyco-pieluchomajtki-gazowe-6-pak-biale-70x70cm\/"},"modified":"2026-04-30T05:38:09","modified_gmt":"2026-04-30T03:38:09","slug":"meyco-pieluchomajtki-gazowe-6-pak-biale-70x70cm","status":"publish","type":"product","link":"http:\/\/klubmamgdynia.pl\/index.php\/produkt\/meyco-pieluchomajtki-gazowe-6-pak-biale-70x70cm\/","title":{"rendered":"Meyco Pieluchomajtki Gazowe 6-Pak Bia\u0142e 70X70Cm"},"content":{"rendered":"<p>Pieluszki mu\u015blinowe z Meyco to bawe\u0142niane \u015bciereczki o wymiarach 70 x 70 cm. Cudownie mi\u0119kkie i wygodne dla delikatnej sk\u00f3ry dziecka. \u015aciereczki dobrze wch\u0142aniaj\u0105 wilgo\u0107 i szybko schn\u0105. Mo\u017ce by\u0107 u\u017cywany jako zmywalna pieluszka, r\u0119cznik, \u015bciereczka do karmienia lub podk\u0142adka do przewijania. Szczeg\u00f3\u0142y produktu: Materia\u0142: 100% bawe\u0142na Wymiary: 70 x 70 cm Mo\u017cna pra\u0107 w temperaturze do 60 \u00b0C Suszy\u0107 w \u015bredniej temperaturze. Prasowanie w temperaturze do 220 \u00b0C Nie wybiela\u0107 Nie czy\u015bci\u0107 na sucho<\/p>\n<h2>Meyco Pieluchomajtki Gazowe 6-Pak Bia\u0142e 70X70Cm <\/h2>\n<p>basen dla dzieci warszawa, impreza halloween 2021 dla dzieci, kr\u00f3tkie zagadki logiczne, oryginalny prezent na roczek dla ch\u0142opca, podchwytliwe zagadki dla dzieci, rysowanki, lokomotywa kolorowanka, prezenty dla nastolatk\u00f3w 2021, quiz spos\u00f3b na alcybiadesa, miko\u0142ajek quiz<\/p>\n<p>yyyyy<\/p>\n<p>&nbsp;<\/p>\n","protected":false},"excerpt":{"rendered":"<p>Pieluszki mu\u015blinowe z Meyco to bawe\u0142niane \u015bciereczki o wymiarach 70 x 70 cm. Cudownie mi\u0119kkie i wygodne dla delikatnej sk\u00f3ry dziecka. \u015aciereczki dobrze wch\u0142aniaj\u0105 wilgo\u0107 i szybko schn\u0105. Mo\u017ce by\u0107 u\u017cywany jako zmywalna pieluszka, r\u0119cznik, \u015bciereczka do karmienia lub podk\u0142adka do przewijania. Szczeg\u00f3\u0142y produktu: Materia\u0142: 100% bawe\u0142na Wymiary: 70 x 70 cm Mo\u017cna pra\u0107 w [&hellip;]<\/p>\n","protected":false},"featured_media":3992,"comment_status":"closed","ping_status":"open","template":"","meta":[],"product_cat":[17],"product_tag":[676,749,858,588],"class_list":["post-3991","product","type-product","status-publish","has-post-thumbnail","hentry","product_cat-pieluchy","product_tag-bursztynek","product_tag-najlepsze-zarty-na-prima-aprilis","product_tag-podchwytliwe-zagadki","product_tag-wzruszajace-slowa-dla-przyjaciela"],"_links":{"self":[{"href":"http:\/\/klubmamgdynia.pl\/index.php\/wp-json\/wp\/v2\/product\/3991","targetHints":{"allow":["GET"]}}],"collection":[{"href":"http:\/\/klubmamgdynia.pl\/index.php\/wp-json\/wp\/v2\/product"}],"about":[{"href":"http:\/\/klubmamgdynia.pl\/index.php\/wp-json\/wp\/v2\/types\/product"}],"replies":[{"embeddable":true,"href":"http:\/\/klubmamgdynia.pl\/index.php\/wp-json\/wp\/v2\/comments?post=3991"}],"wp:featuredmedia":[{"embeddable":true,"href":"http:\/\/klubmamgdynia.pl\/index.php\/wp-json\/wp\/v2\/media\/3992"}],"wp:attachment":[{"href":"http:\/\/klubmamgdynia.pl\/index.php\/wp-json\/wp\/v2\/media?parent=3991"}],"wp:term":[{"taxonomy":"product_cat","embeddable":true,"href":"http:\/\/klubmamgdynia.pl\/index.php\/wp-json\/wp\/v2\/product_cat?post=3991"},{"taxonomy":"product_tag","embeddable":true,"href":"http:\/\/klubmamgdynia.pl\/index.php\/wp-json\/wp\/v2\/product_tag?post=3991"}],"curies":[{"name":"wp","href":"https:\/\/api.w.org\/{rel}","templated":true}]}}