{"id":3993,"date":"2024-07-13T11:35:59","date_gmt":"2024-07-13T09:35:59","guid":{"rendered":"http:\/\/klubmamgdynia.pl\/?post_type=product&#038;p=3993"},"modified":"2026-04-30T16:02:32","modified_gmt":"2026-04-30T14:02:32","slug":"babybjorn-talerzyki-ze-sztuccami-powder-yellow","status":"publish","type":"product","link":"http:\/\/klubmamgdynia.pl\/index.php\/produkt\/babybjorn-talerzyki-ze-sztuccami-powder-yellow\/","title":{"rendered":"Babybjorn Talerzyki Ze Sztu\u0107cami Powder Yellow"},"content":{"rendered":"<p>Pomys\u0142owe dzieci\u0119ce talerzyki i sztu\u0107ce, kt\u00f3re u\u0142atwiaj\u0105 samodzielne jedzenieTalerzyk, \u0142y\u017ceczka i widelczyk nale\u017c\u0105ce do zestawu zosta\u0142y zaprojektowane specjalnie dla ma\u0142ych r\u0105czek, dzi\u0119ki czemu Twojemu dziecku \u0142atwiej b\u0119dzie samodzielnie je\u015b\u0107. Stabilny talerzyk ma kszta\u0142t koniczynki, by nabieranie pokarmu na sztu\u0107ce sta\u0142o si\u0119 prostsze. \u0141y\u017ceczka i widelczyk z kr\u00f3tkimi, grubymi trzonkami s\u0105 dopasowane do dzieci\u0119cych r\u0105czek. Zestaw jest dost\u0119pny w kilku uroczych kolorach, kt\u00f3re wsp\u00f3\u0142graj\u0105 z nowoczesnymi wn\u0119trzami. Sztu\u0107ce i naczynia s\u0105 przeznaczone dla dzieci powy\u017cej czwartego miesi\u0105ca. Cechy produktu: Stabilny talerzyk, kt\u00f3ry ci\u0119\u017cko wywr\u00f3ci\u0107 Talerzyk zaprojektowano tak, by dziecku trudno by\u0142o chwyci\u0107 za jego kraw\u0119dzie i przewr\u00f3ci\u0107 go. Gumowe wyko\u0144czenie od spodu utrzymuje naczynie na swoim miejscu.\u0141y\u017ceczka i widelczyk \u2013 wygodne dla ma\u0142ych r\u0105czek Sztu\u0107ce z kr\u00f3tkimi, grubymi trzonkami s\u0105 idealne dla ma\u0142ych dzieci. Pier\u015bcie\u0144 na trzonku zapobiega przesuwaniu r\u0105czki malucha w kierunku jedzenia. Ponadto w trzonkach od spodu znajduje si\u0119 wy\u017c\u0142obienie, dzi\u0119ki kt\u00f3remu sztu\u0107ce nie zsuwaj\u0105 si\u0119 na dno talerzyka.Talerzyk o kszta\u0142cie u\u0142atwiaj\u0105cym samodzielne jedzenie Talerzyk ma kszta\u0142t koniczynki, by dziecku \u0142atwiej by\u0142o nabiera\u0107 pokarm na sztu\u0107ce.Proste czyszczenie Zar\u00f3wno talerzyki, jak i sztu\u0107ce mo\u017cna zmywa\u0107 w zmywarce. Wewn\u0119trzn\u0105 cz\u0119\u015b\u0107 talerzyka mo\u017cna wyj\u0105\u0107, dzi\u0119ki czemu \u0142atwiej b\u0119dzie go umy\u0107.Wyprodukowane w Szwecji tworzywo nie zawiera Bisfenolu A (BPA) Wszystkie elementy zestawu zosta\u0142y wykonane z plastiku, kt\u00f3ry nie zawiera Bisfenolu A (BPA), PVC, ftalan\u00f3w, kadmu, o\u0142owiu ani chloru. Jak mo\u017cna si\u0119 spodziewa\u0107, u\u017cywamy wy\u0142\u0105cznie tworzyw przeznaczonych do kontaktu z \u017cywno\u015bci\u0105, co po\u015bwiadcza odpowiedni certyfikat. Nadaj\u0105 si\u0119 do ponownego przetworzenia Dlaczego warto wybra\u0107 naczynia i sztu\u0107ce BABYBJ\u00d6RNBABYBJ\u00d6RN zawsze stawia bezpiecze\u0144stwo dzieci na pierwszym miejscu! Gdy kupujesz naczynia i sztu\u0107ce BABYBJ\u00d6RN, mo\u017cesz by\u0107 pewien, \u017ce materia\u0142y, z kt\u00f3rych je wykonano, s\u0105 stale poddawane rygorystycznym testom na obecno\u015b\u0107 Bisfenolu A (BPA) i innych szkodliwych substancji, a tak\u017ce s\u0105 certyfikowane jako przeznaczone do kontaktu z \u017cywno\u015bci\u0105. Produkty BABYBJORN \u0142atwo si\u0119 czy\u015bci i s\u0105 praktyczne w u\u017cyciu.Talerzyki ze sztu\u0107cami BABYBJ\u00d6RN to wspania\u0142y prezent dla najm\u0142odszych go\u015bci przy stole. Solidny talerzyk, \u0142y\u017ceczka i widelczyk z trzonkami u\u0142atwiaj\u0105cymi trzymanie sprawiaj\u0105, \u017ce posi\u0142ki kojarz\u0105 si\u0119 z rado\u015bci\u0105, a nie z ba\u0142aganem. Naczynia i sztu\u0107ce zosta\u0142y wyprodukowane w Szwecji i s\u0105 przeznaczone do kontaktu z \u017cywno\u015bci\u0105, co po\u015bwiadcza odpowiedni certyfikat. Mo\u017cna my\u0107 w zmywarce. Specyfikacja: Wiek: 4 miesi\u0105ce +Waga i wymiary: Talerzyk: 19,5 x 19,5 x 3,5 cm Sztu\u0107ce: 20 g \/ 3,5 x 12 x 2 cmMateria\u0142y: \u0141y\u017ceczka, widelczyk i zewn\u0119trzna cz\u0119\u015b\u0107 talerzyka wykonane s\u0105 z polipropylenu (PP) i elastomer\u00f3w termoplastycznych (TPE). Wewn\u0119trzna cz\u0119\u015b\u0107 talerzyka (kt\u00f3r\u0105 mo\u017cna wyj\u0105\u0107) jest wykonana z terpolimeru akrylonitrylo-butadieno-styrenowego (ABS).Konserwacja i czyszczenie: Talerzyki i sztu\u0107ce mo\u017cna zmywa\u0107 w zmywarce. Aby dok\u0142adnie umy\u0107 talerzyk, wystarczy wyj\u0105\u0107 jego wewn\u0119trzn\u0105 cz\u0119\u015b\u0107.Zestaw zapakowany jest w eleganckie pude\u0142ko &#8211; idealny na prezent!<\/p>\n<h2>Babybjorn Talerzyki Ze Sztu\u0107cami Powder Yellow BabyBjorn<\/h2>\n<p>znajd\u017a r\u00f3\u017cnice do druku, prezent roczek dziewczynka, prezent dla 16 latki, wzruszajace cytaty o rodzinie, wroc\u0142aw dla dzieci, lucjan, zemsta quizy<\/p>\n<p>yyyyy<\/p>\n<p>&nbsp;<\/p>\n","protected":false},"excerpt":{"rendered":"<p>Pomys\u0142owe dzieci\u0119ce talerzyki i sztu\u0107ce, kt\u00f3re u\u0142atwiaj\u0105 samodzielne jedzenieTalerzyk, \u0142y\u017ceczka i widelczyk nale\u017c\u0105ce do zestawu zosta\u0142y zaprojektowane specjalnie dla ma\u0142ych r\u0105czek, dzi\u0119ki czemu Twojemu dziecku \u0142atwiej b\u0119dzie samodzielnie je\u015b\u0107. Stabilny talerzyk ma kszta\u0142t koniczynki, by nabieranie pokarmu na sztu\u0107ce sta\u0142o si\u0119 prostsze. \u0141y\u017ceczka i widelczyk z kr\u00f3tkimi, grubymi trzonkami s\u0105 dopasowane do dzieci\u0119cych r\u0105czek. Zestaw [&hellip;]<\/p>\n","protected":false},"featured_media":3994,"comment_status":"closed","ping_status":"open","template":"","meta":[],"product_cat":[1167,215],"product_tag":[598,832,768,657,842,798,661],"class_list":["post-3993","product","type-product","status-publish","has-post-thumbnail","hentry","product_cat-babybjorn","product_cat-naczynia-i-sztucce-dla-dzieci","product_tag-co-na-roczek-dla-dziewczynki","product_tag-desery-dla-dzieci","product_tag-krotkie-zagadki-logiczne","product_tag-lol-kolorowanka","product_tag-plac-zabaw-poznan","product_tag-prezenty-dla-nastolatki","product_tag-swinka-peppa-kolorowanka"],"_links":{"self":[{"href":"http:\/\/klubmamgdynia.pl\/index.php\/wp-json\/wp\/v2\/product\/3993","targetHints":{"allow":["GET"]}}],"collection":[{"href":"http:\/\/klubmamgdynia.pl\/index.php\/wp-json\/wp\/v2\/product"}],"about":[{"href":"http:\/\/klubmamgdynia.pl\/index.php\/wp-json\/wp\/v2\/types\/product"}],"replies":[{"embeddable":true,"href":"http:\/\/klubmamgdynia.pl\/index.php\/wp-json\/wp\/v2\/comments?post=3993"}],"wp:featuredmedia":[{"embeddable":true,"href":"http:\/\/klubmamgdynia.pl\/index.php\/wp-json\/wp\/v2\/media\/3994"}],"wp:attachment":[{"href":"http:\/\/klubmamgdynia.pl\/index.php\/wp-json\/wp\/v2\/media?parent=3993"}],"wp:term":[{"taxonomy":"product_cat","embeddable":true,"href":"http:\/\/klubmamgdynia.pl\/index.php\/wp-json\/wp\/v2\/product_cat?post=3993"},{"taxonomy":"product_tag","embeddable":true,"href":"http:\/\/klubmamgdynia.pl\/index.php\/wp-json\/wp\/v2\/product_tag?post=3993"}],"curies":[{"name":"wp","href":"https:\/\/api.w.org\/{rel}","templated":true}]}}