{"id":3999,"date":"2025-05-29T07:41:23","date_gmt":"2025-05-29T05:41:23","guid":{"rendered":"http:\/\/klubmamgdynia.pl\/?post_type=product&#038;p=3999"},"modified":"2026-04-30T23:55:50","modified_gmt":"2026-04-30T21:55:50","slug":"mimii-kulki-do-zabawy-o7cm-opalizujace-200-szt","status":"publish","type":"product","link":"http:\/\/klubmamgdynia.pl\/index.php\/produkt\/mimii-kulki-do-zabawy-o7cm-opalizujace-200-szt\/","title":{"rendered":"Mimii Kulki Do Zabawy \u00d87Cm Opalizuj\u0105ce 200 szt"},"content":{"rendered":"<p>Plastikowe pi\u0142eczki do suchego basenu i nie tylko! W\u0142a\u015bciwo\u015bci: wykonane z nietoksyczne materia\u0142u, bezpieczne dla dzieci bardzo elastyczne, nie ulegaj\u0105 odkszta\u0142ceniom posiadaj\u0105 certyfikat CE \u015brednica pi\u0142eczek : 7 cm idealnie nadaj\u0105 si\u0119 r\u00f3wnie\u017c do zabawy na trampolinie, w basenie z wod\u0105 oraz skutecznie umilaj\u0105 czas podczas k\u0105pieli w wannie Pole &#8222;Plik&#8221; Mo\u017cesz skorzysta\u0107 z pola &#8222;Plik&#8221; oraz za\u0142adowa\u0107 plik tekstowy lub graficzny, je\u015bli chcesz aby wewn\u0105trz paczki znajdowa\u0142a si\u0119 wydrukowana kartka z informacj\u0105. Mog\u0105 to by\u0107 \u017cyczenia lub informacja od kogo jest to prezent. Decyzj\u0119 zostawiamy Tobie! (Za\u0142\u0105czanie plik\u00f3w nie jest obowi\u0105zkowe) Robimy krok w stron\u0119 ekologii! Produkty pakujemy pr\u00f3\u017cniowo, redukujemy dzi\u0119ki temu wielko\u015b\u0107 paczek, a to z kolei bezpo\u015brednio przek\u0142ada si\u0119 na wiele korzy\u015bci. Dzi\u0119ki zmniejszaniu wymiar\u00f3w paczek, zredukowali\u015bmy r\u00f3wnie\u017c ilo\u015b\u0107 ci\u0119\u017car\u00f3wek potrzebnych do ich przewiezienia. Do jednej dziennie! Wszystkie kroki, kt\u00f3re podj\u0119li\u015bmy przek\u0142adaj\u0105 si\u0119 na mniejsze spalanie paliwa oraz mniejsze zanieczyszczanie \u015brodowiska. Uwaga! Kolory przedmiot\u00f3w na zdj\u0119ciach mog\u0105 nieznacznie r\u00f3\u017cni\u0107 si\u0119 od rzeczywistych ze wzgl\u0119du na r\u00f3\u017cne ustawienia komputera i monitora.<\/p>\n<h2>Mimii Kulki Do Zabawy \u00d87Cm Opalizuj\u0105ce 200 szt Mimii<\/h2>\n<p>gry ruchowe dla dzieci, zagadki dla dzieci 14 lat, kolorowanki na dzie\u0144 niepodleg\u0142o\u015bci do wydruku, quizy psi patrol, pokemony do druku, 1 listopada dzie\u0144 wszystkich \u015bwi\u0119tych kolorowanki, dyplom do druku, kolorowanki do druku zwierz\u0119ta, testy z zemsty, kr\u00f3tkie bajki na dobranoc do czytania, nietypowe imiona \u017ce\u0144skie, linda, mi\u0142osz imi\u0119, maski do wydruku, test magiczne drzewo czerwone krzes\u0142o, upominek dla nastolatk\u00f3w, karty pracy dla dzieci z ukrainy pdf, sentencje o przyja\u017ani, co \u0142apie ale nie rzuca, historia pluszowego misia dla dzieci, kuku\u0142eczka kuka tekst<\/p>\n<p>yyyyy<\/p>\n<p>&nbsp;<\/p>\n","protected":false},"excerpt":{"rendered":"<p>Plastikowe pi\u0142eczki do suchego basenu i nie tylko! W\u0142a\u015bciwo\u015bci: wykonane z nietoksyczne materia\u0142u, bezpieczne dla dzieci bardzo elastyczne, nie ulegaj\u0105 odkszta\u0142ceniom posiadaj\u0105 certyfikat CE \u015brednica pi\u0142eczek : 7 cm idealnie nadaj\u0105 si\u0119 r\u00f3wnie\u017c do zabawy na trampolinie, w basenie z wod\u0105 oraz skutecznie umilaj\u0105 czas podczas k\u0105pieli w wannie Pole &#8222;Plik&#8221; Mo\u017cesz skorzysta\u0107 z pola [&hellip;]<\/p>\n","protected":false},"featured_media":4000,"comment_status":"closed","ping_status":"open","template":"","meta":[],"product_cat":[1170,293],"product_tag":[654,630,595],"class_list":["post-3999","product","type-product","status-publish","has-post-thumbnail","hentry","product_cat-mimii","product_cat-pilki-dla-dzieci","product_tag-krotkie-bajki-dla-dzieci-do-czytania","product_tag-podchwytliwe-zagadki-z-odpowiedziami","product_tag-zagadki-dla-6-latka"],"_links":{"self":[{"href":"http:\/\/klubmamgdynia.pl\/index.php\/wp-json\/wp\/v2\/product\/3999","targetHints":{"allow":["GET"]}}],"collection":[{"href":"http:\/\/klubmamgdynia.pl\/index.php\/wp-json\/wp\/v2\/product"}],"about":[{"href":"http:\/\/klubmamgdynia.pl\/index.php\/wp-json\/wp\/v2\/types\/product"}],"replies":[{"embeddable":true,"href":"http:\/\/klubmamgdynia.pl\/index.php\/wp-json\/wp\/v2\/comments?post=3999"}],"wp:featuredmedia":[{"embeddable":true,"href":"http:\/\/klubmamgdynia.pl\/index.php\/wp-json\/wp\/v2\/media\/4000"}],"wp:attachment":[{"href":"http:\/\/klubmamgdynia.pl\/index.php\/wp-json\/wp\/v2\/media?parent=3999"}],"wp:term":[{"taxonomy":"product_cat","embeddable":true,"href":"http:\/\/klubmamgdynia.pl\/index.php\/wp-json\/wp\/v2\/product_cat?post=3999"},{"taxonomy":"product_tag","embeddable":true,"href":"http:\/\/klubmamgdynia.pl\/index.php\/wp-json\/wp\/v2\/product_tag?post=3999"}],"curies":[{"name":"wp","href":"https:\/\/api.w.org\/{rel}","templated":true}]}}