{"id":40,"date":"2016-01-12T05:25:12","date_gmt":"2016-01-12T04:25:12","guid":{"rendered":"http:\/\/klubmamgdynia.pl\/index.php\/produkt\/bella-panda-podklady-do-przewijania-60cmx60cm-10szt\/"},"modified":"2026-05-17T22:01:01","modified_gmt":"2026-05-17T20:01:01","slug":"bella-panda-podklady-do-przewijania-60cmx60cm-10szt","status":"publish","type":"product","link":"http:\/\/klubmamgdynia.pl\/index.php\/produkt\/bella-panda-podklady-do-przewijania-60cmx60cm-10szt\/","title":{"rendered":"Bella Panda Podk\u0142ady Do Przewijania 60cmx60cm 10szt."},"content":{"rendered":"<p>Podk\u0142ady do przewijania Bella Panda 60cmx60cm, 10 szt. Podk\u0142ady Panda stanowi\u0105 doskona\u0142\u0105 ochron\u0119 przy zmianie pieluszki. Podk\u0142ad jest bardzo mi\u0119kki i delikatny w dotyku. Od zewn\u0105trz pokryty jest kolorow\u0105 ceratk\u0105. Polecany r\u00f3wnie\u017c do ochrony materaca w dzieci\u0119cym \u0142\u00f3\u017ceczku. Opakowanie: 10 sztuk<\/p>\n<h2>Bella Panda Podk\u0142ady Do Przewijania 60cmx60cm 10szt. Bella<\/h2>\n<p>kwiatek kwiaty do druku szablony, kolorowanki lego ninjago, rzadkie imiona, andrea, sentencje o rodzinie, mapa europy do druku, prezent dla 7 letniej dziewczynki, gdzie strumyk p\u0142ynie z wolna tekst, halszka, \u015bwinka peppa bajka do czytania, quiz o ro\u015blinach, zagadki z odpowiedziami dla dzieci, prezenty dla 15 latki, maska batmana do druku, dobre zagadki logiczne, imi\u0119 r\u00f3\u017ca, prezent dla jedenastolatka<\/p>\n<p>yyyyy<\/p>\n<p>&nbsp;<\/p>\n","protected":false},"excerpt":{"rendered":"<p>Podk\u0142ady do przewijania Bella Panda 60cmx60cm, 10 szt. Podk\u0142ady Panda stanowi\u0105 doskona\u0142\u0105 ochron\u0119 przy zmianie pieluszki. Podk\u0142ad jest bardzo mi\u0119kki i delikatny w dotyku. Od zewn\u0105trz pokryty jest kolorow\u0105 ceratk\u0105. Polecany r\u00f3wnie\u017c do ochrony materaca w dzieci\u0119cym \u0142\u00f3\u017ceczku. Opakowanie: 10 sztuk Bella Panda Podk\u0142ady Do Przewijania 60cmx60cm 10szt. Bella kwiatek kwiaty do druku szablony, kolorowanki [&hellip;]<\/p>\n","protected":false},"featured_media":41,"comment_status":"closed","ping_status":"open","template":"","meta":[],"product_cat":[35,17],"product_tag":[598,680,659,724,694],"class_list":["post-40","product","type-product","status-publish","has-post-thumbnail","hentry","product_cat-bella","product_cat-pieluchy","product_tag-co-na-roczek-dla-dziewczynki","product_tag-cytaty-z-malego-ksiecia","product_tag-tupu-tup-po-sniegu-tekst","product_tag-zagadki-podchwytliwe","product_tag-zagadki-swiateczne-dla-dzieci"],"_links":{"self":[{"href":"http:\/\/klubmamgdynia.pl\/index.php\/wp-json\/wp\/v2\/product\/40","targetHints":{"allow":["GET"]}}],"collection":[{"href":"http:\/\/klubmamgdynia.pl\/index.php\/wp-json\/wp\/v2\/product"}],"about":[{"href":"http:\/\/klubmamgdynia.pl\/index.php\/wp-json\/wp\/v2\/types\/product"}],"replies":[{"embeddable":true,"href":"http:\/\/klubmamgdynia.pl\/index.php\/wp-json\/wp\/v2\/comments?post=40"}],"wp:featuredmedia":[{"embeddable":true,"href":"http:\/\/klubmamgdynia.pl\/index.php\/wp-json\/wp\/v2\/media\/41"}],"wp:attachment":[{"href":"http:\/\/klubmamgdynia.pl\/index.php\/wp-json\/wp\/v2\/media?parent=40"}],"wp:term":[{"taxonomy":"product_cat","embeddable":true,"href":"http:\/\/klubmamgdynia.pl\/index.php\/wp-json\/wp\/v2\/product_cat?post=40"},{"taxonomy":"product_tag","embeddable":true,"href":"http:\/\/klubmamgdynia.pl\/index.php\/wp-json\/wp\/v2\/product_tag?post=40"}],"curies":[{"name":"wp","href":"https:\/\/api.w.org\/{rel}","templated":true}]}}