{"id":4003,"date":"2014-08-04T08:38:56","date_gmt":"2014-08-04T06:38:56","guid":{"rendered":"http:\/\/klubmamgdynia.pl\/index.php\/produkt\/mimii-kulki-do-zabawy-o7cm-fioletowe-500-szt\/"},"modified":"2026-04-06T01:23:20","modified_gmt":"2026-04-05T23:23:20","slug":"mimii-kulki-do-zabawy-o7cm-fioletowe-500-szt","status":"publish","type":"product","link":"http:\/\/klubmamgdynia.pl\/index.php\/produkt\/mimii-kulki-do-zabawy-o7cm-fioletowe-500-szt\/","title":{"rendered":"Mimii Kulki Do Zabawy \u00d87Cm Fioletowe 500 szt"},"content":{"rendered":"<p>Plastikowe pi\u0142eczki do suchego basenu i nie tylko! W\u0142a\u015bciwo\u015bci: wykonane z nietoksyczne materia\u0142u, bezpieczne dla dzieci bardzo elastyczne, nie ulegaj\u0105 odkszta\u0142ceniom posiadaj\u0105 certyfikat CE \u015brednica pi\u0142eczek : 7 cm idealnie nadaj\u0105 si\u0119 r\u00f3wnie\u017c do zabawy na trampolinie, w basenie z wod\u0105 oraz skutecznie umilaj\u0105 czas podczas k\u0105pieli w wannie Pole &#8222;Plik&#8221; Mo\u017cesz skorzysta\u0107 z pola &#8222;Plik&#8221; oraz za\u0142adowa\u0107 plik tekstowy lub graficzny, je\u015bli chcesz aby wewn\u0105trz paczki znajdowa\u0142a si\u0119 wydrukowana kartka z informacj\u0105. Mog\u0105 to by\u0107 \u017cyczenia lub informacja od kogo jest to prezent. Decyzj\u0119 zostawiamy Tobie! (Za\u0142\u0105czanie plik\u00f3w nie jest obowi\u0105zkowe) Robimy krok w stron\u0119 ekologii! Produkty pakujemy pr\u00f3\u017cniowo, redukujemy dzi\u0119ki temu wielko\u015b\u0107 paczek, a to z kolei bezpo\u015brednio przek\u0142ada si\u0119 na wiele korzy\u015bci. Dzi\u0119ki zmniejszaniu wymiar\u00f3w paczek, zredukowali\u015bmy r\u00f3wnie\u017c ilo\u015b\u0107 ci\u0119\u017car\u00f3wek potrzebnych do ich przewiezienia. Do jednej dziennie! Wszystkie kroki, kt\u00f3re podj\u0119li\u015bmy przek\u0142adaj\u0105 si\u0119 na mniejsze spalanie paliwa oraz mniejsze zanieczyszczanie \u015brodowiska. Uwaga! Kolory przedmiot\u00f3w na zdj\u0119ciach mog\u0105 nieznacznie r\u00f3\u017cni\u0107 si\u0119 od rzeczywistych ze wzgl\u0119du na r\u00f3\u017cne ustawienia komputera i monitora.<\/p>\n<h2>Mimii Kulki Do Zabawy \u00d87Cm Fioletowe 500 szt Mimii<\/h2>\n<p>prezenty na urodziny dla nastolatk\u00f3w, zosia samosia, mira imie, zagadki matematyczne dla dzieci, szlaczki, pola imi\u0119, kr\u00f3tkie zagadki, ferie warszawa 2022, ma\u0142y ksi\u0105\u017c\u0119 cytaty, cyferki do druku, prezenty dla nastolatk\u00f3w, zaproszenia na urodziny do wydruku czarno bia\u0142e, mini kanapki dla dzieci, nadia, leonardo imi\u0119, mini zoo \u015bl\u0105sk, beniamin imi\u0119, pozna\u0144 atrakcje dla dzieci, roczek prezent, m\u0105dre cytaty dla dzieci<\/p>\n<p>yyyyy<\/p>\n<p>&nbsp;<\/p>\n","protected":false},"excerpt":{"rendered":"<p>Plastikowe pi\u0142eczki do suchego basenu i nie tylko! W\u0142a\u015bciwo\u015bci: wykonane z nietoksyczne materia\u0142u, bezpieczne dla dzieci bardzo elastyczne, nie ulegaj\u0105 odkszta\u0142ceniom posiadaj\u0105 certyfikat CE \u015brednica pi\u0142eczek : 7 cm idealnie nadaj\u0105 si\u0119 r\u00f3wnie\u017c do zabawy na trampolinie, w basenie z wod\u0105 oraz skutecznie umilaj\u0105 czas podczas k\u0105pieli w wannie Pole &#8222;Plik&#8221; Mo\u017cesz skorzysta\u0107 z pola [&hellip;]<\/p>\n","protected":false},"featured_media":4004,"comment_status":"closed","ping_status":"open","template":"","meta":[],"product_cat":[1170,293],"product_tag":[766,688,799,791],"class_list":["post-4003","product","type-product","status-publish","has-post-thumbnail","hentry","product_cat-mimii","product_cat-pilki-dla-dzieci","product_tag-kira","product_tag-kolysanki-tekst","product_tag-zagadka-logiczna","product_tag-zagadki-na-myslenie"],"_links":{"self":[{"href":"http:\/\/klubmamgdynia.pl\/index.php\/wp-json\/wp\/v2\/product\/4003","targetHints":{"allow":["GET"]}}],"collection":[{"href":"http:\/\/klubmamgdynia.pl\/index.php\/wp-json\/wp\/v2\/product"}],"about":[{"href":"http:\/\/klubmamgdynia.pl\/index.php\/wp-json\/wp\/v2\/types\/product"}],"replies":[{"embeddable":true,"href":"http:\/\/klubmamgdynia.pl\/index.php\/wp-json\/wp\/v2\/comments?post=4003"}],"wp:featuredmedia":[{"embeddable":true,"href":"http:\/\/klubmamgdynia.pl\/index.php\/wp-json\/wp\/v2\/media\/4004"}],"wp:attachment":[{"href":"http:\/\/klubmamgdynia.pl\/index.php\/wp-json\/wp\/v2\/media?parent=4003"}],"wp:term":[{"taxonomy":"product_cat","embeddable":true,"href":"http:\/\/klubmamgdynia.pl\/index.php\/wp-json\/wp\/v2\/product_cat?post=4003"},{"taxonomy":"product_tag","embeddable":true,"href":"http:\/\/klubmamgdynia.pl\/index.php\/wp-json\/wp\/v2\/product_tag?post=4003"}],"curies":[{"name":"wp","href":"https:\/\/api.w.org\/{rel}","templated":true}]}}