{"id":4005,"date":"2021-12-18T00:02:43","date_gmt":"2021-12-17T23:02:43","guid":{"rendered":"http:\/\/klubmamgdynia.pl\/index.php\/produkt\/vimse-zestaw-startowy-pieluchy-tekstylne-w-jednym-rozmiarze\/"},"modified":"2026-04-24T14:56:18","modified_gmt":"2026-04-24T12:56:18","slug":"vimse-zestaw-startowy-pieluchy-tekstylne-w-jednym-rozmiarze","status":"publish","type":"product","link":"http:\/\/klubmamgdynia.pl\/index.php\/produkt\/vimse-zestaw-startowy-pieluchy-tekstylne-w-jednym-rozmiarze\/","title":{"rendered":"Vimse Zestaw Startowy Pieluchy Tekstylne W Jednym Rozmiarze"},"content":{"rendered":"<p>Wzorzyste pieluszki, kt\u00f3re rosn\u0105 razem z dzieckiem Zestaw startowy firmy Vimse zawiera wzorzyste pieluchy tekstylne. Dzi\u0119ki mi\u0119kkim zapi\u0119ciom na rzepy i guzikom regulacyjnym pieluchy idealnie dopasowuj\u0105 si\u0119 do cia\u0142a dziecka i &#8222;rosn\u0105&#8221; razem z nim. Pieluszki w jednym rozmiarze sk\u0142adaj\u0105 si\u0119 z dwucz\u0119\u015bciowego systemu (all-in-two): wodoodpornego pokrowca na pieluch\u0119 i dw\u00f3ch wymiennych wk\u0142adek. Przy wadze dziecka mniejszej ni\u017c 8 kg wystarcza mniejsza wk\u0142adka, w przeciwnym razie du\u017ce i ma\u0142e mo\u017cna \u0142\u0105czy\u0107 ze sob\u0105. Zawarto\u015b\u0107: Spodenki pieluchy: sk\u0142adaj\u0105 si\u0119 z dw\u00f3ch warstw laminatu poliuretanowego (PUL) i s\u0105 wodoodporne. Wk\u0142adki: 8 ma\u0142ych i 8 du\u017cych wk\u0142adek wykonanych ze 100% bawe\u0142ny. Wyprodukowano na \u0141otwie.<\/p>\n<h2>Vimse Zestaw Startowy Pieluchy Tekstylne W Jednym Rozmiarze <\/h2>\n<p>lukrecja imie, zagadki zagadki, w zieleni \u0142\u0105ka majowa tekst, opis rodzina, nowe quizy do rozwi\u0105zania, pomys\u0142y na pakowanie prezent\u00f3w, psi patrol do druku, zagadki logiczne trudne, kotki kolorowanka, atrakcje wroc\u0142aw i okolice<\/p>\n<p>yyyyy<\/p>\n<p>&nbsp;<\/p>\n","protected":false},"excerpt":{"rendered":"<p>Wzorzyste pieluszki, kt\u00f3re rosn\u0105 razem z dzieckiem Zestaw startowy firmy Vimse zawiera wzorzyste pieluchy tekstylne. Dzi\u0119ki mi\u0119kkim zapi\u0119ciom na rzepy i guzikom regulacyjnym pieluchy idealnie dopasowuj\u0105 si\u0119 do cia\u0142a dziecka i &#8222;rosn\u0105&#8221; razem z nim. Pieluszki w jednym rozmiarze sk\u0142adaj\u0105 si\u0119 z dwucz\u0119\u015bciowego systemu (all-in-two): wodoodpornego pokrowca na pieluch\u0119 i dw\u00f3ch wymiennych wk\u0142adek. Przy wadze [&hellip;]<\/p>\n","protected":false},"featured_media":4006,"comment_status":"closed","ping_status":"open","template":"","meta":[],"product_cat":[17],"product_tag":[660,781,735,737,721],"class_list":["post-4005","product","type-product","status-publish","has-post-thumbnail","hentry","product_cat-pieluchy","product_tag-bianka","product_tag-cytaty-o-wychowaniu-dzieci","product_tag-prezent-na-roczek-dziewczynka","product_tag-test-z-lektury-felix-net-i-nika-oraz-gang-niewidzialnych-ludzi","product_tag-zagadki-matematyczne"],"_links":{"self":[{"href":"http:\/\/klubmamgdynia.pl\/index.php\/wp-json\/wp\/v2\/product\/4005","targetHints":{"allow":["GET"]}}],"collection":[{"href":"http:\/\/klubmamgdynia.pl\/index.php\/wp-json\/wp\/v2\/product"}],"about":[{"href":"http:\/\/klubmamgdynia.pl\/index.php\/wp-json\/wp\/v2\/types\/product"}],"replies":[{"embeddable":true,"href":"http:\/\/klubmamgdynia.pl\/index.php\/wp-json\/wp\/v2\/comments?post=4005"}],"wp:featuredmedia":[{"embeddable":true,"href":"http:\/\/klubmamgdynia.pl\/index.php\/wp-json\/wp\/v2\/media\/4006"}],"wp:attachment":[{"href":"http:\/\/klubmamgdynia.pl\/index.php\/wp-json\/wp\/v2\/media?parent=4005"}],"wp:term":[{"taxonomy":"product_cat","embeddable":true,"href":"http:\/\/klubmamgdynia.pl\/index.php\/wp-json\/wp\/v2\/product_cat?post=4005"},{"taxonomy":"product_tag","embeddable":true,"href":"http:\/\/klubmamgdynia.pl\/index.php\/wp-json\/wp\/v2\/product_tag?post=4005"}],"curies":[{"name":"wp","href":"https:\/\/api.w.org\/{rel}","templated":true}]}}