{"id":4007,"date":"2011-11-24T02:20:57","date_gmt":"2011-11-24T01:20:57","guid":{"rendered":"http:\/\/klubmamgdynia.pl\/index.php\/produkt\/little-pieluchy-gazowe-3-pak-forest-off-white-80x80cm\/"},"modified":"2026-04-23T16:04:29","modified_gmt":"2026-04-23T14:04:29","slug":"little-pieluchy-gazowe-3-pak-forest-off-white-80x80cm","status":"publish","type":"product","link":"http:\/\/klubmamgdynia.pl\/index.php\/produkt\/little-pieluchy-gazowe-3-pak-forest-off-white-80x80cm\/","title":{"rendered":"Little Pieluchy Gazowe 3-Pak Forest Off White &#8211; 80X80Cm"},"content":{"rendered":"<p>Pi\u0119kne pieluszki z gazy wykonane z bawe\u0142ny organicznej s\u0105 uniwersalne. Mo\u017cna ich u\u017cywa\u0107 do osuszania po B aden , jako ochrony przeciws\u0142onecznej, kocyka, r\u0119cznika, \u015bciereczki do karmienia lub jako \u015bliniaka. Szczeg\u00f3\u0142y produktu: Materia\u0142: 100 % bawe\u0142na organiczna Mo\u017cna pra\u0107 w temperaturze do 60 \u00b0C Wymiary: 80 x 80cm<\/p>\n<h2>Little Pieluchy Gazowe 3-Pak Forest Off White &#8211; 80X80Cm Little<\/h2>\n<p>eneduerabe, szlaczki dla dzieci do druku, najtrudniejsze zagadki, ch\u0142opcy z placu broni &#8211; test, karnawa\u0142 maska karnawa\u0142owa szablon, quiz o psie kt\u00f3ry je\u017adzi\u0142 kolej\u0105, test ch\u0142opcy z placu broni klasa 5<\/p>\n<p>yyyyy<\/p>\n<p>&nbsp;<\/p>\n","protected":false},"excerpt":{"rendered":"<p>Pi\u0119kne pieluszki z gazy wykonane z bawe\u0142ny organicznej s\u0105 uniwersalne. Mo\u017cna ich u\u017cywa\u0107 do osuszania po B aden , jako ochrony przeciws\u0142onecznej, kocyka, r\u0119cznika, \u015bciereczki do karmienia lub jako \u015bliniaka. Szczeg\u00f3\u0142y produktu: Materia\u0142: 100 % bawe\u0142na organiczna Mo\u017cna pra\u0107 w temperaturze do 60 \u00b0C Wymiary: 80 x 80cm Little Pieluchy Gazowe 3-Pak Forest Off White [&hellip;]<\/p>\n","protected":false},"featured_media":4008,"comment_status":"closed","ping_status":"open","template":"","meta":[],"product_cat":[1101,17],"product_tag":[834,758,583,830,607],"class_list":["post-4007","product","type-product","status-publish","has-post-thumbnail","hentry","product_cat-little","product_cat-pieluchy","product_tag-bajka-do-czytania-na-dobranoc","product_tag-julian","product_tag-kolysanki-dla-dzieci-tekst","product_tag-rodzina-cytaty","product_tag-zarty-na-prima-aprilis-dla-rodzicow"],"_links":{"self":[{"href":"http:\/\/klubmamgdynia.pl\/index.php\/wp-json\/wp\/v2\/product\/4007","targetHints":{"allow":["GET"]}}],"collection":[{"href":"http:\/\/klubmamgdynia.pl\/index.php\/wp-json\/wp\/v2\/product"}],"about":[{"href":"http:\/\/klubmamgdynia.pl\/index.php\/wp-json\/wp\/v2\/types\/product"}],"replies":[{"embeddable":true,"href":"http:\/\/klubmamgdynia.pl\/index.php\/wp-json\/wp\/v2\/comments?post=4007"}],"wp:featuredmedia":[{"embeddable":true,"href":"http:\/\/klubmamgdynia.pl\/index.php\/wp-json\/wp\/v2\/media\/4008"}],"wp:attachment":[{"href":"http:\/\/klubmamgdynia.pl\/index.php\/wp-json\/wp\/v2\/media?parent=4007"}],"wp:term":[{"taxonomy":"product_cat","embeddable":true,"href":"http:\/\/klubmamgdynia.pl\/index.php\/wp-json\/wp\/v2\/product_cat?post=4007"},{"taxonomy":"product_tag","embeddable":true,"href":"http:\/\/klubmamgdynia.pl\/index.php\/wp-json\/wp\/v2\/product_tag?post=4007"}],"curies":[{"name":"wp","href":"https:\/\/api.w.org\/{rel}","templated":true}]}}