{"id":4009,"date":"2010-12-04T22:30:20","date_gmt":"2010-12-04T21:30:20","guid":{"rendered":"http:\/\/klubmamgdynia.pl\/index.php\/produkt\/lilatelier-lilatelier-pieluchomajtki-gazikowe-3-opakowania-nbnhojo-pebble-r-70x70cm\/"},"modified":"2026-04-30T11:27:28","modified_gmt":"2026-04-30T09:27:28","slug":"lilatelier-lilatelier-pieluchomajtki-gazikowe-3-opakowania-nbnhojo-pebble-r-70x70cm","status":"publish","type":"product","link":"http:\/\/klubmamgdynia.pl\/index.php\/produkt\/lilatelier-lilatelier-pieluchomajtki-gazikowe-3-opakowania-nbnhojo-pebble-r-70x70cm\/","title":{"rendered":"Lilatelier Lil&#8217;Atelier Pieluchomajtki Gazikowe 3 Opakowania Nbnhojo Pebble R. 70X70Cm"},"content":{"rendered":"<p>Szczeg\u00f3\u0142y produktu: Pieluchy z gazy w opakowaniu 3 szt. R\u00f3\u017cne kolory Oddychaj\u0105ca strona Absorbent Wszechstronne zastosowanie Wymiary i waga: Wymiary: 70 x 70 cm Waga: ok. 150 gr (\u0142\u0105cznie) Materia\u0142 i piel\u0119gnacja: Materia\u0142: 100% bawe\u0142na organiczna Mo\u017cna pra\u0107 w temperaturze do 60\u00b0C Nie nadaje si\u0119 do suszenia w suszarce b\u0119bnowej Nie wybiela\u0107 Nie czy\u015bci\u0107 na sucho \u017belazo umiarkowanie gor\u0105ce W zestawie: 3 x pieluszki mu\u015blinowe w pude\u0142ku upominkowym<\/p>\n<h2>Lilatelier LilAtelier Pieluchomajtki Gazikowe 3 Opakowania Nbnhojo Pebble R. 70X70Cm <\/h2>\n<p>jesienne piosenki dla dzieci, zadania dla dzieci z ukrainy, quiz o koniach, niespotykane imiona \u017ce\u0144skie, dyplom do druku, cytat na dzie\u0144 matki, prezent dla dziewczynki na roczek, niezapomniany prezent na roczek, spos\u00f3b na elfa test, bajki do czytania, zagadki o bajkach, gotowe zaproszenia na urodziny do wydrukowania, prezent dla nastolatka<\/p>\n<p>yyyyy<\/p>\n<p>&nbsp;<\/p>\n","protected":false},"excerpt":{"rendered":"<p>Szczeg\u00f3\u0142y produktu: Pieluchy z gazy w opakowaniu 3 szt. R\u00f3\u017cne kolory Oddychaj\u0105ca strona Absorbent Wszechstronne zastosowanie Wymiary i waga: Wymiary: 70 x 70 cm Waga: ok. 150 gr (\u0142\u0105cznie) Materia\u0142 i piel\u0119gnacja: Materia\u0142: 100% bawe\u0142na organiczna Mo\u017cna pra\u0107 w temperaturze do 60\u00b0C Nie nadaje si\u0119 do suszenia w suszarce b\u0119bnowej Nie wybiela\u0107 Nie czy\u015bci\u0107 na [&hellip;]<\/p>\n","protected":false},"featured_media":4010,"comment_status":"closed","ping_status":"open","template":"","meta":[],"product_cat":[17],"product_tag":[761,716,593,821,638,606],"class_list":["post-4009","product","type-product","status-publish","has-post-thumbnail","hentry","product_cat-pieluchy","product_tag-choinko-piekna-jak-las-tekst","product_tag-filmy-animowane-o-swietach","product_tag-jak-narysowac-konia","product_tag-marianna","product_tag-miastodzieci","product_tag-stala-pod-sniegiem"],"_links":{"self":[{"href":"http:\/\/klubmamgdynia.pl\/index.php\/wp-json\/wp\/v2\/product\/4009","targetHints":{"allow":["GET"]}}],"collection":[{"href":"http:\/\/klubmamgdynia.pl\/index.php\/wp-json\/wp\/v2\/product"}],"about":[{"href":"http:\/\/klubmamgdynia.pl\/index.php\/wp-json\/wp\/v2\/types\/product"}],"replies":[{"embeddable":true,"href":"http:\/\/klubmamgdynia.pl\/index.php\/wp-json\/wp\/v2\/comments?post=4009"}],"wp:featuredmedia":[{"embeddable":true,"href":"http:\/\/klubmamgdynia.pl\/index.php\/wp-json\/wp\/v2\/media\/4010"}],"wp:attachment":[{"href":"http:\/\/klubmamgdynia.pl\/index.php\/wp-json\/wp\/v2\/media?parent=4009"}],"wp:term":[{"taxonomy":"product_cat","embeddable":true,"href":"http:\/\/klubmamgdynia.pl\/index.php\/wp-json\/wp\/v2\/product_cat?post=4009"},{"taxonomy":"product_tag","embeddable":true,"href":"http:\/\/klubmamgdynia.pl\/index.php\/wp-json\/wp\/v2\/product_tag?post=4009"}],"curies":[{"name":"wp","href":"https:\/\/api.w.org\/{rel}","templated":true}]}}